{"id":843,"date":"2024-01-29T17:27:49","date_gmt":"2024-01-29T17:27:49","guid":{"rendered":"https:\/\/sculptureshome.com\/?post_type=product&#038;p=843"},"modified":"2024-01-29T17:28:12","modified_gmt":"2024-01-29T17:28:12","slug":"843","status":"publish","type":"product","link":"https:\/\/sculptureshome.com\/pt\/product\/843\/","title":{"rendered":"Globo de neve de resina de lembran\u00e7a 3D personalizado"},"content":{"rendered":"<div class=\"attribute-list\">\n<div class=\"attribute-item\">\n<div class=\"left\" data-spm-anchor-id=\"a2700.details.0.i87.4c5d15cfEmFd0T\">Tipo de produto: Globo de \u00e1gua e Globo de neve<\/div>\n<div class=\"right\">Tema: Globo de neve de lembran\u00e7a da It\u00e1lia<\/div>\n<\/div>\n<\/div>\n<div class=\"attribute-list\">\n<div class=\"attribute-item\">\n<div class=\"left\">Local de origem: Guangdong, China<\/div>\n<div class=\"right\">Material: Resina<\/div>\n<div>Estilo: Globo de neve de lembran\u00e7a da It\u00e1lia<\/div>\n<\/div>\n<div class=\"attribute-item\">\n<div class=\"left\">Uso: Lembran\u00e7a<\/div>\n<div class=\"right\">Recurso regional: China<\/div>\n<div>Forma: Aceita-se forma personalizada<\/div>\n<\/div>\n<div class=\"attribute-item\">\n<div class=\"left\"><\/div>\n<div class=\"right\"><\/div>\n<\/div>\n<div class=\"attribute-item\">\n<div class=\"left\"><\/div>\n<div class=\"right\">\n<p>&nbsp;<\/p>\n<\/div>\n<\/div>\n<\/div>","protected":false},"excerpt":{"rendered":"<p>Tipo de produto: Globo de \u00e1gua e globo de neve Tema: Globo de neve de lembran\u00e7a da It\u00e1lia Local de origem: Guangdong, China Material: Resina Estilo: Globo de neve de lembran\u00e7a da It\u00e1lia Uso: Lembran\u00e7a Caracter\u00edstica regional: Forma da China: Aceita-se forma personalizada &nbsp;<\/p>","protected":false},"featured_media":844,"comment_status":"open","ping_status":"closed","template":"","meta":[],"product_brand":[],"product_cat":[31],"product_tag":[],"class_list":{"0":"post-843","1":"product","2":"type-product","3":"status-publish","4":"has-post-thumbnail","6":"product_cat-crafts","8":"first","9":"instock","10":"shipping-taxable","11":"product-type-simple"},"_links":{"self":[{"href":"https:\/\/sculptureshome.com\/pt\/wp-json\/wp\/v2\/product\/843","targetHints":{"allow":["GET"]}}],"collection":[{"href":"https:\/\/sculptureshome.com\/pt\/wp-json\/wp\/v2\/product"}],"about":[{"href":"https:\/\/sculptureshome.com\/pt\/wp-json\/wp\/v2\/types\/product"}],"replies":[{"embeddable":true,"href":"https:\/\/sculptureshome.com\/pt\/wp-json\/wp\/v2\/comments?post=843"}],"version-history":[{"count":0,"href":"https:\/\/sculptureshome.com\/pt\/wp-json\/wp\/v2\/product\/843\/revisions"}],"wp:featuredmedia":[{"embeddable":true,"href":"https:\/\/sculptureshome.com\/pt\/wp-json\/wp\/v2\/media\/844"}],"wp:attachment":[{"href":"https:\/\/sculptureshome.com\/pt\/wp-json\/wp\/v2\/media?parent=843"}],"wp:term":[{"taxonomy":"product_brand","embeddable":true,"href":"https:\/\/sculptureshome.com\/pt\/wp-json\/wp\/v2\/product_brand?post=843"},{"taxonomy":"product_cat","embeddable":true,"href":"https:\/\/sculptureshome.com\/pt\/wp-json\/wp\/v2\/product_cat?post=843"},{"taxonomy":"product_tag","embeddable":true,"href":"https:\/\/sculptureshome.com\/pt\/wp-json\/wp\/v2\/product_tag?post=843"}],"curies":[{"name":"wp","href":"https:\/\/api.w.org\/{rel}","templated":true}]}}