{"id":832,"date":"2024-01-29T17:22:15","date_gmt":"2024-01-29T17:22:15","guid":{"rendered":"https:\/\/sculptureshome.com\/?post_type=product&#038;p=832"},"modified":"2024-01-29T17:22:15","modified_gmt":"2024-01-29T17:22:15","slug":"bobble-head-serie-esportiva-para-decoracao-e-lembranca","status":"publish","type":"product","link":"https:\/\/sculptureshome.com\/pt\/product\/bobble-head-sports-series-for-decoration-gifts-souvenir\/","title":{"rendered":"Bobble head S\u00e9rie esportiva para decora\u00e7\u00e3o e lembran\u00e7a"},"content":{"rendered":"<div class=\"attribute-item\">\n<div class=\"left\" data-spm-anchor-id=\"a2700.details.0.i83.2c3917ddhrVJRG\">Local de origem: China<\/div>\n<div class=\"right\">Material: Resina<\/div>\n<div>Estilo: Artificial<\/div>\n<\/div>\n<div class=\"attribute-item\">\n<div class=\"left\">Uso: Decora\u00e7\u00e3o e presente de Natal<\/div>\n<div class=\"right\">Recurso regional: Europa<\/div>\n<\/div>\n<div class=\"attribute-item\">\n<div class=\"left\">Artificial: bobble head<\/div>\n<div class=\"right\"><\/div>\n<\/div>","protected":false},"excerpt":{"rendered":"<p>Local de origem: China Material: Resina Estilo: Artificial Uso: Decora\u00e7\u00e3o de f\u00e9rias e presente Caracter\u00edstica regional: Europa Artificial: bobble head<\/p>","protected":false},"featured_media":833,"comment_status":"open","ping_status":"closed","template":"","meta":[],"product_brand":[],"product_cat":[31],"product_tag":[],"class_list":{"0":"post-832","1":"product","2":"type-product","3":"status-publish","4":"has-post-thumbnail","6":"product_cat-crafts","8":"first","9":"instock","10":"shipping-taxable","11":"product-type-simple"},"_links":{"self":[{"href":"https:\/\/sculptureshome.com\/pt\/wp-json\/wp\/v2\/product\/832","targetHints":{"allow":["GET"]}}],"collection":[{"href":"https:\/\/sculptureshome.com\/pt\/wp-json\/wp\/v2\/product"}],"about":[{"href":"https:\/\/sculptureshome.com\/pt\/wp-json\/wp\/v2\/types\/product"}],"replies":[{"embeddable":true,"href":"https:\/\/sculptureshome.com\/pt\/wp-json\/wp\/v2\/comments?post=832"}],"version-history":[{"count":0,"href":"https:\/\/sculptureshome.com\/pt\/wp-json\/wp\/v2\/product\/832\/revisions"}],"wp:featuredmedia":[{"embeddable":true,"href":"https:\/\/sculptureshome.com\/pt\/wp-json\/wp\/v2\/media\/833"}],"wp:attachment":[{"href":"https:\/\/sculptureshome.com\/pt\/wp-json\/wp\/v2\/media?parent=832"}],"wp:term":[{"taxonomy":"product_brand","embeddable":true,"href":"https:\/\/sculptureshome.com\/pt\/wp-json\/wp\/v2\/product_brand?post=832"},{"taxonomy":"product_cat","embeddable":true,"href":"https:\/\/sculptureshome.com\/pt\/wp-json\/wp\/v2\/product_cat?post=832"},{"taxonomy":"product_tag","embeddable":true,"href":"https:\/\/sculptureshome.com\/pt\/wp-json\/wp\/v2\/product_tag?post=832"}],"curies":[{"name":"wp","href":"https:\/\/api.w.org\/{rel}","templated":true}]}}