{"id":788,"date":"2024-01-29T16:15:11","date_gmt":"2024-01-29T16:15:11","guid":{"rendered":"https:\/\/sculptureshome.com\/?post_type=product&#038;p=788"},"modified":"2024-01-29T16:18:03","modified_gmt":"2024-01-29T16:18:03","slug":"788","status":"publish","type":"product","link":"https:\/\/sculptureshome.com\/pt\/product\/788\/","title":{"rendered":"Figura humana personalizada"},"content":{"rendered":"<div class=\"attribute-list\">\n<div class=\"attribute-item\">\n<div class=\"left\" data-spm-anchor-id=\"a2700.details.0.i93.7dc53e28OtBxaN\">Estilo: Brinquedo de desenho animado, brinquedo militar, brinquedo de modelo<\/div>\n<div class=\"right\">Material: PVC, Vinil, ABS<\/div>\n<\/div>\n<\/div>\n<div class=\"attribute-list\">\n<div class=\"attribute-item\">\n<div class=\"left\">Personagens: brinquedos para a fam\u00edlia<\/div>\n<div class=\"right\">Por Fonte de Anima\u00e7\u00e3o: Anima\u00e7\u00e3o Ocidental<\/div>\n<\/div>\n<div class=\"attribute-item\">\n<div class=\"left\">Tema: Fantasia e fic\u00e7\u00e3o cient\u00edfica<\/div>\n<\/div>\n<div class=\"attribute-item\">\n<div class=\"right\">N\u00famero do modelo: Figura de a\u00e7\u00e3o personalizada<\/div>\n<\/div>\n<div class=\"attribute-item\">\n<div class=\"left\">Utiliza\u00e7\u00e3o: Brinquedo de presente para decora\u00e7\u00e3o, enfeites, colecionadores de brinquedos<\/div>\n<\/div>\n<\/div>","protected":false},"excerpt":{"rendered":"<p>Estilo: Brinquedo de desenho animado, brinquedo militar, brinquedo de modelo Material: PVC, vinil, ABS Personagens: brinquedos familiares Por fonte de anima\u00e7\u00e3o: Anima\u00e7\u00e3o ocidental Tema: Fantasia e fic\u00e7\u00e3o cient\u00edfica N\u00famero do modelo: Figura de a\u00e7\u00e3o personalizada Uso: Brinquedo para presente de decora\u00e7\u00e3o, enfeites, colecionadores de brinquedos<\/p>","protected":false},"featured_media":789,"comment_status":"open","ping_status":"closed","template":"","meta":[],"product_brand":[],"product_cat":[31],"product_tag":[],"class_list":{"0":"post-788","1":"product","2":"type-product","3":"status-publish","4":"has-post-thumbnail","6":"product_cat-crafts","8":"first","9":"instock","10":"shipping-taxable","11":"product-type-simple"},"_links":{"self":[{"href":"https:\/\/sculptureshome.com\/pt\/wp-json\/wp\/v2\/product\/788","targetHints":{"allow":["GET"]}}],"collection":[{"href":"https:\/\/sculptureshome.com\/pt\/wp-json\/wp\/v2\/product"}],"about":[{"href":"https:\/\/sculptureshome.com\/pt\/wp-json\/wp\/v2\/types\/product"}],"replies":[{"embeddable":true,"href":"https:\/\/sculptureshome.com\/pt\/wp-json\/wp\/v2\/comments?post=788"}],"version-history":[{"count":0,"href":"https:\/\/sculptureshome.com\/pt\/wp-json\/wp\/v2\/product\/788\/revisions"}],"wp:featuredmedia":[{"embeddable":true,"href":"https:\/\/sculptureshome.com\/pt\/wp-json\/wp\/v2\/media\/789"}],"wp:attachment":[{"href":"https:\/\/sculptureshome.com\/pt\/wp-json\/wp\/v2\/media?parent=788"}],"wp:term":[{"taxonomy":"product_brand","embeddable":true,"href":"https:\/\/sculptureshome.com\/pt\/wp-json\/wp\/v2\/product_brand?post=788"},{"taxonomy":"product_cat","embeddable":true,"href":"https:\/\/sculptureshome.com\/pt\/wp-json\/wp\/v2\/product_cat?post=788"},{"taxonomy":"product_tag","embeddable":true,"href":"https:\/\/sculptureshome.com\/pt\/wp-json\/wp\/v2\/product_tag?post=788"}],"curies":[{"name":"wp","href":"https:\/\/api.w.org\/{rel}","templated":true}]}}