{"id":777,"date":"2024-01-29T15:28:37","date_gmt":"2024-01-29T15:28:37","guid":{"rendered":"https:\/\/sculptureshome.com\/?post_type=product&#038;p=777"},"modified":"2024-01-29T15:28:50","modified_gmt":"2024-01-29T15:28:50","slug":"servico-de-impressao-3d-para-arquitetura-de-moveis-de-grande-porte","status":"publish","type":"product","link":"https:\/\/sculptureshome.com\/pt\/product\/3d-printing-service-for-large-size-furniture-architecture\/","title":{"rendered":"Servi\u00e7o de impress\u00e3o 3d para arquitetura de m\u00f3veis de grande porte"},"content":{"rendered":"<div class=\"attribute-item\">\n<div class=\"left\" data-spm-anchor-id=\"a2700.details.0.i83.2c8238d2OMKA6Z\">Local de origem: Guangdong, China<\/div>\n<div class=\"right\">Tipo: Usinagem a laser, fresagem, prototipagem r\u00e1pida<\/div>\n<div>Micro usinagem ou n\u00e3o: Micro usinagem<\/div>\n<\/div>\n<div class=\"attribute-item\">\n<div class=\"left\">Nome do produto: Servi\u00e7o de impress\u00e3o 3D SLA SLS FDM<\/div>\n<\/div>\n<div class=\"attribute-item\">\n<div class=\"left\">Material: p\u00f3 pl\u00e1stico, filamento, resina<\/div>\n<div class=\"right\">Formato do desenho: STP STL OBJ<\/div>\n<\/div>\n<div class=\"attribute-item\">\n<div class=\"left\">Prazo de entrega: 3 a 5 dias \u00fateis<\/div>\n<div class=\"right\">Processamento: Esmerilhamento, pintura, polimento, galvanoplastia, grava\u00e7\u00e3o a laser<\/div>\n<div>Equipamento de usinagem: Impressora SLS \/ FDM\/SLA \/SLM<\/div>\n<\/div>\n<div class=\"attribute-item\">\n<div class=\"left\">Materiais dispon\u00edveis: ABS-CF, ABS-ESD, ASA, PA12, PA6, PETG, PEEK, TPU, NYLON-CF<\/div>\n<div class=\"right\"><\/div>\n<\/div>\n<div class=\"attribute-item\">\n<div class=\"left\"><\/div>\n<div class=\"right\"><\/div>\n<\/div>\n<div class=\"attribute-item\">\n<div class=\"left\"><\/div>\n<div class=\"right\"><\/div>\n<\/div>","protected":false},"excerpt":{"rendered":"<p>Place of Origin: Guangdong, China Type: Laser Machining, Milling, Rapid Prototyping Micro Machining or Not: Micro Machining Product name: 3D SLA SLS FDM Printing Service Material: plastic powder, filament,resin Drawing Format: STP STL OBJ Delivery Time: 3-5 working days pocessing: Grinding, Painting, Polishing, Electroplating, Laser Engraving Machining equipment: SLS \/ FDM\/SLA \/SLM Printer Materials Avaliable: [&hellip;]<\/p>\n","protected":false},"featured_media":778,"comment_status":"open","ping_status":"closed","template":"","meta":[],"product_brand":[],"product_cat":[29],"product_tag":[],"class_list":{"0":"post-777","1":"product","2":"type-product","3":"status-publish","4":"has-post-thumbnail","6":"product_cat-3d-printing-furniture","8":"first","9":"instock","10":"shipping-taxable","11":"product-type-simple"},"_links":{"self":[{"href":"https:\/\/sculptureshome.com\/pt\/wp-json\/wp\/v2\/product\/777","targetHints":{"allow":["GET"]}}],"collection":[{"href":"https:\/\/sculptureshome.com\/pt\/wp-json\/wp\/v2\/product"}],"about":[{"href":"https:\/\/sculptureshome.com\/pt\/wp-json\/wp\/v2\/types\/product"}],"replies":[{"embeddable":true,"href":"https:\/\/sculptureshome.com\/pt\/wp-json\/wp\/v2\/comments?post=777"}],"version-history":[{"count":0,"href":"https:\/\/sculptureshome.com\/pt\/wp-json\/wp\/v2\/product\/777\/revisions"}],"wp:featuredmedia":[{"embeddable":true,"href":"https:\/\/sculptureshome.com\/pt\/wp-json\/wp\/v2\/media\/778"}],"wp:attachment":[{"href":"https:\/\/sculptureshome.com\/pt\/wp-json\/wp\/v2\/media?parent=777"}],"wp:term":[{"taxonomy":"product_brand","embeddable":true,"href":"https:\/\/sculptureshome.com\/pt\/wp-json\/wp\/v2\/product_brand?post=777"},{"taxonomy":"product_cat","embeddable":true,"href":"https:\/\/sculptureshome.com\/pt\/wp-json\/wp\/v2\/product_cat?post=777"},{"taxonomy":"product_tag","embeddable":true,"href":"https:\/\/sculptureshome.com\/pt\/wp-json\/wp\/v2\/product_tag?post=777"}],"curies":[{"name":"wp","href":"https:\/\/api.w.org\/{rel}","templated":true}]}}