{"id":769,"date":"2024-01-29T15:21:13","date_gmt":"2024-01-29T15:21:13","guid":{"rendered":"https:\/\/sculptureshome.com\/?post_type=product&#038;p=769"},"modified":"2024-01-29T15:21:13","modified_gmt":"2024-01-29T15:21:13","slug":"decoracao-de-casa-com-impressao-3d","status":"publish","type":"product","link":"https:\/\/sculptureshome.com\/pt\/product\/3d-print-home-decor\/","title":{"rendered":"Decora\u00e7\u00e3o de casa com impress\u00e3o 3d"},"content":{"rendered":"<div class=\"attribute-item\">\n<div class=\"left\" data-spm-anchor-id=\"a2700.details.0.i85.6ca2bcd1j4CA6G\">Tipo de processamento: SLA<\/div>\n<div data-spm-anchor-id=\"a2700.details.0.i85.6ca2bcd1j4CA6G\">Material: Resina tipo ABS<\/div>\n<div class=\"right\">Tratamento de superf\u00edcie: Depende<\/div>\n<\/div>\n<div class=\"attribute-item\">\n<div class=\"left\">Toler\u00e2ncia: \u00b10,2 mm<\/div>\n<\/div>\n<div class=\"attribute-item\">\n<div class=\"left\">OEM\/ODM: suporte<\/div>\n<div class=\"right\"><\/div>\n<\/div>","protected":false},"excerpt":{"rendered":"<p>Tipo de processamento: SLA Material: Resina tipo ABS Tratamento de superf\u00edcie: Depende Toler\u00e2ncia: \u00b10,2mm OEM\/ODM: Suporte<\/p>","protected":false},"featured_media":770,"comment_status":"open","ping_status":"closed","template":"","meta":[],"product_brand":[],"product_cat":[29],"product_tag":[],"class_list":{"0":"post-769","1":"product","2":"type-product","3":"status-publish","4":"has-post-thumbnail","6":"product_cat-3d-printing-furniture","8":"first","9":"instock","10":"shipping-taxable","11":"product-type-simple"},"_links":{"self":[{"href":"https:\/\/sculptureshome.com\/pt\/wp-json\/wp\/v2\/product\/769","targetHints":{"allow":["GET"]}}],"collection":[{"href":"https:\/\/sculptureshome.com\/pt\/wp-json\/wp\/v2\/product"}],"about":[{"href":"https:\/\/sculptureshome.com\/pt\/wp-json\/wp\/v2\/types\/product"}],"replies":[{"embeddable":true,"href":"https:\/\/sculptureshome.com\/pt\/wp-json\/wp\/v2\/comments?post=769"}],"version-history":[{"count":0,"href":"https:\/\/sculptureshome.com\/pt\/wp-json\/wp\/v2\/product\/769\/revisions"}],"wp:featuredmedia":[{"embeddable":true,"href":"https:\/\/sculptureshome.com\/pt\/wp-json\/wp\/v2\/media\/770"}],"wp:attachment":[{"href":"https:\/\/sculptureshome.com\/pt\/wp-json\/wp\/v2\/media?parent=769"}],"wp:term":[{"taxonomy":"product_brand","embeddable":true,"href":"https:\/\/sculptureshome.com\/pt\/wp-json\/wp\/v2\/product_brand?post=769"},{"taxonomy":"product_cat","embeddable":true,"href":"https:\/\/sculptureshome.com\/pt\/wp-json\/wp\/v2\/product_cat?post=769"},{"taxonomy":"product_tag","embeddable":true,"href":"https:\/\/sculptureshome.com\/pt\/wp-json\/wp\/v2\/product_tag?post=769"}],"curies":[{"name":"wp","href":"https:\/\/api.w.org\/{rel}","templated":true}]}}