{"id":762,"date":"2024-01-29T15:16:35","date_gmt":"2024-01-29T15:16:35","guid":{"rendered":"https:\/\/sculptureshome.com\/?post_type=product&#038;p=762"},"modified":"2024-01-29T15:16:35","modified_gmt":"2024-01-29T15:16:35","slug":"cadeira-de-cafe-personalizada-sla-sls-prototipo-de-plastico-de-resina","status":"publish","type":"product","link":"https:\/\/sculptureshome.com\/pt\/product\/custom-coffee-chair-sla-sls-resin-plastic-prototype\/","title":{"rendered":"Prot\u00f3tipo de pl\u00e1stico de resina SLA\/SLS para cadeira de caf\u00e9 personalizada"},"content":{"rendered":"<div class=\"attribute-item\">\n<div class=\"left\">Local de origem: Guangdong, China<\/div>\n<div class=\"right\">Tipo: Brochagem, fresagem, prototipagem r\u00e1pida<\/div>\n<div>Micro usinagem ou n\u00e3o: Micro usinagem<\/div>\n<\/div>\n<div class=\"attribute-item\">\n<div class=\"left\">Material: Pl\u00e1stico<\/div>\n<div class=\"right\">Processo: Impress\u00e3o 3D<\/div>\n<div>Servi\u00e7os: OEM personalizado<\/div>\n<\/div>\n<div class=\"attribute-item\">\n<div class=\"left\">Aplica\u00e7\u00e3o: Eletrodom\u00e9sticos<\/div>\n<div class=\"right\">\n<div class=\"left\">Tratamento de superf\u00edcie: Solicita\u00e7\u00e3o do cliente<\/div>\n<div class=\"right\" data-spm-anchor-id=\"a2700.details.0.i86.13267c08IC4GH5\"><\/div>\n<p>&nbsp;<\/p>\n<\/div>\n<\/div>\n<div class=\"attribute-item\">\n<div class=\"left\"><\/div>\n<div class=\"right\">\n&nbsp;<\/p>\n<\/div>\n<\/div>\n<div class=\"attribute-item\">\n<div class=\"left\"><\/div>\n<div class=\"right\">\n&nbsp;<\/p>\n<\/div>\n<\/div>\n<div class=\"attribute-item\">\n<div class=\"right\" data-spm-anchor-id=\"a2700.details.0.i86.13267c08IC4GH5\"><\/div>\n<\/div>","protected":false},"excerpt":{"rendered":"<p>Local de origem: Guangdong, China Tipo: Brochagem, fresagem, prototipagem r\u00e1pida Micro usinagem ou n\u00e3o: Micro usinagem Material: Pl\u00e1stico Processo: Impress\u00e3o 3D Servi\u00e7o: OEM personalizado Aplica\u00e7\u00e3o: Eletrodom\u00e9sticos Tratamento de superf\u00edcie: Solicita\u00e7\u00e3o do cliente &nbsp; &nbsp; &nbsp;<\/p>","protected":false},"featured_media":763,"comment_status":"open","ping_status":"closed","template":"","meta":[],"product_brand":[],"product_cat":[29],"product_tag":[],"class_list":{"0":"post-762","1":"product","2":"type-product","3":"status-publish","4":"has-post-thumbnail","6":"product_cat-3d-printing-furniture","8":"first","9":"instock","10":"shipping-taxable","11":"product-type-simple"},"_links":{"self":[{"href":"https:\/\/sculptureshome.com\/pt\/wp-json\/wp\/v2\/product\/762","targetHints":{"allow":["GET"]}}],"collection":[{"href":"https:\/\/sculptureshome.com\/pt\/wp-json\/wp\/v2\/product"}],"about":[{"href":"https:\/\/sculptureshome.com\/pt\/wp-json\/wp\/v2\/types\/product"}],"replies":[{"embeddable":true,"href":"https:\/\/sculptureshome.com\/pt\/wp-json\/wp\/v2\/comments?post=762"}],"version-history":[{"count":0,"href":"https:\/\/sculptureshome.com\/pt\/wp-json\/wp\/v2\/product\/762\/revisions"}],"wp:featuredmedia":[{"embeddable":true,"href":"https:\/\/sculptureshome.com\/pt\/wp-json\/wp\/v2\/media\/763"}],"wp:attachment":[{"href":"https:\/\/sculptureshome.com\/pt\/wp-json\/wp\/v2\/media?parent=762"}],"wp:term":[{"taxonomy":"product_brand","embeddable":true,"href":"https:\/\/sculptureshome.com\/pt\/wp-json\/wp\/v2\/product_brand?post=762"},{"taxonomy":"product_cat","embeddable":true,"href":"https:\/\/sculptureshome.com\/pt\/wp-json\/wp\/v2\/product_cat?post=762"},{"taxonomy":"product_tag","embeddable":true,"href":"https:\/\/sculptureshome.com\/pt\/wp-json\/wp\/v2\/product_tag?post=762"}],"curies":[{"name":"wp","href":"https:\/\/api.w.org\/{rel}","templated":true}]}}