{"id":757,"date":"2024-01-29T15:11:27","date_gmt":"2024-01-29T15:11:27","guid":{"rendered":"https:\/\/sculptureshome.com\/?post_type=product&#038;p=757"},"modified":"2024-01-29T15:11:27","modified_gmt":"2024-01-29T15:11:27","slug":"modelo-grande-prototipo-de-impressao-3d","status":"publish","type":"product","link":"https:\/\/sculptureshome.com\/pt\/product\/big-model-3d-print-prototype\/","title":{"rendered":"Prot\u00f3tipo de impress\u00e3o 3D de modelo grande"},"content":{"rendered":"<div class=\"left\" data-spm-anchor-id=\"a2700.details.0.i80.9d67109dkYOlMo\">Capacidades de materiais: Cobre, bronze, a\u00e7o inoxid\u00e1vel, alum\u00ednio, lat\u00e3o, metais endurecidos, metais preciosos, ligas de a\u00e7o, ABS, POM, PP, PC, PE, PA (nylon), borracha, silicone, poliuretano, etc.<\/div>\n<div data-spm-anchor-id=\"a2700.details.0.i80.9d67109dkYOlMo\">\n<div class=\"left\" data-spm-anchor-id=\"a2700.details.0.i82.9d67109dkYOlMo\">cor: <span data-spm-anchor-id=\"a2700.details.0.i83.9d67109dkYOlMo\">Pode ser personalizado<\/span><\/p>\n<div class=\"attribute-item\">\n<div class=\"right\">\n<div class=\"left\" data-spm-anchor-id=\"a2700.details.0.i84.9d67109dkYOlMo\">Formato dos arquivos: <span data-spm-anchor-id=\"a2700.details.0.i85.9d67109dkYOlMo\">cad igs stp stl x-t<\/span><\/div>\n<div data-spm-anchor-id=\"a2700.details.0.i84.9d67109dkYOlMo\">\n<div class=\"left\" data-spm-anchor-id=\"a2700.details.0.i86.9d67109dkYOlMo\">Tratamento de superf\u00edcie: <span data-spm-anchor-id=\"a2700.details.0.i87.9d67109dkYOlMo\">polimento, pintura, impress\u00e3o em seda, revestimento UV, galvanoplastia, etc.<\/span><\/p>\n<div class=\"attribute-item\">\n<div class=\"right\">\n<div class=\"left\" data-spm-anchor-id=\"a2700.details.0.i88.9d67109dkYOlMo\">Aplicativo: <span data-spm-anchor-id=\"a2700.details.0.i89.9d67109dkYOlMo\">Carros, eletrodom\u00e9sticos, m\u00f3veis, commodities, eletr\u00f4nicos, etc.<\/span><\/p>\n<div class=\"attribute-item\">\n<div class=\"right\">\n&nbsp;<\/p>\n<\/div>\n<\/div>\n<div class=\"attribute-item\"><\/div>\n<\/div>\n<p>&nbsp;<\/p>\n<\/div>\n<\/div>\n<div class=\"attribute-item\"><\/div>\n<\/div>\n<\/div>\n<p>&nbsp;<\/p>\n<\/div>\n<\/div>\n<div class=\"attribute-item\"><\/div>\n<\/div>\n<div data-spm-anchor-id=\"a2700.details.0.i82.9d67109dkYOlMo\"><\/div>\n<\/div>","protected":false},"excerpt":{"rendered":"<p>Capacidades de materiais: Cobre, bronze, a\u00e7o inoxid\u00e1vel, alum\u00ednio, lat\u00e3o, metais endurecidos, metais preciosos, ligas de a\u00e7o, ABS, POM, PP, PC, PE, PA (nylon), borracha, silicone, poliuretano etc. Cor: pode ser personalizado Formato dos arquivos: cad igs stp stl x-t Tratamento de superf\u00edcie: polimento, pintura, impress\u00e3o em seda, revestimento UV, galvanoplastia etc. Aplica\u00e7\u00e3o: Autom\u00f3veis, eletrodom\u00e9sticos, m\u00f3veis, mercadorias, eletr\u00f4nicos, etc. &nbsp; &nbsp; &nbsp;<\/p>","protected":false},"featured_media":758,"comment_status":"open","ping_status":"closed","template":"","meta":[],"product_brand":[],"product_cat":[29],"product_tag":[],"class_list":{"0":"post-757","1":"product","2":"type-product","3":"status-publish","4":"has-post-thumbnail","6":"product_cat-3d-printing-furniture","8":"first","9":"instock","10":"shipping-taxable","11":"product-type-simple"},"_links":{"self":[{"href":"https:\/\/sculptureshome.com\/pt\/wp-json\/wp\/v2\/product\/757","targetHints":{"allow":["GET"]}}],"collection":[{"href":"https:\/\/sculptureshome.com\/pt\/wp-json\/wp\/v2\/product"}],"about":[{"href":"https:\/\/sculptureshome.com\/pt\/wp-json\/wp\/v2\/types\/product"}],"replies":[{"embeddable":true,"href":"https:\/\/sculptureshome.com\/pt\/wp-json\/wp\/v2\/comments?post=757"}],"version-history":[{"count":0,"href":"https:\/\/sculptureshome.com\/pt\/wp-json\/wp\/v2\/product\/757\/revisions"}],"wp:featuredmedia":[{"embeddable":true,"href":"https:\/\/sculptureshome.com\/pt\/wp-json\/wp\/v2\/media\/758"}],"wp:attachment":[{"href":"https:\/\/sculptureshome.com\/pt\/wp-json\/wp\/v2\/media?parent=757"}],"wp:term":[{"taxonomy":"product_brand","embeddable":true,"href":"https:\/\/sculptureshome.com\/pt\/wp-json\/wp\/v2\/product_brand?post=757"},{"taxonomy":"product_cat","embeddable":true,"href":"https:\/\/sculptureshome.com\/pt\/wp-json\/wp\/v2\/product_cat?post=757"},{"taxonomy":"product_tag","embeddable":true,"href":"https:\/\/sculptureshome.com\/pt\/wp-json\/wp\/v2\/product_tag?post=757"}],"curies":[{"name":"wp","href":"https:\/\/api.w.org\/{rel}","templated":true}]}}