{"id":734,"date":"2024-01-29T14:46:21","date_gmt":"2024-01-29T14:46:21","guid":{"rendered":"https:\/\/sculptureshome.com\/?post_type=product&#038;p=734"},"modified":"2024-01-29T14:46:22","modified_gmt":"2024-01-29T14:46:22","slug":"estatua-do-hulk-em-fibra-de-vidro-em-tamanho-natural","status":"publish","type":"product","link":"https:\/\/sculptureshome.com\/pt\/product\/fiberglass-life-size-hulk-statue\/","title":{"rendered":"Est\u00e1tua do Hulk em fibra de vidro em tamanho real"},"content":{"rendered":"<div class=\"attribute-item\">\n<div class=\"left\" data-spm-anchor-id=\"a2700.details.0.i90.13f149faq1xrT5\">Local de origem: Guangdong, China<\/div>\n<div data-spm-anchor-id=\"a2700.details.0.i90.13f149faq1xrT5\">Estilo: Artificial<\/div>\n<\/div>\n<div class=\"attribute-item\">\n<div class=\"right\">Uso: Arte e colecion\u00e1veis<\/div>\n<\/div>\n<div class=\"attribute-item\">\n<div class=\"left\">Material: Fibra de vidro<\/div>\n<div class=\"right\">Cor: cor personalizada<\/div>\n<div>Tamanho: Tamanho natural ou tamanho personalizado<\/div>\n<\/div>\n<div class=\"attribute-item\">\n<div class=\"left\">Tipo: Escultura em fibra de vidro<\/div>\n<\/div>\n<div class=\"attribute-item\">\n<div class=\"left\">Aplicativo: <span data-spm-anchor-id=\"a2700.details.0.i87.13f149faq1xrT5\">Parque tem\u00e1tico, jardim, zool\u00f3gico, pra\u00e7a, pra\u00e7a da cidade.<\/span><\/div>\n<div class=\"right\" data-spm-anchor-id=\"a2700.details.0.i88.13f149faq1xrT5\"><\/div>\n<\/div>","protected":false},"excerpt":{"rendered":"<p>Local de origem\uff1aGuangdong, China Estilo: Artificial Uso: Arte e material colecion\u00e1vel: Fibra de vidro Cor: Cor personalizada Tamanho: Tamanho natural ou tamanho personalizado Tipo: Escultura de fibra de vidro Aplica\u00e7\u00e3o: Parque tem\u00e1tico, jardim, zool\u00f3gico, pra\u00e7a, pra\u00e7a da cidade.<\/p>","protected":false},"featured_media":735,"comment_status":"open","ping_status":"closed","template":"","meta":[],"product_brand":[],"product_cat":[30],"product_tag":[],"class_list":{"0":"post-734","1":"product","2":"type-product","3":"status-publish","4":"has-post-thumbnail","6":"product_cat-fiberglass-sculpture","8":"first","9":"instock","10":"shipping-taxable","11":"product-type-simple"},"_links":{"self":[{"href":"https:\/\/sculptureshome.com\/pt\/wp-json\/wp\/v2\/product\/734","targetHints":{"allow":["GET"]}}],"collection":[{"href":"https:\/\/sculptureshome.com\/pt\/wp-json\/wp\/v2\/product"}],"about":[{"href":"https:\/\/sculptureshome.com\/pt\/wp-json\/wp\/v2\/types\/product"}],"replies":[{"embeddable":true,"href":"https:\/\/sculptureshome.com\/pt\/wp-json\/wp\/v2\/comments?post=734"}],"version-history":[{"count":0,"href":"https:\/\/sculptureshome.com\/pt\/wp-json\/wp\/v2\/product\/734\/revisions"}],"wp:featuredmedia":[{"embeddable":true,"href":"https:\/\/sculptureshome.com\/pt\/wp-json\/wp\/v2\/media\/735"}],"wp:attachment":[{"href":"https:\/\/sculptureshome.com\/pt\/wp-json\/wp\/v2\/media?parent=734"}],"wp:term":[{"taxonomy":"product_brand","embeddable":true,"href":"https:\/\/sculptureshome.com\/pt\/wp-json\/wp\/v2\/product_brand?post=734"},{"taxonomy":"product_cat","embeddable":true,"href":"https:\/\/sculptureshome.com\/pt\/wp-json\/wp\/v2\/product_cat?post=734"},{"taxonomy":"product_tag","embeddable":true,"href":"https:\/\/sculptureshome.com\/pt\/wp-json\/wp\/v2\/product_tag?post=734"}],"curies":[{"name":"wp","href":"https:\/\/api.w.org\/{rel}","templated":true}]}}