{"id":725,"date":"2024-01-29T14:38:33","date_gmt":"2024-01-29T14:38:33","guid":{"rendered":"https:\/\/sculptureshome.com\/?post_type=product&#038;p=725"},"modified":"2024-03-18T15:59:33","modified_gmt":"2024-03-18T15:59:33","slug":"escultura-de-resina-nezha","status":"publish","type":"product","link":"https:\/\/sculptureshome.com\/pt\/product\/nezha-resin-sculpture\/","title":{"rendered":"Escultura de resina Nezha"},"content":{"rendered":"<div class=\"attribute-item\">\n<div class=\"left\" data-spm-anchor-id=\"a2700.details.0.i77.4e7f5df8YbktCr\">Local de origem\uff1a Guangdong, China<\/div>\n<div class=\"right\">Material: Resina<\/div>\n<div>Estilo\uff1aFeng Shui<\/div>\n<\/div>\n<div class=\"attribute-item\">\n<div class=\"left\">Uso: Lembran\u00e7a<\/div>\n<\/div>\n<div class=\"attribute-item\">\n<div class=\"left\">Ocasi\u00e3o: hotel ou casa ou parque de divers\u00f5es<\/div>\n<div class=\"right\">T\u00e9cnica: por meio de trabalho manual<\/div>\n<div>Personalizado: logotipo, cor, tamanho, tampa, base<\/div>\n<\/div>\n<div class=\"attribute-item\"><\/div>\n<div class=\"attribute-item\">\n<div class=\"right\">\n<div class=\"attribute-item\">\n<div class=\"right\"><\/div>\n<\/div>\n<\/div>\n<\/div>","protected":false},"excerpt":{"rendered":"<p>Local de origem: Guangdong, China Material: Resina Estilo: Feng Shui Uso: Lembran\u00e7a Ocasi\u00e3o: Hotel, casa ou parque de divers\u00f5es T\u00e9cnica: Trabalho manual Personalizado: Logotipo, Cor, Tamanho, Tampa, Base<\/p>","protected":false},"featured_media":726,"comment_status":"open","ping_status":"closed","template":"","meta":[],"product_brand":[],"product_cat":[31,28],"product_tag":[],"class_list":{"0":"post-725","1":"product","2":"type-product","3":"status-publish","4":"has-post-thumbnail","6":"product_cat-crafts","7":"product_cat-resin-sculpture","9":"first","10":"instock","11":"shipping-taxable","12":"product-type-simple"},"_links":{"self":[{"href":"https:\/\/sculptureshome.com\/pt\/wp-json\/wp\/v2\/product\/725","targetHints":{"allow":["GET"]}}],"collection":[{"href":"https:\/\/sculptureshome.com\/pt\/wp-json\/wp\/v2\/product"}],"about":[{"href":"https:\/\/sculptureshome.com\/pt\/wp-json\/wp\/v2\/types\/product"}],"replies":[{"embeddable":true,"href":"https:\/\/sculptureshome.com\/pt\/wp-json\/wp\/v2\/comments?post=725"}],"version-history":[{"count":0,"href":"https:\/\/sculptureshome.com\/pt\/wp-json\/wp\/v2\/product\/725\/revisions"}],"wp:featuredmedia":[{"embeddable":true,"href":"https:\/\/sculptureshome.com\/pt\/wp-json\/wp\/v2\/media\/726"}],"wp:attachment":[{"href":"https:\/\/sculptureshome.com\/pt\/wp-json\/wp\/v2\/media?parent=725"}],"wp:term":[{"taxonomy":"product_brand","embeddable":true,"href":"https:\/\/sculptureshome.com\/pt\/wp-json\/wp\/v2\/product_brand?post=725"},{"taxonomy":"product_cat","embeddable":true,"href":"https:\/\/sculptureshome.com\/pt\/wp-json\/wp\/v2\/product_cat?post=725"},{"taxonomy":"product_tag","embeddable":true,"href":"https:\/\/sculptureshome.com\/pt\/wp-json\/wp\/v2\/product_tag?post=725"}],"curies":[{"name":"wp","href":"https:\/\/api.w.org\/{rel}","templated":true}]}}