{"id":717,"date":"2024-01-29T14:32:17","date_gmt":"2024-01-29T14:32:17","guid":{"rendered":"https:\/\/sculptureshome.com\/?post_type=product&#038;p=717"},"modified":"2024-01-29T14:32:17","modified_gmt":"2024-01-29T14:32:17","slug":"estatua-de-resina-para-decoracao-de-casa","status":"publish","type":"product","link":"https:\/\/sculptureshome.com\/pt\/product\/home-decoration-resin-statue\/","title":{"rendered":"Decora\u00e7\u00e3o de casa Est\u00e1tua de resina"},"content":{"rendered":"<div class=\"attribute-item\">\n<div class=\"left\" data-spm-anchor-id=\"a2700.details.0.i87.52315b58IOlXtO\">Local de origem: Guangdong, China<\/div>\n<div class=\"right\">Material: Resina<\/div>\n<div>Estilo: Arte popular<\/div>\n<\/div>\n<div class=\"attribute-item\">\n<div class=\"left\">Uso: Decora\u00e7\u00e3o de casa<\/div>\n<div class=\"right\">Recurso regional: Europa<\/div>\n<\/div>\n<div class=\"attribute-item\">\n<div class=\"left\">Cor: cor personalizada<\/div>\n<div class=\"right\">Forma: astronauta<\/div>\n<div>Tamanho: Tamanho personalizado<\/div>\n<\/div>","protected":false},"excerpt":{"rendered":"<p>Local de origem: Guangdong, China Material: Resina Estilo: Arte popular Uso: Decora\u00e7\u00e3o de casa Caracter\u00edstica regional: Europa Cor: Cor personalizada Forma: astronauta Tamanho: Tamanho personalizado<\/p>","protected":false},"featured_media":718,"comment_status":"open","ping_status":"closed","template":"","meta":[],"product_brand":[],"product_cat":[28],"product_tag":[],"class_list":{"0":"post-717","1":"product","2":"type-product","3":"status-publish","4":"has-post-thumbnail","6":"product_cat-resin-sculpture","8":"first","9":"instock","10":"shipping-taxable","11":"product-type-simple"},"_links":{"self":[{"href":"https:\/\/sculptureshome.com\/pt\/wp-json\/wp\/v2\/product\/717","targetHints":{"allow":["GET"]}}],"collection":[{"href":"https:\/\/sculptureshome.com\/pt\/wp-json\/wp\/v2\/product"}],"about":[{"href":"https:\/\/sculptureshome.com\/pt\/wp-json\/wp\/v2\/types\/product"}],"replies":[{"embeddable":true,"href":"https:\/\/sculptureshome.com\/pt\/wp-json\/wp\/v2\/comments?post=717"}],"version-history":[{"count":0,"href":"https:\/\/sculptureshome.com\/pt\/wp-json\/wp\/v2\/product\/717\/revisions"}],"wp:featuredmedia":[{"embeddable":true,"href":"https:\/\/sculptureshome.com\/pt\/wp-json\/wp\/v2\/media\/718"}],"wp:attachment":[{"href":"https:\/\/sculptureshome.com\/pt\/wp-json\/wp\/v2\/media?parent=717"}],"wp:term":[{"taxonomy":"product_brand","embeddable":true,"href":"https:\/\/sculptureshome.com\/pt\/wp-json\/wp\/v2\/product_brand?post=717"},{"taxonomy":"product_cat","embeddable":true,"href":"https:\/\/sculptureshome.com\/pt\/wp-json\/wp\/v2\/product_cat?post=717"},{"taxonomy":"product_tag","embeddable":true,"href":"https:\/\/sculptureshome.com\/pt\/wp-json\/wp\/v2\/product_tag?post=717"}],"curies":[{"name":"wp","href":"https:\/\/api.w.org\/{rel}","templated":true}]}}