{"id":709,"date":"2024-01-29T14:27:43","date_gmt":"2024-01-29T14:27:43","guid":{"rendered":"https:\/\/sculptureshome.com\/?post_type=product&#038;p=709"},"modified":"2024-01-29T14:27:44","modified_gmt":"2024-01-29T14:27:44","slug":"escultura-de-fibra-de-vidro-de-balao-de-ar-quente-de-resina-em-tamanho-natural","status":"publish","type":"product","link":"https:\/\/sculptureshome.com\/pt\/product\/life-size-resin-hot-air-balloon-fiberglass-sculpture\/","title":{"rendered":"Bal\u00e3o de ar quente de resina em tamanho natural Escultura em fibra de vidro"},"content":{"rendered":"<div class=\"attribute-list\">\n<div class=\"attribute-item\">\n<div class=\"left\" data-spm-anchor-id=\"a2700.details.0.i92.dfb7758aV1x1EK\">Tema\uff1aBal\u00e3o de escultura em resina<\/div>\n<\/div>\n<\/div>\n<div class=\"attribute-list\">\n<div class=\"attribute-item\">\n<div class=\"left\">Local de origem: Guangdong, China<\/div>\n<\/div>\n<div class=\"attribute-item\">\n<div class=\"left\">Material: Resina<\/div>\n<div class=\"right\">Estilo: rosa beb\u00ea<\/div>\n<\/div>\n<div class=\"attribute-item\">\n<div class=\"left\">Material: Adere\u00e7o de bal\u00e3o de ar quente de resina<\/div>\n<div class=\"right\">Utiliza\u00e7\u00e3o: Decora\u00e7\u00e3o de interiores, adere\u00e7o de bal\u00e3o de ar quente<\/div>\n<div>Tamanho: Tamanho personalizado<\/div>\n<\/div>\n<div class=\"attribute-item\">\n<div class=\"left\">Cor: cor personalizada<\/div>\n<\/div>\n<div class=\"attribute-item\">\n<div class=\"left\">Tipo: Esculturas artificiais de fibra de vidro<\/div>\n<div class=\"right\"><\/div>\n<\/div>\n<\/div>","protected":false},"excerpt":{"rendered":"<p>Tema: Bal\u00e3o de escultura em resina Local de origem: Guangdong, China Material: Resina Estilo: rosa beb\u00ea Material: Adere\u00e7o de bal\u00e3o de ar quente de resina Uso: Adere\u00e7o de bal\u00e3o de ar quente para decora\u00e7\u00e3o de interiores Tamanho: Tamanho personalizado Cor: Cor personalizada Tipo: Esculturas artificiais de fibra de vidro<\/p>","protected":false},"featured_media":710,"comment_status":"open","ping_status":"closed","template":"","meta":[],"product_brand":[],"product_cat":[28],"product_tag":[],"class_list":{"0":"post-709","1":"product","2":"type-product","3":"status-publish","4":"has-post-thumbnail","6":"product_cat-resin-sculpture","8":"first","9":"instock","10":"shipping-taxable","11":"product-type-simple"},"_links":{"self":[{"href":"https:\/\/sculptureshome.com\/pt\/wp-json\/wp\/v2\/product\/709","targetHints":{"allow":["GET"]}}],"collection":[{"href":"https:\/\/sculptureshome.com\/pt\/wp-json\/wp\/v2\/product"}],"about":[{"href":"https:\/\/sculptureshome.com\/pt\/wp-json\/wp\/v2\/types\/product"}],"replies":[{"embeddable":true,"href":"https:\/\/sculptureshome.com\/pt\/wp-json\/wp\/v2\/comments?post=709"}],"version-history":[{"count":0,"href":"https:\/\/sculptureshome.com\/pt\/wp-json\/wp\/v2\/product\/709\/revisions"}],"wp:featuredmedia":[{"embeddable":true,"href":"https:\/\/sculptureshome.com\/pt\/wp-json\/wp\/v2\/media\/710"}],"wp:attachment":[{"href":"https:\/\/sculptureshome.com\/pt\/wp-json\/wp\/v2\/media?parent=709"}],"wp:term":[{"taxonomy":"product_brand","embeddable":true,"href":"https:\/\/sculptureshome.com\/pt\/wp-json\/wp\/v2\/product_brand?post=709"},{"taxonomy":"product_cat","embeddable":true,"href":"https:\/\/sculptureshome.com\/pt\/wp-json\/wp\/v2\/product_cat?post=709"},{"taxonomy":"product_tag","embeddable":true,"href":"https:\/\/sculptureshome.com\/pt\/wp-json\/wp\/v2\/product_tag?post=709"}],"curies":[{"name":"wp","href":"https:\/\/api.w.org\/{rel}","templated":true}]}}