{"id":701,"date":"2024-01-29T10:05:38","date_gmt":"2024-01-29T10:05:38","guid":{"rendered":"https:\/\/sculptureshome.com\/?post_type=product&#038;p=701"},"modified":"2024-03-18T16:01:31","modified_gmt":"2024-03-18T16:01:31","slug":"figura-de-anime-de-alta-qualidade-estatua-de-resina-2","status":"publish","type":"product","link":"https:\/\/sculptureshome.com\/pt\/product\/high-quality-anime-figure-resin-statue-2\/","title":{"rendered":"Est\u00e1tua de resina de alta qualidade para figuras de anime"},"content":{"rendered":"<div class=\"attribute-list\">\n<div class=\"attribute-item\">\n<div class=\"left\" data-spm-anchor-id=\"a2700.details.0.i81.1f7d7f59Zrxi2p\">Tema: Personagem de TV e filme<\/div>\n<\/div>\n<\/div>\n<div class=\"attribute-list\">\n<div class=\"attribute-item\">\n<div class=\"left\">Local de origem: Guangdong, China<\/div>\n<\/div>\n<div class=\"attribute-item\">\n<div class=\"left\">Material: Resina<\/div>\n<div class=\"right\">Estilo: Artificial<\/div>\n<div>Uso: Decora\u00e7\u00e3o de casa<\/div>\n<\/div>\n<div class=\"attribute-item\">\n<div class=\"left\">Recurso regional: Jap\u00e3o<\/div>\n<\/div>\n<div class=\"attribute-item\">\n<div class=\"left\">Logotipo: Aceita logotipo personalizado<\/div>\n<\/div>\n<div class=\"attribute-item\">\n<div class=\"left\">Cor: cor personalizada<\/div>\n<div class=\"right\">Tamanho: Tamanho do cliente<br \/>\n&nbsp;<\/p>\n<\/div>\n<\/div>\n<div class=\"attribute-item\">\n<div class=\"left\"><\/div>\n<div class=\"right\"><\/div>\n<\/div>\n<\/div>","protected":false},"excerpt":{"rendered":"<p>Tema: Personagem de TV e filme Local de origem: Guangdong, China Material: Resina Estilo: Artificial Uso: Decora\u00e7\u00e3o de casa Caracter\u00edstica regional: Logotipo do Jap\u00e3o: Aceita logotipo personalizado Cor: Cor personalizada Tamanho: Tamanho do cliente &nbsp;<\/p>","protected":false},"featured_media":702,"comment_status":"open","ping_status":"closed","template":"","meta":[],"product_brand":[],"product_cat":[31],"product_tag":[],"class_list":{"0":"post-701","1":"product","2":"type-product","3":"status-publish","4":"has-post-thumbnail","6":"product_cat-crafts","8":"first","9":"instock","10":"shipping-taxable","11":"product-type-simple"},"_links":{"self":[{"href":"https:\/\/sculptureshome.com\/pt\/wp-json\/wp\/v2\/product\/701","targetHints":{"allow":["GET"]}}],"collection":[{"href":"https:\/\/sculptureshome.com\/pt\/wp-json\/wp\/v2\/product"}],"about":[{"href":"https:\/\/sculptureshome.com\/pt\/wp-json\/wp\/v2\/types\/product"}],"replies":[{"embeddable":true,"href":"https:\/\/sculptureshome.com\/pt\/wp-json\/wp\/v2\/comments?post=701"}],"version-history":[{"count":0,"href":"https:\/\/sculptureshome.com\/pt\/wp-json\/wp\/v2\/product\/701\/revisions"}],"wp:featuredmedia":[{"embeddable":true,"href":"https:\/\/sculptureshome.com\/pt\/wp-json\/wp\/v2\/media\/702"}],"wp:attachment":[{"href":"https:\/\/sculptureshome.com\/pt\/wp-json\/wp\/v2\/media?parent=701"}],"wp:term":[{"taxonomy":"product_brand","embeddable":true,"href":"https:\/\/sculptureshome.com\/pt\/wp-json\/wp\/v2\/product_brand?post=701"},{"taxonomy":"product_cat","embeddable":true,"href":"https:\/\/sculptureshome.com\/pt\/wp-json\/wp\/v2\/product_cat?post=701"},{"taxonomy":"product_tag","embeddable":true,"href":"https:\/\/sculptureshome.com\/pt\/wp-json\/wp\/v2\/product_tag?post=701"}],"curies":[{"name":"wp","href":"https:\/\/api.w.org\/{rel}","templated":true}]}}