{"id":695,"date":"2024-01-28T14:36:52","date_gmt":"2024-01-28T14:36:52","guid":{"rendered":"https:\/\/sculptureshome.com\/?post_type=product&#038;p=695"},"modified":"2024-01-28T14:36:52","modified_gmt":"2024-01-28T14:36:52","slug":"lembranca-de-resina-arte-decoracao-escultura-estatua-da-liberdade","status":"publish","type":"product","link":"https:\/\/sculptureshome.com\/pt\/product\/resin-souvenir-art-decoration-sculpture-statue-of-liberty\/","title":{"rendered":"Escultura da Est\u00e1tua da Liberdade para Decora\u00e7\u00e3o de Arte de Lembran\u00e7a em Resina"},"content":{"rendered":"<div class=\"attribute-item\">\n<div class=\"left\">Local de origem: Guangdong, China<\/div>\n<div class=\"right\">Material: Resina<\/div>\n<div>Estilo\uff1aArtificial<\/div>\n<\/div>\n<div class=\"attribute-item\">\n<div class=\"left\">Uso: Decora\u00e7\u00e3o de casa<\/div>\n<div class=\"right\">Recurso regional\uff1aEuropa<\/div>\n<\/div>\n<div class=\"attribute-item\">\n<div class=\"left\">Tema\uff1aPatriotismo,Decora\u00e7\u00e3o de casa,Decora\u00e7\u00e3o de jardim,Arte,Costumes estrangeiros<\/div>\n<\/div>\n<div class=\"attribute-item\">\n<div class=\"right\">Cor: cor personalizada<\/div>\n<div>Estilo de design: Moderno, Art D\u00e9co, Cl\u00e1ssico, Europeu, Luxo<\/div>\n<\/div>\n<div class=\"attribute-item\">\n<div class=\"left\">Fun\u00e7\u00e3o: Decora\u00e7\u00f5es<\/div>\n<div class=\"right\">Material: Resina, fibra de vidro, materiais personaliz\u00e1veis<\/div>\n<\/div>\n<div class=\"attribute-item\">\n<div class=\"left\">Forma: Forma personalizada<\/div>\n<div class=\"right\"><\/div>\n<\/div>","protected":false},"excerpt":{"rendered":"<p>Local de origem: Guangdong, China Material: Resina Estilo: Artificial Uso: Decora\u00e7\u00e3o de casa Caracter\u00edstica regional: Tema da Europa: Patriotismo, Decora\u00e7\u00e3o de casa, Decora\u00e7\u00e3o de jardim, Arte, Costumes estrangeiros Cor: Cor personalizada Estilo de design: Moderno, Art deco, Cl\u00e1ssico, Europeu, Luxo Fun\u00e7\u00e3o: Decora\u00e7\u00f5es Material: Resina, fibra de vidro, materiais personaliz\u00e1veis Forma: Forma personalizada<\/p>","protected":false},"featured_media":696,"comment_status":"open","ping_status":"closed","template":"","meta":[],"product_brand":[],"product_cat":[28],"product_tag":[],"class_list":{"0":"post-695","1":"product","2":"type-product","3":"status-publish","4":"has-post-thumbnail","6":"product_cat-resin-sculpture","8":"first","9":"instock","10":"shipping-taxable","11":"product-type-simple"},"_links":{"self":[{"href":"https:\/\/sculptureshome.com\/pt\/wp-json\/wp\/v2\/product\/695","targetHints":{"allow":["GET"]}}],"collection":[{"href":"https:\/\/sculptureshome.com\/pt\/wp-json\/wp\/v2\/product"}],"about":[{"href":"https:\/\/sculptureshome.com\/pt\/wp-json\/wp\/v2\/types\/product"}],"replies":[{"embeddable":true,"href":"https:\/\/sculptureshome.com\/pt\/wp-json\/wp\/v2\/comments?post=695"}],"version-history":[{"count":0,"href":"https:\/\/sculptureshome.com\/pt\/wp-json\/wp\/v2\/product\/695\/revisions"}],"wp:featuredmedia":[{"embeddable":true,"href":"https:\/\/sculptureshome.com\/pt\/wp-json\/wp\/v2\/media\/696"}],"wp:attachment":[{"href":"https:\/\/sculptureshome.com\/pt\/wp-json\/wp\/v2\/media?parent=695"}],"wp:term":[{"taxonomy":"product_brand","embeddable":true,"href":"https:\/\/sculptureshome.com\/pt\/wp-json\/wp\/v2\/product_brand?post=695"},{"taxonomy":"product_cat","embeddable":true,"href":"https:\/\/sculptureshome.com\/pt\/wp-json\/wp\/v2\/product_cat?post=695"},{"taxonomy":"product_tag","embeddable":true,"href":"https:\/\/sculptureshome.com\/pt\/wp-json\/wp\/v2\/product_tag?post=695"}],"curies":[{"name":"wp","href":"https:\/\/api.w.org\/{rel}","templated":true}]}}