{"id":676,"date":"2024-01-28T13:38:22","date_gmt":"2024-01-28T13:38:22","guid":{"rendered":"https:\/\/sculptureshome.com\/?post_type=product&#038;p=676"},"modified":"2024-01-28T13:38:22","modified_gmt":"2024-01-28T13:38:22","slug":"escultura-de-decoracao-de-casa-de-campo-com-relevo-de-parede-de-pedra-de-marmore-de-design-moderno","status":"publish","type":"product","link":"https:\/\/sculptureshome.com\/pt\/product\/modern-design-marble-stone-wall-relief-home-villa-decoration-sculpture\/","title":{"rendered":"Escultura de design moderno em relevo de pedra de m\u00e1rmore para paredes de casas de campo"},"content":{"rendered":"<div class=\"attribute-list\">\n<div class=\"attribute-item\">\n<div class=\"left\" data-spm-anchor-id=\"a2700.details.0.i85.44a93e68uvqGJk\">Capacidade de solu\u00e7\u00e3o de projetos: design gr\u00e1fico, design de modelo 3D, solu\u00e7\u00e3o total para projetos, consolida\u00e7\u00e3o de categorias cruzadas, outros<\/div>\n<div class=\"right\">Aplicativo: Hotel<\/div>\n<div>Estilo de design: Moderno<\/div>\n<\/div>\n<div class=\"attribute-item\">\n<div class=\"left\">Tipo: relevo de m\u00e1rmore<\/div>\n<\/div>\n<\/div>\n<div class=\"attribute-list\">\n<div class=\"attribute-item\">\n<div class=\"left\">Tipo: est\u00e1tua de m\u00e1rmore em relevo<\/div>\n<div class=\"right\">Tamanho: 3 a 9 metros est\u00e3o dispon\u00edveis<\/div>\n<div>Cor: prata (outras cores tamb\u00e9m est\u00e3o dispon\u00edveis)<\/div>\n<\/div>\n<div class=\"attribute-item\">\n<div class=\"left\">Design: Por nossa equipe (o design do cliente \u00e9 bem-vindo)<\/div>\n<div class=\"right\">T\u00e9cnica: Soldagem fina, chasing e polimento<\/div>\n<\/div>\n<\/div>","protected":false},"excerpt":{"rendered":"<p>Capacidade de solu\u00e7\u00e3o de projetos: design gr\u00e1fico, design de modelo 3D, solu\u00e7\u00e3o total para projetos, consolida\u00e7\u00e3o de categorias cruzadas, outros aplicativos: Design de hotel Estilo: Tipo moderno: relevo em m\u00e1rmore Tipo: est\u00e1tua em relevo em m\u00e1rmore Tamanho: 3-9 metros dispon\u00edveis Cor: prata (outras cores tamb\u00e9m est\u00e3o dispon\u00edveis) Design: Por nossa equipe (o design do cliente \u00e9 bem-vindo) T\u00e9cnica: Soldagem fina, persegui\u00e7\u00e3o e polimento<\/p>","protected":false},"featured_media":677,"comment_status":"open","ping_status":"closed","template":"","meta":[],"product_brand":[],"product_cat":[27],"product_tag":[],"class_list":{"0":"post-676","1":"product","2":"type-product","3":"status-publish","4":"has-post-thumbnail","6":"product_cat-relief-sculpture","8":"first","9":"instock","10":"shipping-taxable","11":"product-type-simple"},"_links":{"self":[{"href":"https:\/\/sculptureshome.com\/pt\/wp-json\/wp\/v2\/product\/676","targetHints":{"allow":["GET"]}}],"collection":[{"href":"https:\/\/sculptureshome.com\/pt\/wp-json\/wp\/v2\/product"}],"about":[{"href":"https:\/\/sculptureshome.com\/pt\/wp-json\/wp\/v2\/types\/product"}],"replies":[{"embeddable":true,"href":"https:\/\/sculptureshome.com\/pt\/wp-json\/wp\/v2\/comments?post=676"}],"version-history":[{"count":0,"href":"https:\/\/sculptureshome.com\/pt\/wp-json\/wp\/v2\/product\/676\/revisions"}],"wp:featuredmedia":[{"embeddable":true,"href":"https:\/\/sculptureshome.com\/pt\/wp-json\/wp\/v2\/media\/677"}],"wp:attachment":[{"href":"https:\/\/sculptureshome.com\/pt\/wp-json\/wp\/v2\/media?parent=676"}],"wp:term":[{"taxonomy":"product_brand","embeddable":true,"href":"https:\/\/sculptureshome.com\/pt\/wp-json\/wp\/v2\/product_brand?post=676"},{"taxonomy":"product_cat","embeddable":true,"href":"https:\/\/sculptureshome.com\/pt\/wp-json\/wp\/v2\/product_cat?post=676"},{"taxonomy":"product_tag","embeddable":true,"href":"https:\/\/sculptureshome.com\/pt\/wp-json\/wp\/v2\/product_tag?post=676"}],"curies":[{"name":"wp","href":"https:\/\/api.w.org\/{rel}","templated":true}]}}