{"id":671,"date":"2024-01-28T13:34:44","date_gmt":"2024-01-28T13:34:44","guid":{"rendered":"https:\/\/sculptureshome.com\/?post_type=product&#038;p=671"},"modified":"2024-01-28T13:34:44","modified_gmt":"2024-01-28T13:34:44","slug":"escultura-em-relevo-de-parede-esculpida-em-pedra-fundida-duravel-para-casa","status":"publish","type":"product","link":"https:\/\/sculptureshome.com\/pt\/product\/durable-cast-stone-carved-wall-relief-sculpture-for-home\/","title":{"rendered":"Escultura em relevo de parede esculpida em pedra fundida dur\u00e1vel para casa"},"content":{"rendered":"<div class=\"attribute-item\">\n<div class=\"left\" data-spm-anchor-id=\"a2700.details.0.i87.6a3548b8bzq6Mr\">Local de origem: Guangdong, China<\/div>\n<\/div>\n<div class=\"attribute-item\">\n<div class=\"left\">Tipo: Relevos de pedra<\/div>\n<\/div>\n<div class=\"attribute-item\">\n<div class=\"left\">Material: Arenito<\/div>\n<div class=\"right\">Uso: Decora\u00e7\u00e3o externa<\/div>\n<div>Cor: amarelo, bege, preto<\/div>\n<div>Nome: Escultura de parede em relevo esculpida em pedra fundida<\/div>\n<\/div>\n<div class=\"attribute-item\">\n<div class=\"left\">Caracter\u00edstica: Resist\u00eancia \u00e0 corros\u00e3o<\/div>\n<\/div>","protected":false},"excerpt":{"rendered":"<p>Local de origem: Guangdong, China Tipo: Relevos de pedra Material: Arenito Uso: Decora\u00e7\u00e3o externa Cor: Amarelo, bege, preto Nome: Escultura de relevo de parede esculpida em pedra fundida Caracter\u00edstica: Resist\u00eancia \u00e0 corros\u00e3o<\/p>","protected":false},"featured_media":672,"comment_status":"open","ping_status":"closed","template":"","meta":[],"product_brand":[],"product_cat":[27],"product_tag":[],"class_list":{"0":"post-671","1":"product","2":"type-product","3":"status-publish","4":"has-post-thumbnail","6":"product_cat-relief-sculpture","8":"first","9":"instock","10":"shipping-taxable","11":"product-type-simple"},"_links":{"self":[{"href":"https:\/\/sculptureshome.com\/pt\/wp-json\/wp\/v2\/product\/671","targetHints":{"allow":["GET"]}}],"collection":[{"href":"https:\/\/sculptureshome.com\/pt\/wp-json\/wp\/v2\/product"}],"about":[{"href":"https:\/\/sculptureshome.com\/pt\/wp-json\/wp\/v2\/types\/product"}],"replies":[{"embeddable":true,"href":"https:\/\/sculptureshome.com\/pt\/wp-json\/wp\/v2\/comments?post=671"}],"version-history":[{"count":0,"href":"https:\/\/sculptureshome.com\/pt\/wp-json\/wp\/v2\/product\/671\/revisions"}],"wp:featuredmedia":[{"embeddable":true,"href":"https:\/\/sculptureshome.com\/pt\/wp-json\/wp\/v2\/media\/672"}],"wp:attachment":[{"href":"https:\/\/sculptureshome.com\/pt\/wp-json\/wp\/v2\/media?parent=671"}],"wp:term":[{"taxonomy":"product_brand","embeddable":true,"href":"https:\/\/sculptureshome.com\/pt\/wp-json\/wp\/v2\/product_brand?post=671"},{"taxonomy":"product_cat","embeddable":true,"href":"https:\/\/sculptureshome.com\/pt\/wp-json\/wp\/v2\/product_cat?post=671"},{"taxonomy":"product_tag","embeddable":true,"href":"https:\/\/sculptureshome.com\/pt\/wp-json\/wp\/v2\/product_tag?post=671"}],"curies":[{"name":"wp","href":"https:\/\/api.w.org\/{rel}","templated":true}]}}