{"id":663,"date":"2024-01-28T13:28:25","date_gmt":"2024-01-28T13:28:25","guid":{"rendered":"https:\/\/sculptureshome.com\/?post_type=product&#038;p=663"},"modified":"2024-01-28T13:28:41","modified_gmt":"2024-01-28T13:28:41","slug":"escultura-de-parede-em-relevo-de-dragao-chines-com-padroes-de-entalhe","status":"publish","type":"product","link":"https:\/\/sculptureshome.com\/pt\/product\/chinese-dragon-relief-wall-sculpture-carving-patterns\/","title":{"rendered":"Escultura de parede em relevo de drag\u00e3o chin\u00eas com padr\u00f5es de entalhe"},"content":{"rendered":"<div class=\"attribute-list\">\n<div class=\"attribute-item\">\n<div class=\"left\" data-spm-anchor-id=\"a2700.details.0.i83.18e03a8bycEO57\">Capacidade de solu\u00e7\u00e3o de projetos: design gr\u00e1fico, design de modelo 3D, solu\u00e7\u00e3o total para projetos<\/div>\n<div class=\"right\">Aplicativo: Parque<\/div>\n<div>Estilo de design: Tradicional<\/div>\n<\/div>\n<div class=\"attribute-item\">\n<div class=\"left\" data-spm-anchor-id=\"a2700.details.0.i84.18e03a8bycEO57\">Tipo: decora\u00e7\u00e3o de parede<\/div>\n<\/div>\n<\/div>\n<div class=\"attribute-list\">\n<div class=\"attribute-item\">\n<div class=\"left\">Garantia: Vital\u00edcia<\/div>\n<div class=\"right\">Local de origem: Guangdong, China<\/div>\n<div class=\"right\">Mat\u00e9ria-prima: Argila<\/div>\n<\/div>\n<div class=\"attribute-item\">\n<div class=\"right\">Cor: amarelo, verde, azul<\/div>\n<div>Superf\u00edcie: Brilhante e n\u00e3o esmaltada<\/div>\n<\/div>\n<div class=\"attribute-item\">\n<div class=\"left\">Resist\u00eancia ao congelamento: -45 \u00b0c<\/div>\n<div class=\"right\">T\u00e9cnica: Sinterizado<\/div>\n<div>Vantagem: Fabrica\u00e7\u00e3o manual<\/div>\n<\/div>\n<div class=\"attribute-item\">\n<div class=\"left\">Absor\u00e7\u00e3o de \u00e1gua: 6%<\/div>\n<\/div>\n<div class=\"attribute-item\">\n<div class=\"left\">Aplica\u00e7\u00e3o: para pavimenta\u00e7\u00e3o e decora\u00e7\u00e3o de paredes<\/div>\n<div class=\"right\"><\/div>\n<\/div>\n<\/div>","protected":false},"excerpt":{"rendered":"<p>Capacidade de solu\u00e7\u00e3o de projetos: design gr\u00e1fico, design de modelo 3D, solu\u00e7\u00e3o total para projetos Aplica\u00e7\u00e3o: Estilo de design de parque: Tradicional Tipo: decora\u00e7\u00e3o de parede Garantia: Vital\u00edcia Local de origem: Guangdong, China Mat\u00e9ria-prima: Argila Cor: amarelo, verde, azul Superf\u00edcie: Brilhante e n\u00e3o vitrificada Resist\u00eancia ao congelamento: -45 \u00b0c T\u00e9cnica: Sinterizado Vantagem: feito \u00e0 m\u00e3o Absor\u00e7\u00e3o de \u00e1gua: 6% Aplica\u00e7\u00e3o: para pavimenta\u00e7\u00e3o e decora\u00e7\u00e3o de paredes<\/p>","protected":false},"featured_media":664,"comment_status":"open","ping_status":"closed","template":"","meta":[],"product_brand":[],"product_cat":[27],"product_tag":[],"class_list":{"0":"post-663","1":"product","2":"type-product","3":"status-publish","4":"has-post-thumbnail","6":"product_cat-relief-sculpture","8":"first","9":"instock","10":"shipping-taxable","11":"product-type-simple"},"_links":{"self":[{"href":"https:\/\/sculptureshome.com\/pt\/wp-json\/wp\/v2\/product\/663","targetHints":{"allow":["GET"]}}],"collection":[{"href":"https:\/\/sculptureshome.com\/pt\/wp-json\/wp\/v2\/product"}],"about":[{"href":"https:\/\/sculptureshome.com\/pt\/wp-json\/wp\/v2\/types\/product"}],"replies":[{"embeddable":true,"href":"https:\/\/sculptureshome.com\/pt\/wp-json\/wp\/v2\/comments?post=663"}],"version-history":[{"count":0,"href":"https:\/\/sculptureshome.com\/pt\/wp-json\/wp\/v2\/product\/663\/revisions"}],"wp:featuredmedia":[{"embeddable":true,"href":"https:\/\/sculptureshome.com\/pt\/wp-json\/wp\/v2\/media\/664"}],"wp:attachment":[{"href":"https:\/\/sculptureshome.com\/pt\/wp-json\/wp\/v2\/media?parent=663"}],"wp:term":[{"taxonomy":"product_brand","embeddable":true,"href":"https:\/\/sculptureshome.com\/pt\/wp-json\/wp\/v2\/product_brand?post=663"},{"taxonomy":"product_cat","embeddable":true,"href":"https:\/\/sculptureshome.com\/pt\/wp-json\/wp\/v2\/product_cat?post=663"},{"taxonomy":"product_tag","embeddable":true,"href":"https:\/\/sculptureshome.com\/pt\/wp-json\/wp\/v2\/product_tag?post=663"}],"curies":[{"name":"wp","href":"https:\/\/api.w.org\/{rel}","templated":true}]}}