{"id":655,"date":"2024-01-28T13:22:05","date_gmt":"2024-01-28T13:22:05","guid":{"rendered":"https:\/\/sculptureshome.com\/?post_type=product&#038;p=655"},"modified":"2024-01-28T13:22:05","modified_gmt":"2024-01-28T13:22:05","slug":"figura-moderna-esculpida-em-marmore-de-pedra-natural-para-parede-escultura-em-baixo-relevo","status":"publish","type":"product","link":"https:\/\/sculptureshome.com\/pt\/product\/modern-figure-carved-natural-stone-marble-wall-bas-relief-sculpture\/","title":{"rendered":"Figura moderna esculpida em pedra natural, m\u00e1rmore, parede, baixo-relevo, escultura"},"content":{"rendered":"<div class=\"attribute-list\">\n<div class=\"attribute-item\">\n<div class=\"left\" data-spm-anchor-id=\"a2700.details.0.i87.1d32484brziLzT\">Capacidade de solu\u00e7\u00e3o de projetos: design gr\u00e1fico, design de modelo 3D, solu\u00e7\u00e3o total para projetos, consolida\u00e7\u00e3o de categorias cruzadas<\/div>\n<div class=\"right\">Aplicativo: Vila<\/div>\n<div>Estilo de design: Moderno<\/div>\n<\/div>\n<\/div>\n<div class=\"attribute-list\">\n<div class=\"attribute-item\">\n<div class=\"left\">Local de origem: China<\/div>\n<\/div>\n<div class=\"attribute-item\">\n<div class=\"left\">Estilo: Ocidental<\/div>\n<div class=\"right\">Material: Pedra natural<\/div>\n<div>Cor: branco<\/div>\n<\/div>\n<div class=\"attribute-item\">\n<div class=\"left\">Utiliza\u00e7\u00e3o: Decora\u00e7\u00e3o<\/div>\n<div class=\"right\">Tamanho: Tamanho personalizado<\/div>\n<\/div>\n<div class=\"attribute-item\">\n<div class=\"left\">T\u00e9cnica: Gravado \u00e0 m\u00e3o<\/div>\n<\/div>\n<\/div>","protected":false},"excerpt":{"rendered":"<p>Capacidade de solu\u00e7\u00e3o de projetos: design gr\u00e1fico, design de modelo 3D, solu\u00e7\u00e3o total para projetos, aplica\u00e7\u00e3o de consolida\u00e7\u00e3o de categorias cruzadas: Estilo de design de vilas: Moderno Local de origem: China Estilo: Ocidental Material: Pedra natural Cor: Branco Uso: Decora\u00e7\u00e3o Tamanho: Tamanho personalizado T\u00e9cnica: Cravado \u00e0 m\u00e3o<\/p>","protected":false},"featured_media":656,"comment_status":"open","ping_status":"closed","template":"","meta":[],"product_brand":[],"product_cat":[26],"product_tag":[],"class_list":{"0":"post-655","1":"product","2":"type-product","3":"status-publish","4":"has-post-thumbnail","6":"product_cat-landscape-sculpture","8":"first","9":"instock","10":"shipping-taxable","11":"product-type-simple"},"_links":{"self":[{"href":"https:\/\/sculptureshome.com\/pt\/wp-json\/wp\/v2\/product\/655","targetHints":{"allow":["GET"]}}],"collection":[{"href":"https:\/\/sculptureshome.com\/pt\/wp-json\/wp\/v2\/product"}],"about":[{"href":"https:\/\/sculptureshome.com\/pt\/wp-json\/wp\/v2\/types\/product"}],"replies":[{"embeddable":true,"href":"https:\/\/sculptureshome.com\/pt\/wp-json\/wp\/v2\/comments?post=655"}],"version-history":[{"count":0,"href":"https:\/\/sculptureshome.com\/pt\/wp-json\/wp\/v2\/product\/655\/revisions"}],"wp:featuredmedia":[{"embeddable":true,"href":"https:\/\/sculptureshome.com\/pt\/wp-json\/wp\/v2\/media\/656"}],"wp:attachment":[{"href":"https:\/\/sculptureshome.com\/pt\/wp-json\/wp\/v2\/media?parent=655"}],"wp:term":[{"taxonomy":"product_brand","embeddable":true,"href":"https:\/\/sculptureshome.com\/pt\/wp-json\/wp\/v2\/product_brand?post=655"},{"taxonomy":"product_cat","embeddable":true,"href":"https:\/\/sculptureshome.com\/pt\/wp-json\/wp\/v2\/product_cat?post=655"},{"taxonomy":"product_tag","embeddable":true,"href":"https:\/\/sculptureshome.com\/pt\/wp-json\/wp\/v2\/product_tag?post=655"}],"curies":[{"name":"wp","href":"https:\/\/api.w.org\/{rel}","templated":true}]}}