{"id":639,"date":"2024-01-28T09:47:57","date_gmt":"2024-01-28T09:47:57","guid":{"rendered":"https:\/\/sculptureshome.com\/?post_type=product&#038;p=639"},"modified":"2024-01-28T09:47:57","modified_gmt":"2024-01-28T09:47:57","slug":"topiaria-de-animais-de-grama-artificial-para-paisagens-com-estatua-de-urso-de-resina","status":"publish","type":"product","link":"https:\/\/sculptureshome.com\/pt\/product\/artificial-grass-animal-topiary-landscape-resin-bear-statue\/","title":{"rendered":"Topiaria de animais em grama artificial est\u00e1tua de urso em resina"},"content":{"rendered":"<div class=\"attribute-list\">\n<div class=\"attribute-item\">\n<div class=\"left\" data-spm-anchor-id=\"a2700.details.0.i83.6d1dcc48ASKJqT\">Tema: Flor<\/div>\n<\/div>\n<\/div>\n<div class=\"attribute-list\">\n<div class=\"attribute-item\">\n<div class=\"left\">Local de origem: Guangdong, China<\/div>\n<div class=\"right\">Material: Resina<\/div>\n<div>Estilo: Feng Shui<\/div>\n<\/div>\n<div class=\"attribute-item\">\n<div class=\"left\">Uso: Arte e colecion\u00e1veis<\/div>\n<\/div>\n<div class=\"attribute-item\">\n<div class=\"left\">Material: Fibra de vidro, resina<\/div>\n<div class=\"right\">Tamanho: Tamanho personalizado<\/div>\n<div>Cor: dourado, preto, branco, amarelo ou conforme necess\u00e1rio<\/div>\n<\/div>\n<div class=\"attribute-item\">\n<div class=\"left\">Utiliza\u00e7\u00e3o: Decora\u00e7\u00e3o<\/div>\n<div class=\"right\">Feito sob medida: Dispon\u00edvel<\/div>\n<div>\n<div class=\"left\">Instala\u00e7\u00e3o: Colocar diretamente no exterior\/interior<\/div>\n<div class=\"right\"><\/div>\n<\/div>\n<\/div>\n<div class=\"attribute-item\">\n<div class=\"left\"><\/div>\n<div class=\"right\">\n&nbsp;<\/p>\n<\/div>\n<\/div>\n<div class=\"attribute-item\">\n<div class=\"left\"><\/div>\n<div class=\"right\">\n&nbsp;<\/p>\n<\/div>\n<\/div>\n<div class=\"attribute-item\">\n<div class=\"left\"><\/div>\n<div class=\"right\">\n&nbsp;<\/p>\n<\/div>\n<\/div>\n<div class=\"attribute-item\">\n<div class=\"right\"><\/div>\n<\/div>\n<\/div>","protected":false},"excerpt":{"rendered":"<p>Tema: Flor Local de origem: Guangdong, China Material: Resina Estilo: Feng Shui Uso: Arte e colecion\u00e1vel Material: Fibra de vidro, resina Tamanho: Tamanho personalizado Cor: dourado, preto, branco, amarelo ou conforme necess\u00e1rio Uso: Decora\u00e7\u00e3o Personalizado: Dispon\u00edvel Instala\u00e7\u00e3o: Colocar diretamente no exterior\/interior &nbsp; &nbsp; &nbsp;<\/p>","protected":false},"featured_media":640,"comment_status":"open","ping_status":"closed","template":"","meta":[],"product_brand":[],"product_cat":[26],"product_tag":[],"class_list":{"0":"post-639","1":"product","2":"type-product","3":"status-publish","4":"has-post-thumbnail","6":"product_cat-landscape-sculpture","8":"first","9":"instock","10":"shipping-taxable","11":"product-type-simple"},"_links":{"self":[{"href":"https:\/\/sculptureshome.com\/pt\/wp-json\/wp\/v2\/product\/639","targetHints":{"allow":["GET"]}}],"collection":[{"href":"https:\/\/sculptureshome.com\/pt\/wp-json\/wp\/v2\/product"}],"about":[{"href":"https:\/\/sculptureshome.com\/pt\/wp-json\/wp\/v2\/types\/product"}],"replies":[{"embeddable":true,"href":"https:\/\/sculptureshome.com\/pt\/wp-json\/wp\/v2\/comments?post=639"}],"version-history":[{"count":0,"href":"https:\/\/sculptureshome.com\/pt\/wp-json\/wp\/v2\/product\/639\/revisions"}],"wp:featuredmedia":[{"embeddable":true,"href":"https:\/\/sculptureshome.com\/pt\/wp-json\/wp\/v2\/media\/640"}],"wp:attachment":[{"href":"https:\/\/sculptureshome.com\/pt\/wp-json\/wp\/v2\/media?parent=639"}],"wp:term":[{"taxonomy":"product_brand","embeddable":true,"href":"https:\/\/sculptureshome.com\/pt\/wp-json\/wp\/v2\/product_brand?post=639"},{"taxonomy":"product_cat","embeddable":true,"href":"https:\/\/sculptureshome.com\/pt\/wp-json\/wp\/v2\/product_cat?post=639"},{"taxonomy":"product_tag","embeddable":true,"href":"https:\/\/sculptureshome.com\/pt\/wp-json\/wp\/v2\/product_tag?post=639"}],"curies":[{"name":"wp","href":"https:\/\/api.w.org\/{rel}","templated":true}]}}