{"id":623,"date":"2024-01-28T09:40:11","date_gmt":"2024-01-28T09:40:11","guid":{"rendered":"https:\/\/sculptureshome.com\/?post_type=product&#038;p=623"},"modified":"2024-03-08T13:05:56","modified_gmt":"2024-03-08T13:05:56","slug":"escultura-de-fibra-de-vidro-para-simulacao-de-borboleta-em-jardim-externo","status":"publish","type":"product","link":"https:\/\/sculptureshome.com\/pt\/product\/outdoor-garden-simulation-butterfly-fiberglass-sculpture\/","title":{"rendered":"Escultura de fibra de vidro com simula\u00e7\u00e3o de borboleta para jardim externo"},"content":{"rendered":"<div class=\"attribute-item\">\n<div class=\"left\" data-spm-anchor-id=\"a2700.details.0.i88.4f132bb9RE8Zrt\">Local de origem: Guangdong, China<\/div>\n<\/div>\n<div class=\"attribute-item\">\n<div class=\"left\">Material: Resina<\/div>\n<div class=\"right\">Estilo\uff1aArtificial<\/div>\n<div>Uso: Decora\u00e7\u00e3o de casa<\/div>\n<\/div>\n<div class=\"attribute-item\">\n<div class=\"left\" data-spm-anchor-id=\"a2700.details.0.i87.4f132bb9RE8Zrt\">Recurso regional\uff1aEuropa<\/div>\n<\/div>\n<div class=\"attribute-item\">\n<div class=\"left\">Utiliza\u00e7\u00e3o\uff1aDecora\u00e7\u00e3o de casa e presentes<\/div>\n<div class=\"right\">Tamanho: Tamanho personalizado<\/div>\n<div>Cor: Cor personalizada<\/div>\n<\/div>\n<div class=\"attribute-item\">\n<div class=\"left\">Material: Material de resina<\/div>\n<\/div>","protected":false},"excerpt":{"rendered":"<p>Local de origem: Guangdong, China Material: Resina Estilo: Artificial Uso: Decora\u00e7\u00e3o de casa Caracter\u00edstica regional: Europa Uso: Presentes para decora\u00e7\u00e3o de casa Tamanho: Tamanho personalizado Cor: Cor personalizada Material: Resina<\/p>","protected":false},"featured_media":624,"comment_status":"open","ping_status":"closed","template":"","meta":[],"product_brand":[],"product_cat":[30,26],"product_tag":[],"class_list":{"0":"post-623","1":"product","2":"type-product","3":"status-publish","4":"has-post-thumbnail","6":"product_cat-fiberglass-sculpture","7":"product_cat-landscape-sculpture","9":"first","10":"instock","11":"shipping-taxable","12":"product-type-simple"},"_links":{"self":[{"href":"https:\/\/sculptureshome.com\/pt\/wp-json\/wp\/v2\/product\/623","targetHints":{"allow":["GET"]}}],"collection":[{"href":"https:\/\/sculptureshome.com\/pt\/wp-json\/wp\/v2\/product"}],"about":[{"href":"https:\/\/sculptureshome.com\/pt\/wp-json\/wp\/v2\/types\/product"}],"replies":[{"embeddable":true,"href":"https:\/\/sculptureshome.com\/pt\/wp-json\/wp\/v2\/comments?post=623"}],"version-history":[{"count":0,"href":"https:\/\/sculptureshome.com\/pt\/wp-json\/wp\/v2\/product\/623\/revisions"}],"wp:featuredmedia":[{"embeddable":true,"href":"https:\/\/sculptureshome.com\/pt\/wp-json\/wp\/v2\/media\/624"}],"wp:attachment":[{"href":"https:\/\/sculptureshome.com\/pt\/wp-json\/wp\/v2\/media?parent=623"}],"wp:term":[{"taxonomy":"product_brand","embeddable":true,"href":"https:\/\/sculptureshome.com\/pt\/wp-json\/wp\/v2\/product_brand?post=623"},{"taxonomy":"product_cat","embeddable":true,"href":"https:\/\/sculptureshome.com\/pt\/wp-json\/wp\/v2\/product_cat?post=623"},{"taxonomy":"product_tag","embeddable":true,"href":"https:\/\/sculptureshome.com\/pt\/wp-json\/wp\/v2\/product_tag?post=623"}],"curies":[{"name":"wp","href":"https:\/\/api.w.org\/{rel}","templated":true}]}}