{"id":607,"date":"2024-01-28T09:31:49","date_gmt":"2024-01-28T09:31:49","guid":{"rendered":"https:\/\/sculptureshome.com\/?post_type=product&#038;p=607"},"modified":"2024-03-08T13:06:23","modified_gmt":"2024-03-08T13:06:23","slug":"simulacao-de-modelo-de-decoracao-de-cavalo-branco","status":"publish","type":"product","link":"https:\/\/sculptureshome.com\/pt\/product\/simulation-white-horse-decoration-model\/","title":{"rendered":"Modelo de simula\u00e7\u00e3o de decora\u00e7\u00e3o de cavalo branco"},"content":{"rendered":"<div class=\"attribute-list\">\n<div class=\"attribute-item\">\n<div class=\"left\" data-spm-anchor-id=\"a2700.details.0.i85.799f3ad7RjVEuc\">Tema: Animal<\/div>\n<div class=\"right\">Local de origem: Guangdong.China<\/div>\n<\/div>\n<\/div>\n<div class=\"attribute-list\">\n<div class=\"attribute-item\">\n<div class=\"left\">Material: Resina<\/div>\n<div class=\"right\">Estilo: Artificial<\/div>\n<div>Utiliza\u00e7\u00e3o: Decora\u00e7\u00e3o de casa\/jardim\/exterior...<\/div>\n<\/div>\n<div class=\"attribute-item\"><\/div>\n<div class=\"attribute-item\">\n<div class=\"right\"><\/div>\n<\/div>\n<div class=\"attribute-item\">\n<div class=\"left\">Nome\uff1aEst\u00e1tua de jardim artesanal de fibra de vidro<\/div>\n<div class=\"right\">Tamanho: Tamanho personalizado<\/div>\n<div>Cor: Cor personalizada<\/div>\n<\/div>\n<div class=\"attribute-item\">\n<div class=\"left\">Caracter\u00edstica: Ecologicamente correto<\/div>\n<\/div>\n<\/div>","protected":false},"excerpt":{"rendered":"<p>Tema: Animal Local de origem: Guangdong.China Material: Resina Estilo: Artificial Uso: Exterior\/Jardim\/Decora\u00e7\u00e3o de casa... Nome: Est\u00e1tua de jardim artesanal de fibra de vidro Tamanho: Tamanho personalizado Cor: Cor personalizada Caracter\u00edstica: Ecologicamente correto<\/p>","protected":false},"featured_media":608,"comment_status":"open","ping_status":"closed","template":"","meta":[],"product_brand":[],"product_cat":[30,26],"product_tag":[],"class_list":{"0":"post-607","1":"product","2":"type-product","3":"status-publish","4":"has-post-thumbnail","6":"product_cat-fiberglass-sculpture","7":"product_cat-landscape-sculpture","9":"first","10":"instock","11":"shipping-taxable","12":"product-type-simple"},"_links":{"self":[{"href":"https:\/\/sculptureshome.com\/pt\/wp-json\/wp\/v2\/product\/607","targetHints":{"allow":["GET"]}}],"collection":[{"href":"https:\/\/sculptureshome.com\/pt\/wp-json\/wp\/v2\/product"}],"about":[{"href":"https:\/\/sculptureshome.com\/pt\/wp-json\/wp\/v2\/types\/product"}],"replies":[{"embeddable":true,"href":"https:\/\/sculptureshome.com\/pt\/wp-json\/wp\/v2\/comments?post=607"}],"version-history":[{"count":0,"href":"https:\/\/sculptureshome.com\/pt\/wp-json\/wp\/v2\/product\/607\/revisions"}],"wp:featuredmedia":[{"embeddable":true,"href":"https:\/\/sculptureshome.com\/pt\/wp-json\/wp\/v2\/media\/608"}],"wp:attachment":[{"href":"https:\/\/sculptureshome.com\/pt\/wp-json\/wp\/v2\/media?parent=607"}],"wp:term":[{"taxonomy":"product_brand","embeddable":true,"href":"https:\/\/sculptureshome.com\/pt\/wp-json\/wp\/v2\/product_brand?post=607"},{"taxonomy":"product_cat","embeddable":true,"href":"https:\/\/sculptureshome.com\/pt\/wp-json\/wp\/v2\/product_cat?post=607"},{"taxonomy":"product_tag","embeddable":true,"href":"https:\/\/sculptureshome.com\/pt\/wp-json\/wp\/v2\/product_tag?post=607"}],"curies":[{"name":"wp","href":"https:\/\/api.w.org\/{rel}","templated":true}]}}