{"id":567,"date":"2024-01-28T08:50:33","date_gmt":"2024-01-28T08:50:33","guid":{"rendered":"https:\/\/sculptureshome.com\/?post_type=product&#038;p=567"},"modified":"2024-02-10T06:26:06","modified_gmt":"2024-02-10T06:26:06","slug":"cervo-de-cobre-personalizado-para-decoracao-estatua-gigante-de-animal","status":"publish","type":"product","link":"https:\/\/sculptureshome.com\/pt\/product\/custom-copper-deer-for-decor-giant-animal-statue\/","title":{"rendered":"Cervo de cobre personalizado para decora\u00e7\u00e3o Est\u00e1tua de animal gigante"},"content":{"rendered":"<div class=\"attribute-item\">\n<div class=\"left\" data-spm-anchor-id=\"a2700.details.0.i75.1f076726idQAzw\">Local de origem: Guangdong, China<\/div>\n<div class=\"right\">Material: Resina<\/div>\n<div>Estilo: Artificial<\/div>\n<\/div>\n<div class=\"attribute-item\">\n<div class=\"left\">Uso: Decora\u00e7\u00e3o de casa<\/div>\n<div class=\"right\">Recurso regional: China<\/div>\n<\/div>\n<div class=\"attribute-item\">\n<div class=\"left\">Tamanho: Tamanho personalizado<\/div>\n<div class=\"right\">Cor: cor personalizada<\/div>\n<\/div>\n<div class=\"attribute-item\">\n<div class=\"left\">Material: Fibra de vidro<\/div>\n<div class=\"right\">Logotipo: Aceita logotipo personalizado<\/div>\n<div>Forma: Forma personalizada<\/div>\n<\/div>\n<div class=\"attribute-item\">\n<div class=\"left\">Fun\u00e7\u00e3o: Decoraive<\/div>\n<div class=\"right\">\n&nbsp;<\/p>\n<\/div>\n<\/div>\n<div class=\"attribute-item\">\n<div class=\"left\"><\/div>\n<div class=\"right\">\n&nbsp;<\/p>\n<\/div>\n<\/div>\n<div class=\"attribute-item\">\n<div class=\"left\"><\/div>\n<div class=\"right\"><\/div>\n<\/div>","protected":false},"excerpt":{"rendered":"<p>Local de origem: Guangdong, China Material: Resina Estilo: Artificial Uso: Decora\u00e7\u00e3o de casa Caracter\u00edstica regional: China Tamanho: Tamanho personalizado Cor: Cor personalizada Material: Fibra de vidro Logotipo: Logotipo personalizado Aceitar forma: Forma personalizada Fun\u00e7\u00e3o: Decorativo &nbsp; &nbsp;<\/p>","protected":false},"featured_media":568,"comment_status":"open","ping_status":"closed","template":"","meta":[],"product_brand":[],"product_cat":[30],"product_tag":[],"class_list":{"0":"post-567","1":"product","2":"type-product","3":"status-publish","4":"has-post-thumbnail","6":"product_cat-fiberglass-sculpture","8":"first","9":"instock","10":"shipping-taxable","11":"product-type-simple"},"_links":{"self":[{"href":"https:\/\/sculptureshome.com\/pt\/wp-json\/wp\/v2\/product\/567","targetHints":{"allow":["GET"]}}],"collection":[{"href":"https:\/\/sculptureshome.com\/pt\/wp-json\/wp\/v2\/product"}],"about":[{"href":"https:\/\/sculptureshome.com\/pt\/wp-json\/wp\/v2\/types\/product"}],"replies":[{"embeddable":true,"href":"https:\/\/sculptureshome.com\/pt\/wp-json\/wp\/v2\/comments?post=567"}],"version-history":[{"count":0,"href":"https:\/\/sculptureshome.com\/pt\/wp-json\/wp\/v2\/product\/567\/revisions"}],"wp:featuredmedia":[{"embeddable":true,"href":"https:\/\/sculptureshome.com\/pt\/wp-json\/wp\/v2\/media\/568"}],"wp:attachment":[{"href":"https:\/\/sculptureshome.com\/pt\/wp-json\/wp\/v2\/media?parent=567"}],"wp:term":[{"taxonomy":"product_brand","embeddable":true,"href":"https:\/\/sculptureshome.com\/pt\/wp-json\/wp\/v2\/product_brand?post=567"},{"taxonomy":"product_cat","embeddable":true,"href":"https:\/\/sculptureshome.com\/pt\/wp-json\/wp\/v2\/product_cat?post=567"},{"taxonomy":"product_tag","embeddable":true,"href":"https:\/\/sculptureshome.com\/pt\/wp-json\/wp\/v2\/product_tag?post=567"}],"curies":[{"name":"wp","href":"https:\/\/api.w.org\/{rel}","templated":true}]}}