{"id":547,"date":"2024-01-28T08:36:01","date_gmt":"2024-01-28T08:36:01","guid":{"rendered":"https:\/\/sculptureshome.com\/?post_type=product&#038;p=547"},"modified":"2024-01-28T08:36:01","modified_gmt":"2024-01-28T08:36:01","slug":"decoracao-de-casa-escultura-moderna-de-resina","status":"publish","type":"product","link":"https:\/\/sculptureshome.com\/pt\/product\/home-decor-modern-resin-sculpture\/","title":{"rendered":"Decora\u00e7\u00e3o de casa Escultura moderna de resina"},"content":{"rendered":"<div class=\"attribute-item\">\n<div class=\"left\">Local de origem: Guangdong, China<\/div>\n<div class=\"right\">Material: Resina<\/div>\n<div>Estilo: Artificial<\/div>\n<\/div>\n<div class=\"attribute-item\">\n<div class=\"left\">Uso: Decora\u00e7\u00e3o de casa<\/div>\n<div class=\"right\">Recurso regional: Europa<\/div>\n<\/div>\n<div class=\"attribute-item\">\n<div class=\"left\">Material: Resina<\/div>\n<div class=\"right\">Estilo: Luxo<\/div>\n<div>Uso: Decora\u00e7\u00e3o e presente de Natal<\/div>\n<\/div>\n<div class=\"attribute-item\">\n<div class=\"left\">Tamanho: Tamanho personalizado<\/div>\n<div class=\"right\">Cor: cor personalizada<\/div>\n<\/div>","protected":false},"excerpt":{"rendered":"<p>Local de origem: Guangdong, China Material: Resina Estilo: Artificial Uso: Decora\u00e7\u00e3o de casa Caracter\u00edstica regional: Europa Material: Resina Estilo: Luxo Uso: Decora\u00e7\u00e3o de f\u00e9rias e presente Tamanho: Tamanho personalizado Cor: Cor personalizada<\/p>","protected":false},"featured_media":548,"comment_status":"open","ping_status":"closed","template":"","meta":[],"product_brand":[],"product_cat":[25],"product_tag":[],"class_list":{"0":"post-547","1":"product","2":"type-product","3":"status-publish","4":"has-post-thumbnail","6":"product_cat-decorative-sculpture","8":"first","9":"instock","10":"shipping-taxable","11":"product-type-simple"},"_links":{"self":[{"href":"https:\/\/sculptureshome.com\/pt\/wp-json\/wp\/v2\/product\/547","targetHints":{"allow":["GET"]}}],"collection":[{"href":"https:\/\/sculptureshome.com\/pt\/wp-json\/wp\/v2\/product"}],"about":[{"href":"https:\/\/sculptureshome.com\/pt\/wp-json\/wp\/v2\/types\/product"}],"replies":[{"embeddable":true,"href":"https:\/\/sculptureshome.com\/pt\/wp-json\/wp\/v2\/comments?post=547"}],"version-history":[{"count":0,"href":"https:\/\/sculptureshome.com\/pt\/wp-json\/wp\/v2\/product\/547\/revisions"}],"wp:featuredmedia":[{"embeddable":true,"href":"https:\/\/sculptureshome.com\/pt\/wp-json\/wp\/v2\/media\/548"}],"wp:attachment":[{"href":"https:\/\/sculptureshome.com\/pt\/wp-json\/wp\/v2\/media?parent=547"}],"wp:term":[{"taxonomy":"product_brand","embeddable":true,"href":"https:\/\/sculptureshome.com\/pt\/wp-json\/wp\/v2\/product_brand?post=547"},{"taxonomy":"product_cat","embeddable":true,"href":"https:\/\/sculptureshome.com\/pt\/wp-json\/wp\/v2\/product_cat?post=547"},{"taxonomy":"product_tag","embeddable":true,"href":"https:\/\/sculptureshome.com\/pt\/wp-json\/wp\/v2\/product_tag?post=547"}],"curies":[{"name":"wp","href":"https:\/\/api.w.org\/{rel}","templated":true}]}}