{"id":540,"date":"2024-01-28T08:31:41","date_gmt":"2024-01-28T08:31:41","guid":{"rendered":"https:\/\/sculptureshome.com\/?post_type=product&#038;p=540"},"modified":"2024-01-28T08:31:41","modified_gmt":"2024-01-28T08:31:41","slug":"esculturas-modernas-para-casa-decoracao-da-casa","status":"publish","type":"product","link":"https:\/\/sculptureshome.com\/pt\/product\/modern-home-sculptures-house-decor\/","title":{"rendered":"Esculturas modernas para casa Decora\u00e7\u00e3o da casa"},"content":{"rendered":"<div class=\"attribute-list\">\n<div class=\"attribute-item\">\n<div class=\"left\" data-spm-anchor-id=\"a2700.details.0.i87.767f76f1coIM2G\">Estilo de design: Art Deco<\/div>\n<\/div>\n<\/div>\n<div class=\"attribute-list\">\n<div class=\"attribute-item\">\n<div class=\"left\">Local de origem: Guangdong, China<\/div>\n<div class=\"right\">Ocasi\u00e3o: diariamente<\/div>\n<\/div>\n<div class=\"attribute-item\">\n<div class=\"right\">Material: poliresina<\/div>\n<\/div>\n<div class=\"attribute-item\">\n<div class=\"right\">Utiliza\u00e7\u00e3o: Decorativo<\/div>\n<div>Forma: Irregular<\/div>\n<\/div>\n<div class=\"attribute-item\">\n<div class=\"left\">Padr\u00e3o: Retrato<\/div>\n<div class=\"right\">Tema: Arte<\/div>\n<\/div>\n<div class=\"attribute-item\">\n<div class=\"left\">Fun\u00e7\u00e3o: M\u00d3VEL, Decora\u00e7\u00e3o de casa<\/div>\n<div class=\"right\">Tipo: decora\u00e7\u00e3o para casa, escultura para decora\u00e7\u00e3o<\/div>\n<div>Material: poliresina<\/div>\n<\/div>\n<div class=\"attribute-item\">\n<div class=\"left\">Aplica\u00e7\u00e3o: casa, hotel, escrit\u00f3rio<\/div>\n<\/div>\n<\/div>","protected":false},"excerpt":{"rendered":"<p>Estilo de design: Art Deco Local de origem: Guangdong, China Ocasi\u00e3o: uso di\u00e1rio Material: poliresina Uso: Forma decorativa: Padr\u00e3o irregular: Tema do retrato: Arte Fun\u00e7\u00e3o: MOV\u00cdVEL, decora\u00e7\u00e3o de casa Tipo: decora\u00e7\u00e3o de casa, escultura de decora\u00e7\u00e3o Material: poliresina Aplica\u00e7\u00e3o: casa, hotel, escrit\u00f3rio<\/p>","protected":false},"featured_media":541,"comment_status":"open","ping_status":"closed","template":"","meta":[],"product_brand":[],"product_cat":[25],"product_tag":[],"class_list":{"0":"post-540","1":"product","2":"type-product","3":"status-publish","4":"has-post-thumbnail","6":"product_cat-decorative-sculpture","8":"first","9":"instock","10":"shipping-taxable","11":"product-type-simple"},"_links":{"self":[{"href":"https:\/\/sculptureshome.com\/pt\/wp-json\/wp\/v2\/product\/540","targetHints":{"allow":["GET"]}}],"collection":[{"href":"https:\/\/sculptureshome.com\/pt\/wp-json\/wp\/v2\/product"}],"about":[{"href":"https:\/\/sculptureshome.com\/pt\/wp-json\/wp\/v2\/types\/product"}],"replies":[{"embeddable":true,"href":"https:\/\/sculptureshome.com\/pt\/wp-json\/wp\/v2\/comments?post=540"}],"version-history":[{"count":0,"href":"https:\/\/sculptureshome.com\/pt\/wp-json\/wp\/v2\/product\/540\/revisions"}],"wp:featuredmedia":[{"embeddable":true,"href":"https:\/\/sculptureshome.com\/pt\/wp-json\/wp\/v2\/media\/541"}],"wp:attachment":[{"href":"https:\/\/sculptureshome.com\/pt\/wp-json\/wp\/v2\/media?parent=540"}],"wp:term":[{"taxonomy":"product_brand","embeddable":true,"href":"https:\/\/sculptureshome.com\/pt\/wp-json\/wp\/v2\/product_brand?post=540"},{"taxonomy":"product_cat","embeddable":true,"href":"https:\/\/sculptureshome.com\/pt\/wp-json\/wp\/v2\/product_cat?post=540"},{"taxonomy":"product_tag","embeddable":true,"href":"https:\/\/sculptureshome.com\/pt\/wp-json\/wp\/v2\/product_tag?post=540"}],"curies":[{"name":"wp","href":"https:\/\/api.w.org\/{rel}","templated":true}]}}