{"id":508,"date":"2024-01-28T08:04:20","date_gmt":"2024-01-28T08:04:20","guid":{"rendered":"https:\/\/sculptureshome.com\/?post_type=product&#038;p=508"},"modified":"2024-01-28T08:04:20","modified_gmt":"2024-01-28T08:04:20","slug":"escultura-humana-moderna-em-molde-de-resina","status":"publish","type":"product","link":"https:\/\/sculptureshome.com\/pt\/product\/modern-resin-mould-human-sculpture\/","title":{"rendered":"Escultura humana moderna em molde de resina"},"content":{"rendered":"<div class=\"attribute-item\">\n<div class=\"left\">Local de origem: Guangdong, China<\/div>\n<\/div>\n<div class=\"attribute-item\">\n<div class=\"left\">Material: Resina<\/div>\n<div class=\"right\">Estilo: moderno<\/div>\n<div>Uso: Decora\u00e7\u00e3o de casa<\/div>\n<\/div>\n<div class=\"attribute-item\">\n<div class=\"right\">Uso: presentes, decora\u00e7\u00f5es para casa<\/div>\n<\/div>\n<div class=\"attribute-item\">\n<div class=\"right\">Caracter\u00edstica: Esculpido \u00e0 m\u00e3o<\/div>\n<\/div>\n<div class=\"attribute-item\">\n<div class=\"left\">amostra: Dispon\u00edvel<\/div>\n<\/div>","protected":false},"excerpt":{"rendered":"<p>Local de origem: Guangdong,China Material: Resina Estilo: moderno Uso: Decora\u00e7\u00e3o de casa Uso: presentes, decora\u00e7\u00f5es de casa Caracter\u00edstica: Amostra esculpida feita \u00e0 m\u00e3o: Dispon\u00edvel<\/p>","protected":false},"featured_media":509,"comment_status":"open","ping_status":"closed","template":"","meta":[],"product_brand":[],"product_cat":[24],"product_tag":[],"class_list":{"0":"post-508","1":"product","2":"type-product","3":"status-publish","4":"has-post-thumbnail","6":"product_cat-human-statue","8":"first","9":"instock","10":"shipping-taxable","11":"product-type-simple"},"_links":{"self":[{"href":"https:\/\/sculptureshome.com\/pt\/wp-json\/wp\/v2\/product\/508","targetHints":{"allow":["GET"]}}],"collection":[{"href":"https:\/\/sculptureshome.com\/pt\/wp-json\/wp\/v2\/product"}],"about":[{"href":"https:\/\/sculptureshome.com\/pt\/wp-json\/wp\/v2\/types\/product"}],"replies":[{"embeddable":true,"href":"https:\/\/sculptureshome.com\/pt\/wp-json\/wp\/v2\/comments?post=508"}],"version-history":[{"count":0,"href":"https:\/\/sculptureshome.com\/pt\/wp-json\/wp\/v2\/product\/508\/revisions"}],"wp:featuredmedia":[{"embeddable":true,"href":"https:\/\/sculptureshome.com\/pt\/wp-json\/wp\/v2\/media\/509"}],"wp:attachment":[{"href":"https:\/\/sculptureshome.com\/pt\/wp-json\/wp\/v2\/media?parent=508"}],"wp:term":[{"taxonomy":"product_brand","embeddable":true,"href":"https:\/\/sculptureshome.com\/pt\/wp-json\/wp\/v2\/product_brand?post=508"},{"taxonomy":"product_cat","embeddable":true,"href":"https:\/\/sculptureshome.com\/pt\/wp-json\/wp\/v2\/product_cat?post=508"},{"taxonomy":"product_tag","embeddable":true,"href":"https:\/\/sculptureshome.com\/pt\/wp-json\/wp\/v2\/product_tag?post=508"}],"curies":[{"name":"wp","href":"https:\/\/api.w.org\/{rel}","templated":true}]}}