{"id":499,"date":"2024-01-28T08:00:29","date_gmt":"2024-01-28T08:00:29","guid":{"rendered":"https:\/\/sculptureshome.com\/?post_type=product&#038;p=499"},"modified":"2024-01-28T08:00:29","modified_gmt":"2024-01-28T08:00:29","slug":"simulacao-de-filme-de-super-heroi-estatuas-em-tamanho-humano","status":"publish","type":"product","link":"https:\/\/sculptureshome.com\/pt\/product\/simulation-super-hero-movie-human-size-statues\/","title":{"rendered":"Simula\u00e7\u00e3o de filme de super-her\u00f3i Est\u00e1tuas em tamanho humano"},"content":{"rendered":"<div class=\"attribute-item\">\n<div class=\"left\" data-spm-anchor-id=\"a2700.details.0.i88.5bde6894SH1xG5\">Local de origem: Guangdong, China<\/div>\n<div class=\"right\">Material: Resina<\/div>\n<div>Estilo: Artificial<\/div>\n<\/div>\n<div class=\"attribute-item\">\n<div class=\"left\">Uso: Arte e colecion\u00e1veis<\/div>\n<div class=\"right\">Recurso regional: China<\/div>\n<\/div>\n<div class=\"attribute-item\">\n<div class=\"left\">Material: Silicone e fibra de vidro<\/div>\n<\/div>\n<div class=\"attribute-item\">\n<div class=\"left\">Tamanho: Pode ser personalizado<\/div>\n<div class=\"right\">Roupas: feitas sob medida<\/div>\n<\/div>\n<div class=\"attribute-item\">\n<div class=\"left\">Vida \u00fatil: Pelo menos 20 anos<\/div>\n<div class=\"right\">\n&nbsp;<\/p>\n<\/div>\n<\/div>\n<div class=\"attribute-item\">\n<div class=\"left\"><\/div>\n<div class=\"right\">\n&nbsp;<\/p>\n<\/div>\n<\/div>\n<div class=\"attribute-item\">\n<div class=\"left\"><\/div>\n<div class=\"right\">\n&nbsp;<\/p>\n<\/div>\n<\/div>\n<div class=\"attribute-item\">\n<div class=\"left\">Temperatura<\/div>\n<div class=\"right\">A temperatura ambiente est\u00e1 ok&nbsp;<\/p>\n<\/div>\n<\/div>\n<div class=\"attribute-item\">\n<div class=\"left\">Manuten\u00e7\u00e3o<\/div>\n<div class=\"right\">Suporte de manuten\u00e7\u00e3o de longa dura\u00e7\u00e3o<\/div>\n<\/div>","protected":false},"excerpt":{"rendered":"<p>Local de origem: Guangdong, China Material: Resina Estilo: Artificial Uso: Arte e colecion\u00e1veis Caracter\u00edstica regional: China Material: Silicone e fibra de vidro Tamanho: Pode ser personalizado Vestu\u00e1rio: feito sob medida Vida \u00fatil: Pelo menos 20 anos Temperatura A temperatura ambiente est\u00e1 ok Manuten\u00e7\u00e3o Suporte de manuten\u00e7\u00e3o de longa dura\u00e7\u00e3o<\/p>","protected":false},"featured_media":501,"comment_status":"open","ping_status":"closed","template":"","meta":[],"product_brand":[],"product_cat":[24],"product_tag":[],"class_list":{"0":"post-499","1":"product","2":"type-product","3":"status-publish","4":"has-post-thumbnail","6":"product_cat-human-statue","8":"first","9":"instock","10":"shipping-taxable","11":"product-type-simple"},"_links":{"self":[{"href":"https:\/\/sculptureshome.com\/pt\/wp-json\/wp\/v2\/product\/499","targetHints":{"allow":["GET"]}}],"collection":[{"href":"https:\/\/sculptureshome.com\/pt\/wp-json\/wp\/v2\/product"}],"about":[{"href":"https:\/\/sculptureshome.com\/pt\/wp-json\/wp\/v2\/types\/product"}],"replies":[{"embeddable":true,"href":"https:\/\/sculptureshome.com\/pt\/wp-json\/wp\/v2\/comments?post=499"}],"version-history":[{"count":0,"href":"https:\/\/sculptureshome.com\/pt\/wp-json\/wp\/v2\/product\/499\/revisions"}],"wp:featuredmedia":[{"embeddable":true,"href":"https:\/\/sculptureshome.com\/pt\/wp-json\/wp\/v2\/media\/501"}],"wp:attachment":[{"href":"https:\/\/sculptureshome.com\/pt\/wp-json\/wp\/v2\/media?parent=499"}],"wp:term":[{"taxonomy":"product_brand","embeddable":true,"href":"https:\/\/sculptureshome.com\/pt\/wp-json\/wp\/v2\/product_brand?post=499"},{"taxonomy":"product_cat","embeddable":true,"href":"https:\/\/sculptureshome.com\/pt\/wp-json\/wp\/v2\/product_cat?post=499"},{"taxonomy":"product_tag","embeddable":true,"href":"https:\/\/sculptureshome.com\/pt\/wp-json\/wp\/v2\/product_tag?post=499"}],"curies":[{"name":"wp","href":"https:\/\/api.w.org\/{rel}","templated":true}]}}