{"id":492,"date":"2024-01-28T07:55:51","date_gmt":"2024-01-28T07:55:51","guid":{"rendered":"https:\/\/sculptureshome.com\/?post_type=product&#038;p=492"},"modified":"2024-03-08T13:08:58","modified_gmt":"2024-03-08T13:08:58","slug":"estatua-colorida-em-fibra-de-vidro-em-tamanho-natural-do-soldado-quebra-nozes","status":"publish","type":"product","link":"https:\/\/sculptureshome.com\/pt\/product\/colorful-nutcracker-soldier-fiberglass-life-size-statue\/","title":{"rendered":"Est\u00e1tua colorida em fibra de vidro em tamanho natural do soldado quebra-nozes"},"content":{"rendered":"<div class=\"attribute-item\">\n<div class=\"left\" data-spm-anchor-id=\"a2700.details.0.i87.750765b5aVgCYi\">Local de origem: Zhejiang, China<\/div>\n<div class=\"right\">Material: Resina<\/div>\n<div>Estilo: Arte popular Belas artes Arte p\u00fablica<\/div>\n<\/div>\n<div class=\"attribute-item\">\n<div class=\"left\">Uso: Decora\u00e7\u00e3o e presente de Natal<\/div>\n<\/div>\n<div class=\"attribute-item\">\n<div class=\"left\">Material: Fibra de vidro, etc.<\/div>\n<\/div>\n<div class=\"attribute-item\">\n<div class=\"left\">Vantagens: Produ\u00e7\u00e3o profissional<\/div>\n<div class=\"right\">Forma, tamanho: suporte \u00e0 personaliza\u00e7\u00e3o<\/div>\n<div>Cor: qualquer cor<\/div>\n<\/div>","protected":false},"excerpt":{"rendered":"<p>Local de origem: Zhejiang, China Material: Resina Estilo: Arte popular Arte p\u00fablica Arte fina Uso: Decora\u00e7\u00e3o de feriado e presente Material: Fibra de vidro, etc. Vantagem: Produ\u00e7\u00e3o profissional Forma, tamanho: personaliza\u00e7\u00e3o de suporte Cor: qualquer cor<\/p>","protected":false},"featured_media":493,"comment_status":"open","ping_status":"closed","template":"","meta":[],"product_brand":[],"product_cat":[30,24],"product_tag":[],"class_list":{"0":"post-492","1":"product","2":"type-product","3":"status-publish","4":"has-post-thumbnail","6":"product_cat-fiberglass-sculpture","7":"product_cat-human-statue","9":"first","10":"instock","11":"shipping-taxable","12":"product-type-simple"},"_links":{"self":[{"href":"https:\/\/sculptureshome.com\/pt\/wp-json\/wp\/v2\/product\/492","targetHints":{"allow":["GET"]}}],"collection":[{"href":"https:\/\/sculptureshome.com\/pt\/wp-json\/wp\/v2\/product"}],"about":[{"href":"https:\/\/sculptureshome.com\/pt\/wp-json\/wp\/v2\/types\/product"}],"replies":[{"embeddable":true,"href":"https:\/\/sculptureshome.com\/pt\/wp-json\/wp\/v2\/comments?post=492"}],"version-history":[{"count":0,"href":"https:\/\/sculptureshome.com\/pt\/wp-json\/wp\/v2\/product\/492\/revisions"}],"wp:featuredmedia":[{"embeddable":true,"href":"https:\/\/sculptureshome.com\/pt\/wp-json\/wp\/v2\/media\/493"}],"wp:attachment":[{"href":"https:\/\/sculptureshome.com\/pt\/wp-json\/wp\/v2\/media?parent=492"}],"wp:term":[{"taxonomy":"product_brand","embeddable":true,"href":"https:\/\/sculptureshome.com\/pt\/wp-json\/wp\/v2\/product_brand?post=492"},{"taxonomy":"product_cat","embeddable":true,"href":"https:\/\/sculptureshome.com\/pt\/wp-json\/wp\/v2\/product_cat?post=492"},{"taxonomy":"product_tag","embeddable":true,"href":"https:\/\/sculptureshome.com\/pt\/wp-json\/wp\/v2\/product_tag?post=492"}],"curies":[{"name":"wp","href":"https:\/\/api.w.org\/{rel}","templated":true}]}}