{"id":468,"date":"2024-01-28T07:38:42","date_gmt":"2024-01-28T07:38:42","guid":{"rendered":"https:\/\/sculptureshome.com\/?post_type=product&#038;p=468"},"modified":"2024-01-28T07:38:42","modified_gmt":"2024-01-28T07:38:42","slug":"escultura-de-estatua-em-tamanho-humano-para-decoracao-de-casa","status":"publish","type":"product","link":"https:\/\/sculptureshome.com\/pt\/product\/human-size-statue-sculpture-for-home-dekoration\/","title":{"rendered":"Escultura de est\u00e1tua em tamanho humano para decora\u00e7\u00e3o de casa"},"content":{"rendered":"<div class=\"attribute-item\">\n<div class=\"left\" data-spm-anchor-id=\"a2700.details.0.i89.56bc50d9jY2W1Q\">Local de origem\uff1a Guangdong, China<\/div>\n<\/div>\n<div class=\"attribute-item\">\n<div class=\"left\">Material: Resina<\/div>\n<\/div>\n<div class=\"attribute-item\">\n<div class=\"left\">Estilo\uff1aArtificial<\/div>\n<div class=\"right\">Uso\uff1aArte e colecion\u00e1veis<\/div>\n<\/div>\n<div class=\"attribute-item\">\n<div class=\"left\">Material: silicone e fibra de vidro<\/div>\n<div class=\"right\">Vestu\u00e1rio\uff1aCustom to made<\/div>\n<div>Cabelo\uff1aCabelo humano real<\/div>\n<\/div>\n<div class=\"attribute-item\">\n<div class=\"left\" data-spm-anchor-id=\"a2700.details.0.i91.56bc50d9jY2W1Q\">Vida \u00fatil: Pelo menos 25 a 30 anos<\/div>\n<\/div>\n<div class=\"attribute-item\">\n<div class=\"left\">Temperatura: A temperatura da sala est\u00e1 ok<\/div>\n<div class=\"right\" data-spm-anchor-id=\"a2700.details.0.i90.56bc50d9jY2W1Q\">Manuten\u00e7\u00e3o: Suporte de manuten\u00e7\u00e3o de longa dura\u00e7\u00e3o<\/div>\n<div data-spm-anchor-id=\"a2700.details.0.i90.56bc50d9jY2W1Q\">Personalizado: aceito<\/div>\n<\/div>\n<div class=\"attribute-item\">\n<div class=\"left\"><\/div>\n<div class=\"right\" data-spm-anchor-id=\"a2700.details.0.i92.56bc50d9jY2W1Q\">\n&nbsp;<\/p>\n<\/div>\n<\/div>\n<div class=\"attribute-item\">\n<div class=\"left\"><\/div>\n<div class=\"right\" data-spm-anchor-id=\"a2700.details.0.i93.56bc50d9jY2W1Q\">\n&nbsp;<\/p>\n<\/div>\n<\/div>\n<div class=\"attribute-item\">\n<div class=\"left\"><\/div>\n<div class=\"right\" data-spm-anchor-id=\"a2700.details.0.i94.56bc50d9jY2W1Q\"><\/div>\n<\/div>","protected":false},"excerpt":{"rendered":"<p>Local de origem\uff1a Guangdong, China Material\uff1aResina Estilo\uff1aArtificial Uso\uff1aArte e colecion\u00e1vel Material\uff1aSilicone e fibra de vidro Vestu\u00e1rio\uff1aCustomizado para fazer Cabelo\uff1aCabelo humano real Vida \u00fatil\uff1aPelo menos 25 a 30 anos Temperatura\uff1aA temperatura ambiente est\u00e1 ok Manuten\u00e7\u00e3o\uff1aSuporte de manuten\u00e7\u00e3o de longa dura\u00e7\u00e3o Personalizado\uff1aAceito &nbsp; &nbsp;<\/p>","protected":false},"featured_media":469,"comment_status":"open","ping_status":"closed","template":"","meta":[],"product_brand":[],"product_cat":[24],"product_tag":[],"class_list":{"0":"post-468","1":"product","2":"type-product","3":"status-publish","4":"has-post-thumbnail","6":"product_cat-human-statue","8":"first","9":"instock","10":"shipping-taxable","11":"product-type-simple"},"_links":{"self":[{"href":"https:\/\/sculptureshome.com\/pt\/wp-json\/wp\/v2\/product\/468","targetHints":{"allow":["GET"]}}],"collection":[{"href":"https:\/\/sculptureshome.com\/pt\/wp-json\/wp\/v2\/product"}],"about":[{"href":"https:\/\/sculptureshome.com\/pt\/wp-json\/wp\/v2\/types\/product"}],"replies":[{"embeddable":true,"href":"https:\/\/sculptureshome.com\/pt\/wp-json\/wp\/v2\/comments?post=468"}],"version-history":[{"count":0,"href":"https:\/\/sculptureshome.com\/pt\/wp-json\/wp\/v2\/product\/468\/revisions"}],"wp:featuredmedia":[{"embeddable":true,"href":"https:\/\/sculptureshome.com\/pt\/wp-json\/wp\/v2\/media\/469"}],"wp:attachment":[{"href":"https:\/\/sculptureshome.com\/pt\/wp-json\/wp\/v2\/media?parent=468"}],"wp:term":[{"taxonomy":"product_brand","embeddable":true,"href":"https:\/\/sculptureshome.com\/pt\/wp-json\/wp\/v2\/product_brand?post=468"},{"taxonomy":"product_cat","embeddable":true,"href":"https:\/\/sculptureshome.com\/pt\/wp-json\/wp\/v2\/product_cat?post=468"},{"taxonomy":"product_tag","embeddable":true,"href":"https:\/\/sculptureshome.com\/pt\/wp-json\/wp\/v2\/product_tag?post=468"}],"curies":[{"name":"wp","href":"https:\/\/api.w.org\/{rel}","templated":true}]}}