{"id":452,"date":"2024-01-28T07:28:17","date_gmt":"2024-01-28T07:28:17","guid":{"rendered":"https:\/\/sculptureshome.com\/?post_type=product&#038;p=452"},"modified":"2024-01-28T07:28:17","modified_gmt":"2024-01-28T07:28:17","slug":"estatuetas-de-metal-personalizadas-estatuas-de-figuras-humanas-em-bronze","status":"publish","type":"product","link":"https:\/\/sculptureshome.com\/pt\/product\/custom-metal-figurines-bronze-human-figure-statues\/","title":{"rendered":"Figurinhas de metal personalizadas Est\u00e1tuas de figuras humanas em bronze"},"content":{"rendered":"<div class=\"attribute-list\">\n<div class=\"attribute-item\">\n<div class=\"left\">Tipo: Liga met\u00e1lica<\/div>\n<div>Tipo de produto: Estatueta<\/div>\n<\/div>\n<\/div>\n<div class=\"attribute-list\">\n<div class=\"attribute-item\">\n<div class=\"left\">Local de origem: Guangdong, China<\/div>\n<div class=\"right\">Material: Metal<\/div>\n<div>Impress\u00e3o: Impress\u00e3o digital<\/div>\n<\/div>\n<div class=\"attribute-item\">\n<div class=\"left\">M\u00e9todo de impress\u00e3o: personalizado<\/div>\n<div class=\"right\">T\u00e9cnica: Fundi\u00e7\u00e3o<\/div>\n<div>Estilo: Arte popular<\/div>\n<\/div>\n<\/div>","protected":false},"excerpt":{"rendered":"<p>Tipo: Liga met\u00e1lica Tipo de produto: Figurinha Local de origem: Guangdong, China Material: Metal Impress\u00e3o: Impress\u00e3o digital M\u00e9todo de impress\u00e3o: personalizado T\u00e9cnica: Fundi\u00e7\u00e3o Estilo: Arte popular<\/p>","protected":false},"featured_media":453,"comment_status":"open","ping_status":"closed","template":"","meta":[],"product_brand":[],"product_cat":[24],"product_tag":[],"class_list":{"0":"post-452","1":"product","2":"type-product","3":"status-publish","4":"has-post-thumbnail","6":"product_cat-human-statue","8":"first","9":"instock","10":"shipping-taxable","11":"product-type-simple"},"_links":{"self":[{"href":"https:\/\/sculptureshome.com\/pt\/wp-json\/wp\/v2\/product\/452","targetHints":{"allow":["GET"]}}],"collection":[{"href":"https:\/\/sculptureshome.com\/pt\/wp-json\/wp\/v2\/product"}],"about":[{"href":"https:\/\/sculptureshome.com\/pt\/wp-json\/wp\/v2\/types\/product"}],"replies":[{"embeddable":true,"href":"https:\/\/sculptureshome.com\/pt\/wp-json\/wp\/v2\/comments?post=452"}],"version-history":[{"count":0,"href":"https:\/\/sculptureshome.com\/pt\/wp-json\/wp\/v2\/product\/452\/revisions"}],"wp:featuredmedia":[{"embeddable":true,"href":"https:\/\/sculptureshome.com\/pt\/wp-json\/wp\/v2\/media\/453"}],"wp:attachment":[{"href":"https:\/\/sculptureshome.com\/pt\/wp-json\/wp\/v2\/media?parent=452"}],"wp:term":[{"taxonomy":"product_brand","embeddable":true,"href":"https:\/\/sculptureshome.com\/pt\/wp-json\/wp\/v2\/product_brand?post=452"},{"taxonomy":"product_cat","embeddable":true,"href":"https:\/\/sculptureshome.com\/pt\/wp-json\/wp\/v2\/product_cat?post=452"},{"taxonomy":"product_tag","embeddable":true,"href":"https:\/\/sculptureshome.com\/pt\/wp-json\/wp\/v2\/product_tag?post=452"}],"curies":[{"name":"wp","href":"https:\/\/api.w.org\/{rel}","templated":true}]}}