{"id":447,"date":"2024-01-28T07:21:32","date_gmt":"2024-01-28T07:21:32","guid":{"rendered":"https:\/\/sculptureshome.com\/?post_type=product&#038;p=447"},"modified":"2024-01-28T07:21:32","modified_gmt":"2024-01-28T07:21:32","slug":"estatua-de-rosto-humano-em-resina","status":"publish","type":"product","link":"https:\/\/sculptureshome.com\/pt\/product\/resin-human-face-statue\/","title":{"rendered":"Est\u00e1tua de rosto humano em resina"},"content":{"rendered":"<div class=\"attribute-item\">\n<div class=\"left\">Local de origem: Guangdong, China<\/div>\n<div class=\"right\">Material: Resina<\/div>\n<div>Estilo: Artificial<\/div>\n<\/div>\n<div class=\"attribute-item\">\n<div class=\"left\">Uso: Decora\u00e7\u00e3o de casa<\/div>\n<\/div>\n<div class=\"attribute-item\">\n<div class=\"left\">Material do produto: Resina<\/div>\n<div class=\"right\">Tamanho do produto: 10*10*27cm<\/div>\n<div>Embalagem: caixa de papel\u00e3o + espuma<\/div>\n<\/div>\n<div class=\"attribute-item\">\n<div class=\"left\">Estilo do produto: Chinoiserie<\/div>\n<div class=\"right\">Cen\u00e1rio aplic\u00e1vel: Escrit\u00f3rio, hotel, balc\u00e3o, loja, caixa de pagamento<\/div>\n<div>\n<div class=\"left\">Peso: 600g<\/div>\n<div class=\"right\"><\/div>\n<\/div>\n<\/div>\n<div class=\"attribute-item\">\n<div class=\"left\"><\/div>\n<div class=\"right\">\n&nbsp;<\/p>\n<\/div>\n<\/div>\n<div class=\"attribute-item\">\n<div class=\"left\"><\/div>\n<div class=\"right\">\n&nbsp;<\/p>\n<\/div>\n<\/div>\n<div class=\"attribute-item\">\n<div class=\"left\"><\/div>\n<div class=\"right\">\n&nbsp;<\/p>\n<\/div>\n<\/div>\n<div class=\"attribute-item\">\n<div class=\"right\"><\/div>\n<\/div>","protected":false},"excerpt":{"rendered":"<p>Local de origem: Guangdong, China Material: Resina Estilo: Artificial Uso: Decora\u00e7\u00e3o de casa Material do produto: Resina Tamanho do produto: 10*10*27cm Embalagem: caixa de papel\u00e3o+espuma Estilo do produto: Chinoiserie Cen\u00e1rio aplic\u00e1vel: Escrit\u00f3rio, hotel, balc\u00e3o, loja, caixa de pagamento Peso: 600g &nbsp; &nbsp; &nbsp;<\/p>","protected":false},"featured_media":448,"comment_status":"open","ping_status":"closed","template":"","meta":[],"product_brand":[],"product_cat":[24],"product_tag":[],"class_list":{"0":"post-447","1":"product","2":"type-product","3":"status-publish","4":"has-post-thumbnail","6":"product_cat-human-statue","8":"first","9":"instock","10":"shipping-taxable","11":"product-type-simple"},"_links":{"self":[{"href":"https:\/\/sculptureshome.com\/pt\/wp-json\/wp\/v2\/product\/447","targetHints":{"allow":["GET"]}}],"collection":[{"href":"https:\/\/sculptureshome.com\/pt\/wp-json\/wp\/v2\/product"}],"about":[{"href":"https:\/\/sculptureshome.com\/pt\/wp-json\/wp\/v2\/types\/product"}],"replies":[{"embeddable":true,"href":"https:\/\/sculptureshome.com\/pt\/wp-json\/wp\/v2\/comments?post=447"}],"version-history":[{"count":0,"href":"https:\/\/sculptureshome.com\/pt\/wp-json\/wp\/v2\/product\/447\/revisions"}],"wp:featuredmedia":[{"embeddable":true,"href":"https:\/\/sculptureshome.com\/pt\/wp-json\/wp\/v2\/media\/448"}],"wp:attachment":[{"href":"https:\/\/sculptureshome.com\/pt\/wp-json\/wp\/v2\/media?parent=447"}],"wp:term":[{"taxonomy":"product_brand","embeddable":true,"href":"https:\/\/sculptureshome.com\/pt\/wp-json\/wp\/v2\/product_brand?post=447"},{"taxonomy":"product_cat","embeddable":true,"href":"https:\/\/sculptureshome.com\/pt\/wp-json\/wp\/v2\/product_cat?post=447"},{"taxonomy":"product_tag","embeddable":true,"href":"https:\/\/sculptureshome.com\/pt\/wp-json\/wp\/v2\/product_tag?post=447"}],"curies":[{"name":"wp","href":"https:\/\/api.w.org\/{rel}","templated":true}]}}