{"id":439,"date":"2024-01-27T16:24:52","date_gmt":"2024-01-27T16:24:52","guid":{"rendered":"https:\/\/sculptureshome.com\/?post_type=product&#038;p=439"},"modified":"2024-01-27T16:24:52","modified_gmt":"2024-01-27T16:24:52","slug":"decoracao-de-arte-estilo-africa-india-animais-de-madeira-esculpidos-a-mao","status":"publish","type":"product","link":"https:\/\/sculptureshome.com\/pt\/product\/africa-india-style-art-decoration-hand-carved-wooden-animals\/","title":{"rendered":"Animais de madeira esculpidos \u00e0 m\u00e3o no estilo \u00c1frica \u00cdndia"},"content":{"rendered":"<div class=\"attribute-item\">\n<div class=\"left\" data-spm-anchor-id=\"a2700.wholesale.0.i91.73263267Ym1LNN\">Local de origem\uff1a Guangdong, China<\/div>\n<div class=\"right\">Material: Resina<\/div>\n<div>Estilo: Artificial<\/div>\n<div>Uso: Decora\u00e7\u00e3o de casa<\/p>\n<div class=\"left\">Tipo: Escultura de decora\u00e7\u00e3o para casa<\/div>\n<div class=\"right\">Tamanho: 10,5*8*15CM<\/div>\n<\/div>\n<\/div>","protected":false},"excerpt":{"rendered":"<p>Local de origem: Guangdong, China Material: Resina Estilo: Artificial Uso: Decora\u00e7\u00e3o de casa Tipo: Decora\u00e7\u00e3o de casa Tamanho da escultura: 10,5*8*15CM<\/p>","protected":false},"featured_media":440,"comment_status":"open","ping_status":"closed","template":"","meta":[],"product_brand":[],"product_cat":[22],"product_tag":[],"class_list":{"0":"post-439","1":"product","2":"type-product","3":"status-publish","4":"has-post-thumbnail","6":"product_cat-animal-sculpture","8":"first","9":"instock","10":"shipping-taxable","11":"product-type-simple"},"_links":{"self":[{"href":"https:\/\/sculptureshome.com\/pt\/wp-json\/wp\/v2\/product\/439","targetHints":{"allow":["GET"]}}],"collection":[{"href":"https:\/\/sculptureshome.com\/pt\/wp-json\/wp\/v2\/product"}],"about":[{"href":"https:\/\/sculptureshome.com\/pt\/wp-json\/wp\/v2\/types\/product"}],"replies":[{"embeddable":true,"href":"https:\/\/sculptureshome.com\/pt\/wp-json\/wp\/v2\/comments?post=439"}],"version-history":[{"count":0,"href":"https:\/\/sculptureshome.com\/pt\/wp-json\/wp\/v2\/product\/439\/revisions"}],"wp:featuredmedia":[{"embeddable":true,"href":"https:\/\/sculptureshome.com\/pt\/wp-json\/wp\/v2\/media\/440"}],"wp:attachment":[{"href":"https:\/\/sculptureshome.com\/pt\/wp-json\/wp\/v2\/media?parent=439"}],"wp:term":[{"taxonomy":"product_brand","embeddable":true,"href":"https:\/\/sculptureshome.com\/pt\/wp-json\/wp\/v2\/product_brand?post=439"},{"taxonomy":"product_cat","embeddable":true,"href":"https:\/\/sculptureshome.com\/pt\/wp-json\/wp\/v2\/product_cat?post=439"},{"taxonomy":"product_tag","embeddable":true,"href":"https:\/\/sculptureshome.com\/pt\/wp-json\/wp\/v2\/product_tag?post=439"}],"curies":[{"name":"wp","href":"https:\/\/api.w.org\/{rel}","templated":true}]}}