{"id":432,"date":"2024-01-27T16:20:16","date_gmt":"2024-01-27T16:20:16","guid":{"rendered":"https:\/\/sculptureshome.com\/?post_type=product&#038;p=432"},"modified":"2024-03-08T13:09:57","modified_gmt":"2024-03-08T13:09:57","slug":"escultura-abstrata-de-animal-em-fibra-de-vidro-resinada-em-tamanho-natural","status":"publish","type":"product","link":"https:\/\/sculptureshome.com\/pt\/product\/life-size-resine-fiberglass-abstract-animal-sculpture\/","title":{"rendered":"Escultura de animal abstrato em resina-fibra de vidro em tamanho natural"},"content":{"rendered":"<div class=\"attribute-item\">\n<div class=\"left\">Material: Resina<\/div>\n<div class=\"right\">Estilo: Arte popular<\/div>\n<div>Uso: Decora\u00e7\u00e3o de casa<\/div>\n<\/div>\n<div class=\"attribute-item\">\n<div class=\"left\">Recurso regional: Europa<\/div>\n<\/div>\n<div class=\"attribute-item\">\n<div class=\"left\">Nome abreviado: cheetah statue r\u00e9sine<\/div>\n<div class=\"right\">Material: Resina, a\u00e7o inoxid\u00e1vel, poliresina<\/div>\n<div class=\"right\">Tamanho: Personalizado de acordo com suas necessidades<\/div>\n<div>Cor: prata, preto, vermelho, azul, dourado, rosa, roxo<\/div>\n<\/div>\n<div class=\"attribute-item\">\n<div class=\"right\">Artesanato: Cromado<\/div>\n<div class=\"right\">Servi\u00e7o: cria\u00e7\u00e3o e design de modelos 3d<\/div>\n<\/div>\n<div class=\"attribute-item\">\n<div class=\"left\"><\/div>\n<div class=\"right\">\n&nbsp;<\/p>\n<\/div>\n<\/div>\n<div class=\"attribute-item\">\n<div class=\"left\"><\/div>\n<div class=\"right\">\n&nbsp;<\/p>\n<\/div>\n<\/div>\n<div class=\"attribute-item\">\n<div class=\"left\"><\/div>\n<div class=\"right\">\n&nbsp;<\/p>\n<\/div>\n<\/div>\n<div class=\"attribute-item\">\n<div class=\"left\"><\/div>\n<div class=\"right\" data-spm-anchor-id=\"a2700.details.0.i86.7cbd1ca6508fZ5\"><\/div>\n<\/div>","protected":false},"excerpt":{"rendered":"<p>Material: Resina Estilo: Arte popular Uso: Decora\u00e7\u00e3o de casa Caracter\u00edstica regional: Europa Breve nome: est\u00e1tua de chita r\u00e9sine Material: Resina, a\u00e7o inoxid\u00e1vel, poliresina Tamanho: Personalizado de acordo com suas necessidades Cor: Prata, preto, vermelho, azul, dourado, rosa, roxo Artesanato: Cromado Servi\u00e7o: cria\u00e7\u00e3o e design de modelo 3d &nbsp; &nbsp; &nbsp;<\/p>","protected":false},"featured_media":433,"comment_status":"open","ping_status":"closed","template":"","meta":[],"product_brand":[],"product_cat":[22,30],"product_tag":[],"class_list":{"0":"post-432","1":"product","2":"type-product","3":"status-publish","4":"has-post-thumbnail","6":"product_cat-animal-sculpture","7":"product_cat-fiberglass-sculpture","9":"first","10":"instock","11":"shipping-taxable","12":"product-type-simple"},"_links":{"self":[{"href":"https:\/\/sculptureshome.com\/pt\/wp-json\/wp\/v2\/product\/432","targetHints":{"allow":["GET"]}}],"collection":[{"href":"https:\/\/sculptureshome.com\/pt\/wp-json\/wp\/v2\/product"}],"about":[{"href":"https:\/\/sculptureshome.com\/pt\/wp-json\/wp\/v2\/types\/product"}],"replies":[{"embeddable":true,"href":"https:\/\/sculptureshome.com\/pt\/wp-json\/wp\/v2\/comments?post=432"}],"version-history":[{"count":0,"href":"https:\/\/sculptureshome.com\/pt\/wp-json\/wp\/v2\/product\/432\/revisions"}],"wp:featuredmedia":[{"embeddable":true,"href":"https:\/\/sculptureshome.com\/pt\/wp-json\/wp\/v2\/media\/433"}],"wp:attachment":[{"href":"https:\/\/sculptureshome.com\/pt\/wp-json\/wp\/v2\/media?parent=432"}],"wp:term":[{"taxonomy":"product_brand","embeddable":true,"href":"https:\/\/sculptureshome.com\/pt\/wp-json\/wp\/v2\/product_brand?post=432"},{"taxonomy":"product_cat","embeddable":true,"href":"https:\/\/sculptureshome.com\/pt\/wp-json\/wp\/v2\/product_cat?post=432"},{"taxonomy":"product_tag","embeddable":true,"href":"https:\/\/sculptureshome.com\/pt\/wp-json\/wp\/v2\/product_tag?post=432"}],"curies":[{"name":"wp","href":"https:\/\/api.w.org\/{rel}","templated":true}]}}