{"id":393,"date":"2024-01-27T15:33:22","date_gmt":"2024-01-27T15:33:22","guid":{"rendered":"https:\/\/sculptureshome.com\/?post_type=product&#038;p=393"},"modified":"2024-01-27T15:33:22","modified_gmt":"2024-01-27T15:33:22","slug":"estatua-de-mordomo-de-buldogue-frances-com-bandejas-duplas","status":"publish","type":"product","link":"https:\/\/sculptureshome.com\/pt\/product\/french-bulldog-butler-statue-with-double-trays\/","title":{"rendered":"Est\u00e1tua de mordomo de buldogue franc\u00eas com bandejas duplas"},"content":{"rendered":"<div class=\"attribute-list\">\n<div class=\"attribute-item\">\n<div class=\"left\" data-spm-anchor-id=\"a2700.wholesale.0.i94.1c3f6aecdTKuQZ\">Estilo de design: Art Deco<\/div>\n<\/div>\n<\/div>\n<div class=\"attribute-list\">\n<div class=\"attribute-item\">\n<div class=\"left\">Local de origem: Guangdong, China<\/div>\n<\/div>\n<div class=\"attribute-item\">\n<div class=\"left\">Ocasi\u00e3o: A\u00e7\u00e3o de Gra\u00e7as<\/div>\n<div class=\"right\">Material: Resina<\/div>\n<div>Utiliza\u00e7\u00e3o: Decorativo<\/div>\n<\/div>\n<div class=\"attribute-item\">\n<div class=\"left\">Forma: Circular<\/div>\n<div class=\"right\">Padr\u00e3o: C\u00eanico<\/div>\n<div>Formato: Artesanato em metal<\/div>\n<\/div>\n<div class=\"attribute-item\">\n<div class=\"left\">\n<div class=\"left\">T\u00e9cnica: Banhado a ouro<\/div>\n<\/div>\n<\/div>\n<\/div>","protected":false},"excerpt":{"rendered":"<p>Estilo de design: Art Deco Local de origem: Guangdong, China Ocasi\u00e3o: A\u00e7\u00e3o de Gra\u00e7as Material: Resina Uso: Forma decorativa: Padr\u00e3o circular: Formato c\u00eanico: Artesanato em metal T\u00e9cnica: Banhado a ouro<\/p>","protected":false},"featured_media":394,"comment_status":"open","ping_status":"closed","template":"","meta":[],"product_brand":[],"product_cat":[22],"product_tag":[],"class_list":{"0":"post-393","1":"product","2":"type-product","3":"status-publish","4":"has-post-thumbnail","6":"product_cat-animal-sculpture","8":"first","9":"instock","10":"shipping-taxable","11":"product-type-simple"},"_links":{"self":[{"href":"https:\/\/sculptureshome.com\/pt\/wp-json\/wp\/v2\/product\/393","targetHints":{"allow":["GET"]}}],"collection":[{"href":"https:\/\/sculptureshome.com\/pt\/wp-json\/wp\/v2\/product"}],"about":[{"href":"https:\/\/sculptureshome.com\/pt\/wp-json\/wp\/v2\/types\/product"}],"replies":[{"embeddable":true,"href":"https:\/\/sculptureshome.com\/pt\/wp-json\/wp\/v2\/comments?post=393"}],"version-history":[{"count":0,"href":"https:\/\/sculptureshome.com\/pt\/wp-json\/wp\/v2\/product\/393\/revisions"}],"wp:featuredmedia":[{"embeddable":true,"href":"https:\/\/sculptureshome.com\/pt\/wp-json\/wp\/v2\/media\/394"}],"wp:attachment":[{"href":"https:\/\/sculptureshome.com\/pt\/wp-json\/wp\/v2\/media?parent=393"}],"wp:term":[{"taxonomy":"product_brand","embeddable":true,"href":"https:\/\/sculptureshome.com\/pt\/wp-json\/wp\/v2\/product_brand?post=393"},{"taxonomy":"product_cat","embeddable":true,"href":"https:\/\/sculptureshome.com\/pt\/wp-json\/wp\/v2\/product_cat?post=393"},{"taxonomy":"product_tag","embeddable":true,"href":"https:\/\/sculptureshome.com\/pt\/wp-json\/wp\/v2\/product_tag?post=393"}],"curies":[{"name":"wp","href":"https:\/\/api.w.org\/{rel}","templated":true}]}}