{"id":360,"date":"2024-01-26T12:42:18","date_gmt":"2024-01-26T12:42:18","guid":{"rendered":"https:\/\/sculptureshome.com\/?post_type=product&#038;p=360"},"modified":"2024-01-26T12:42:18","modified_gmt":"2024-01-26T12:42:18","slug":"poster-abstrato-moderno-em-tela-preta-dourada-para-parede","status":"publish","type":"product","link":"https:\/\/sculptureshome.com\/pt\/product\/abstract-modern-canvas-poster-golden-black-wall\/","title":{"rendered":"P\u00f4ster abstrato moderno em tela dourada preta para parede"},"content":{"rendered":"<div class=\"attribute-list\">\n<div class=\"attribute-item\">\n<div class=\"left\">Estilo de design: Minimalista, Casa de fazenda, Decora\u00e7\u00e3o art\u00edstica, Moderno, Luxo de Morden<\/div>\n<\/div>\n<\/div>\n<div class=\"attribute-list\">\n<div class=\"attribute-item\">\n<div class=\"left\">Local de origem: Guangdong, China<\/div>\n<\/div>\n<div class=\"attribute-item\">\n<div class=\"left\">Cor da moldura: dourada<\/div>\n<\/div>\n<div class=\"attribute-item\">\n<div class=\"left\">Material: lona<\/div>\n<div class=\"right\">Utiliza\u00e7\u00e3o: Decorativo<\/div>\n<div>Forma: Ret\u00e2ngulo<\/div>\n<\/div>\n<div class=\"attribute-item\">\n<div class=\"left\">Padr\u00e3o: Horizontal<\/div>\n<div class=\"right\">Acabamento da estrutura: N\u00e3o revestido<\/div>\n<div>Formato: Primavera<\/div>\n<\/div>\n<div class=\"attribute-item\">\n<div class=\"left\">T\u00e9cnicas: PAINEL<\/div>\n<\/div>\n<\/div>","protected":false},"excerpt":{"rendered":"<p>Estilo de design: Minimalista, Casa de fazenda, Decora\u00e7\u00e3o de arte, Moderno, Morden Luxury Local de origem: Guangdong, China Cor da moldura: dourada Material: tela Uso: Forma decorativa: Ret\u00e2ngulo Padr\u00e3o: Acabamento da moldura horizontal: N\u00e3o revestido Formato: T\u00e9cnica de mola: PAINEL<\/p>","protected":false},"featured_media":361,"comment_status":"open","ping_status":"closed","template":"","meta":[],"product_brand":[],"product_cat":[25],"product_tag":[],"class_list":{"0":"post-360","1":"product","2":"type-product","3":"status-publish","4":"has-post-thumbnail","6":"product_cat-decorative-sculpture","8":"first","9":"instock","10":"shipping-taxable","11":"product-type-simple"},"_links":{"self":[{"href":"https:\/\/sculptureshome.com\/pt\/wp-json\/wp\/v2\/product\/360","targetHints":{"allow":["GET"]}}],"collection":[{"href":"https:\/\/sculptureshome.com\/pt\/wp-json\/wp\/v2\/product"}],"about":[{"href":"https:\/\/sculptureshome.com\/pt\/wp-json\/wp\/v2\/types\/product"}],"replies":[{"embeddable":true,"href":"https:\/\/sculptureshome.com\/pt\/wp-json\/wp\/v2\/comments?post=360"}],"version-history":[{"count":0,"href":"https:\/\/sculptureshome.com\/pt\/wp-json\/wp\/v2\/product\/360\/revisions"}],"wp:featuredmedia":[{"embeddable":true,"href":"https:\/\/sculptureshome.com\/pt\/wp-json\/wp\/v2\/media\/361"}],"wp:attachment":[{"href":"https:\/\/sculptureshome.com\/pt\/wp-json\/wp\/v2\/media?parent=360"}],"wp:term":[{"taxonomy":"product_brand","embeddable":true,"href":"https:\/\/sculptureshome.com\/pt\/wp-json\/wp\/v2\/product_brand?post=360"},{"taxonomy":"product_cat","embeddable":true,"href":"https:\/\/sculptureshome.com\/pt\/wp-json\/wp\/v2\/product_cat?post=360"},{"taxonomy":"product_tag","embeddable":true,"href":"https:\/\/sculptureshome.com\/pt\/wp-json\/wp\/v2\/product_tag?post=360"}],"curies":[{"name":"wp","href":"https:\/\/api.w.org\/{rel}","templated":true}]}}