{"id":352,"date":"2024-01-26T12:35:15","date_gmt":"2024-01-26T12:35:15","guid":{"rendered":"https:\/\/sculptureshome.com\/?post_type=product&#038;p=352"},"modified":"2024-01-26T12:35:15","modified_gmt":"2024-01-26T12:35:15","slug":"pins-de-moda-personalizados","status":"publish","type":"product","link":"https:\/\/sculptureshome.com\/pt\/product\/custom-fashion-pins\/","title":{"rendered":"Pins de moda personalizados"},"content":{"rendered":"<div class=\"attribute-item\">\n<div class=\"left\" data-spm-anchor-id=\"a2700.details.0.i89.7a4a77026ZhkJB\">Local de origem: Guangdong, China<\/div>\n<\/div>\n<div class=\"attribute-item\">\n<div class=\"left\" data-spm-anchor-id=\"a2700.details.0.i88.7a4a77026ZhkJB\">Material: Metal<\/div>\n<div class=\"right\">Impress\u00e3o: impress\u00e3o tipogr\u00e1fica, impress\u00e3o de rotogravura, impress\u00e3o de tela de seda, impress\u00e3o digital, impress\u00e3o offset, impress\u00e3o UV, impress\u00e3o por transfer\u00eancia t\u00e9rmica, impress\u00e3o em relevo, impress\u00e3o de corte e vinco, pode ser baseada em sua solicita\u00e7\u00e3o<br \/>\nM\u00e9todo de impress\u00e3o: pode ser baseado em sua solicita\u00e7\u00e3o<\/p>\n<p>T\u00e9cnica: <span data-spm-anchor-id=\"a2700.details.0.i90.7a4a77026ZhkJB\">Fundi\u00e7\u00e3o<\/span><\/p>\n<\/div>\n<\/div>\n<div class=\"attribute-item\">\n<div class=\"right\">\n<div class=\"left\">Estilo: desenho animado bonito<\/div>\n<div><\/div>\n<div class=\"left\">Uso: Arte e colecion\u00e1veis<\/div>\n<div class=\"right\">\n<div class=\"attribute-item\">\n<div><\/div>\n<div class=\"left\">Forma: qualquer forma aceit\u00e1vel<\/div>\n<\/div>\n<\/div>\n<div><\/div>\n<div class=\"right\">\n<div class=\"attribute-item\">\n<div class=\"right\" data-spm-anchor-id=\"a2700.details.0.i91.7a4a77026ZhkJB\">\n<div class=\"left\">Acess\u00f3rios:  Pode se basear em sua solicita\u00e7\u00e3o<\/p>\n<div class=\"right\" data-spm-anchor-id=\"a2700.details.0.i92.7a4a77026ZhkJB\"><\/div>\n<\/div>\n<p>&nbsp;<\/p>\n<\/div>\n<\/div>\n<div class=\"attribute-item\">\n<div class=\"right\" data-spm-anchor-id=\"a2700.details.0.i92.7a4a77026ZhkJB\"><\/div>\n<\/div>\n<\/div>\n<p>&nbsp;<\/p>\n<\/div>\n<\/div>\n<div class=\"attribute-item\">\n<div class=\"left\"><\/div>\n<div class=\"right\">\n&nbsp;<\/p>\n<\/div>\n<\/div>\n<div class=\"attribute-item\">\n<div class=\"left\"><\/div>\n<div class=\"right\">\n&nbsp;<\/p>\n<\/div>\n<\/div>\n<div class=\"attribute-item\">\n<div class=\"right\"><\/div>\n<\/div>\n<div class=\"attribute-item\">\n<div class=\"right\"><\/div>\n<\/div>\n<div class=\"attribute-item\">\n<div class=\"left\">Tema<\/div>\n<div class=\"right\">Animal&nbsp;<\/p>\n<\/div>\n<\/div>\n<div class=\"attribute-item\">\n<div class=\"left\">Recurso regional<\/div>\n<div class=\"right\">Europa&nbsp;<\/p>\n<\/div>\n<\/div>\n<div class=\"attribute-item\">\n<div class=\"left\">Nome da marca<\/div>\n<div class=\"right\">JIABO&nbsp;<\/p>\n<\/div>\n<\/div>\n<div class=\"attribute-item\">\n<div class=\"left\">N\u00famero do modelo<\/div>\n<div class=\"right\">OEM&nbsp;<\/p>\n<\/div>\n<\/div>\n<div class=\"attribute-item\"><\/div>\n<div class=\"attribute-item\">\n<div class=\"right\" data-spm-anchor-id=\"a2700.details.0.i92.7a4a77026ZhkJB\"><\/div>\n<\/div>","protected":false},"excerpt":{"rendered":"<p>Place of Origin: Guangdong, China Material: Metal Printing:Letterpress printing, Gravure printing, Silk screen printing, Digital printing, Offset printing, UV printing, Thermal transfer printing, Embossing printing, Die cutting printing, can base on your request Print Method: can base on your request Technique: Casting Style: cute cartoon Use: Art &amp; Collectible Shape: any shape acceptable Accessory:\u00a0 Can [&hellip;]<\/p>\n","protected":false},"featured_media":353,"comment_status":"open","ping_status":"closed","template":"","meta":[],"product_brand":[],"product_cat":[25],"product_tag":[],"class_list":{"0":"post-352","1":"product","2":"type-product","3":"status-publish","4":"has-post-thumbnail","6":"product_cat-decorative-sculpture","8":"first","9":"instock","10":"shipping-taxable","11":"product-type-simple"},"_links":{"self":[{"href":"https:\/\/sculptureshome.com\/pt\/wp-json\/wp\/v2\/product\/352","targetHints":{"allow":["GET"]}}],"collection":[{"href":"https:\/\/sculptureshome.com\/pt\/wp-json\/wp\/v2\/product"}],"about":[{"href":"https:\/\/sculptureshome.com\/pt\/wp-json\/wp\/v2\/types\/product"}],"replies":[{"embeddable":true,"href":"https:\/\/sculptureshome.com\/pt\/wp-json\/wp\/v2\/comments?post=352"}],"version-history":[{"count":0,"href":"https:\/\/sculptureshome.com\/pt\/wp-json\/wp\/v2\/product\/352\/revisions"}],"wp:featuredmedia":[{"embeddable":true,"href":"https:\/\/sculptureshome.com\/pt\/wp-json\/wp\/v2\/media\/353"}],"wp:attachment":[{"href":"https:\/\/sculptureshome.com\/pt\/wp-json\/wp\/v2\/media?parent=352"}],"wp:term":[{"taxonomy":"product_brand","embeddable":true,"href":"https:\/\/sculptureshome.com\/pt\/wp-json\/wp\/v2\/product_brand?post=352"},{"taxonomy":"product_cat","embeddable":true,"href":"https:\/\/sculptureshome.com\/pt\/wp-json\/wp\/v2\/product_cat?post=352"},{"taxonomy":"product_tag","embeddable":true,"href":"https:\/\/sculptureshome.com\/pt\/wp-json\/wp\/v2\/product_tag?post=352"}],"curies":[{"name":"wp","href":"https:\/\/api.w.org\/{rel}","templated":true}]}}