{"id":345,"date":"2024-01-26T12:27:53","date_gmt":"2024-01-26T12:27:53","guid":{"rendered":"https:\/\/sculptureshome.com\/?post_type=product&#038;p=345"},"modified":"2024-01-26T12:27:53","modified_gmt":"2024-01-26T12:27:53","slug":"escultura-moderna-de-aco-inoxidavel-de-metal-abstrato-para-exterior","status":"publish","type":"product","link":"https:\/\/sculptureshome.com\/pt\/product\/outdoor-abstract-metal-stainless-steel-modern-sculpture-exterior\/","title":{"rendered":"Escultura moderna de metal abstrato em a\u00e7o inoxid\u00e1vel para exteriores Exterior"},"content":{"rendered":"<div class=\"attribute-item\">\n<div class=\"left\">Local de origem: Guangdong, China<\/p>\n<p>Material: Metal<\/p><\/div>\n<div class=\"right\">\n<p>Impress\u00e3o: polida<\/p>\n<\/div>\n<\/div>\n<div class=\"attribute-item\">\n<div class=\"left\">M\u00e9todo de impress\u00e3o: 4 cores<\/div>\n<div class=\"right\">\n<p>T\u00e9cnica\uff1aSoldagem<\/p>\n<\/div>\n<\/div>\n<div class=\"attribute-item\">\n<div class=\"left\">Estilo\uff1aEsculturas de a\u00e7o inoxid\u00e1vel para jardim<\/div>\n<div class=\"right\">\n<p>Uso\uff1aDecora\u00e7\u00e3o de cidades, pra\u00e7as e \u00e1reas urbanas<\/p>\n<p>Tema: Graden\/Escultura ao ar livre<\/p>\n<\/div>\n<\/div>\n<div class=\"attribute-item\">\n<div class=\"right\" data-spm-anchor-id=\"a2700.details.0.i63.52471835ixfiRm\"><\/div>\n<\/div>","protected":false},"excerpt":{"rendered":"<p>Local de origem: Guangdong, China Material: Metal Impress\u00e3o: polido M\u00e9todo de impress\u00e3o: 4 cores T\u00e9cnica: Estilo de soldagem: Esculturas de a\u00e7o inoxid\u00e1vel para jardim Uso: Decora\u00e7\u00e3o de cidade\/quadra\/urbana Tema: Escultura de jardim\/ao ar livre<\/p>","protected":false},"featured_media":346,"comment_status":"open","ping_status":"closed","template":"","meta":[],"product_brand":[],"product_cat":[21],"product_tag":[],"class_list":{"0":"post-345","1":"product","2":"type-product","3":"status-publish","4":"has-post-thumbnail","6":"product_cat-modern-sculpture","8":"first","9":"instock","10":"shipping-taxable","11":"product-type-simple"},"_links":{"self":[{"href":"https:\/\/sculptureshome.com\/pt\/wp-json\/wp\/v2\/product\/345","targetHints":{"allow":["GET"]}}],"collection":[{"href":"https:\/\/sculptureshome.com\/pt\/wp-json\/wp\/v2\/product"}],"about":[{"href":"https:\/\/sculptureshome.com\/pt\/wp-json\/wp\/v2\/types\/product"}],"replies":[{"embeddable":true,"href":"https:\/\/sculptureshome.com\/pt\/wp-json\/wp\/v2\/comments?post=345"}],"version-history":[{"count":0,"href":"https:\/\/sculptureshome.com\/pt\/wp-json\/wp\/v2\/product\/345\/revisions"}],"wp:featuredmedia":[{"embeddable":true,"href":"https:\/\/sculptureshome.com\/pt\/wp-json\/wp\/v2\/media\/346"}],"wp:attachment":[{"href":"https:\/\/sculptureshome.com\/pt\/wp-json\/wp\/v2\/media?parent=345"}],"wp:term":[{"taxonomy":"product_brand","embeddable":true,"href":"https:\/\/sculptureshome.com\/pt\/wp-json\/wp\/v2\/product_brand?post=345"},{"taxonomy":"product_cat","embeddable":true,"href":"https:\/\/sculptureshome.com\/pt\/wp-json\/wp\/v2\/product_cat?post=345"},{"taxonomy":"product_tag","embeddable":true,"href":"https:\/\/sculptureshome.com\/pt\/wp-json\/wp\/v2\/product_tag?post=345"}],"curies":[{"name":"wp","href":"https:\/\/api.w.org\/{rel}","templated":true}]}}