{"id":337,"date":"2024-01-26T12:22:29","date_gmt":"2024-01-26T12:22:29","guid":{"rendered":"https:\/\/sculptureshome.com\/?post_type=product&#038;p=337"},"modified":"2024-01-26T12:23:24","modified_gmt":"2024-01-26T12:23:24","slug":"decoracao-de-casa-escultura-de-arte-abstrata-moderna-de-luxo","status":"publish","type":"product","link":"https:\/\/sculptureshome.com\/pt\/product\/home-decoration-luxury-modern-abstract-arts-sculpture\/","title":{"rendered":"Decora\u00e7\u00e3o de casa Escultura de arte abstrata moderna de luxo"},"content":{"rendered":"<div class=\"attribute-item\">\n<div class=\"left\" data-spm-anchor-id=\"a2700.details.0.i83.7003c081I2BR3R\">Ocasi\u00e3o: Decora\u00e7\u00e3o de casa\/casamento\/festa\/natal<\/div>\n<\/div>\n<div class=\"attribute-item\">\n<div class=\"right\"><\/div>\n<\/div>\n<div class=\"attribute-item\">\n<div class=\"left\">Material: Metal<\/div>\n<div><\/div>\n<\/div>\n<div class=\"attribute-item\">\n<div class=\"right\">Uso: Decorativo\/Decora\u00e7\u00e3o de casa<\/div>\n<div><\/div>\n<\/div>\n<div class=\"attribute-item\">\n<div class=\"left\">Forma: Personalizado<\/div>\n<\/div>\n<div><\/div>\n<div>Padr\u00e3o: Abstrato<\/div>\n<div><\/div>\n<div>Formato: Primavera<\/div>\n<div class=\"left\"><\/div>\n<div>T\u00e9cnicas: Artesanato em metal<\/div>","protected":false},"excerpt":{"rendered":"<p>Ocasi\u00e3o: Decora\u00e7\u00e3o de casa\/casamento\/festa\/natal Material: Metal Uso: Decorativo\/Decora\u00e7\u00e3o de casa Forma: Padr\u00e3o personalizado: Abstrato Formato: T\u00e9cnica de mola: Artesanato em metal<\/p>","protected":false},"featured_media":338,"comment_status":"open","ping_status":"closed","template":"","meta":[],"product_brand":[],"product_cat":[21],"product_tag":[],"class_list":{"0":"post-337","1":"product","2":"type-product","3":"status-publish","4":"has-post-thumbnail","6":"product_cat-modern-sculpture","8":"first","9":"instock","10":"shipping-taxable","11":"product-type-simple"},"_links":{"self":[{"href":"https:\/\/sculptureshome.com\/pt\/wp-json\/wp\/v2\/product\/337","targetHints":{"allow":["GET"]}}],"collection":[{"href":"https:\/\/sculptureshome.com\/pt\/wp-json\/wp\/v2\/product"}],"about":[{"href":"https:\/\/sculptureshome.com\/pt\/wp-json\/wp\/v2\/types\/product"}],"replies":[{"embeddable":true,"href":"https:\/\/sculptureshome.com\/pt\/wp-json\/wp\/v2\/comments?post=337"}],"version-history":[{"count":0,"href":"https:\/\/sculptureshome.com\/pt\/wp-json\/wp\/v2\/product\/337\/revisions"}],"wp:featuredmedia":[{"embeddable":true,"href":"https:\/\/sculptureshome.com\/pt\/wp-json\/wp\/v2\/media\/338"}],"wp:attachment":[{"href":"https:\/\/sculptureshome.com\/pt\/wp-json\/wp\/v2\/media?parent=337"}],"wp:term":[{"taxonomy":"product_brand","embeddable":true,"href":"https:\/\/sculptureshome.com\/pt\/wp-json\/wp\/v2\/product_brand?post=337"},{"taxonomy":"product_cat","embeddable":true,"href":"https:\/\/sculptureshome.com\/pt\/wp-json\/wp\/v2\/product_cat?post=337"},{"taxonomy":"product_tag","embeddable":true,"href":"https:\/\/sculptureshome.com\/pt\/wp-json\/wp\/v2\/product_tag?post=337"}],"curies":[{"name":"wp","href":"https:\/\/api.w.org\/{rel}","templated":true}]}}