{"id":314,"date":"2024-01-26T11:42:15","date_gmt":"2024-01-26T11:42:15","guid":{"rendered":"https:\/\/sculptureshome.com\/?post_type=product&#038;p=314"},"modified":"2024-01-26T11:42:15","modified_gmt":"2024-01-26T11:42:15","slug":"escultura-de-metal-abstrata-de-destaque-decorativo","status":"publish","type":"product","link":"https:\/\/sculptureshome.com\/pt\/product\/decorative-accent-abstract-metal-sculpture\/","title":{"rendered":"Escultura de metal abstrata de destaque decorativo"},"content":{"rendered":"<div class=\"attribute-list\">\n<div class=\"attribute-item\">\n<div class=\"right\">\n<p>Tipo de produto: artesanato<\/p>\n<\/div>\n<\/div>\n<\/div>\n<div class=\"attribute-list\">\n<div class=\"attribute-item\">\n<div class=\"left\">Uso: Decora\u00e7\u00e3o de casa<\/div>\n<\/div>\n<div class=\"attribute-item\">\n<div class=\"left\">Tema: Anjo<\/div>\n<\/div>\n<div class=\"attribute-item\">\n<div class=\"left\">Recurso regional: China<\/div>\n<\/div>\n<div class=\"attribute-item\">\n<div class=\"left\">Cor: preto<\/div>\n<\/div>\n<div class=\"attribute-item\">\n<div class=\"left\">Utiliza\u00e7\u00e3o: Decora\u00e7\u00e3o<\/div>\n<\/div>\n<div class=\"attribute-item\">\n<div class=\"left\">Tamanho: 170*100*505mm<\/div>\n<\/div>\n<div class=\"attribute-item\">\n<div class=\"left\">Material: Liga met\u00e1lica e m\u00e1rmore<\/div>\n<\/div>\n<div class=\"attribute-item\">\n<div class=\"left\">Estilo: Arte dos dan\u00e7arinos<\/div>\n<div class=\"right\"><\/div>\n<\/div>\n<\/div>","protected":false},"excerpt":{"rendered":"<p>Tipo de produto: artesanato Uso: decora\u00e7\u00e3o de casa Tema: Anjo Caracter\u00edstica regional: China Cor: Preto Uso: Decora\u00e7\u00e3o Tamanho: 170*100*505mm Material: Liga e m\u00e1rmore Estilo: Arte dos dan\u00e7arinos<\/p>","protected":false},"featured_media":315,"comment_status":"open","ping_status":"closed","template":"","meta":[],"product_brand":[],"product_cat":[21],"product_tag":[],"class_list":{"0":"post-314","1":"product","2":"type-product","3":"status-publish","4":"has-post-thumbnail","6":"product_cat-modern-sculpture","8":"first","9":"instock","10":"shipping-taxable","11":"product-type-simple"},"_links":{"self":[{"href":"https:\/\/sculptureshome.com\/pt\/wp-json\/wp\/v2\/product\/314","targetHints":{"allow":["GET"]}}],"collection":[{"href":"https:\/\/sculptureshome.com\/pt\/wp-json\/wp\/v2\/product"}],"about":[{"href":"https:\/\/sculptureshome.com\/pt\/wp-json\/wp\/v2\/types\/product"}],"replies":[{"embeddable":true,"href":"https:\/\/sculptureshome.com\/pt\/wp-json\/wp\/v2\/comments?post=314"}],"version-history":[{"count":0,"href":"https:\/\/sculptureshome.com\/pt\/wp-json\/wp\/v2\/product\/314\/revisions"}],"wp:featuredmedia":[{"embeddable":true,"href":"https:\/\/sculptureshome.com\/pt\/wp-json\/wp\/v2\/media\/315"}],"wp:attachment":[{"href":"https:\/\/sculptureshome.com\/pt\/wp-json\/wp\/v2\/media?parent=314"}],"wp:term":[{"taxonomy":"product_brand","embeddable":true,"href":"https:\/\/sculptureshome.com\/pt\/wp-json\/wp\/v2\/product_brand?post=314"},{"taxonomy":"product_cat","embeddable":true,"href":"https:\/\/sculptureshome.com\/pt\/wp-json\/wp\/v2\/product_cat?post=314"},{"taxonomy":"product_tag","embeddable":true,"href":"https:\/\/sculptureshome.com\/pt\/wp-json\/wp\/v2\/product_tag?post=314"}],"curies":[{"name":"wp","href":"https:\/\/api.w.org\/{rel}","templated":true}]}}