{"id":311,"date":"2024-01-26T10:26:54","date_gmt":"2024-01-26T10:26:54","guid":{"rendered":"https:\/\/sculptureshome.com\/?post_type=product&#038;p=311"},"modified":"2024-01-26T10:26:54","modified_gmt":"2024-01-26T10:26:54","slug":"cavalo-de-bronze-artistico-moderno-no-atacado","status":"publish","type":"product","link":"https:\/\/sculptureshome.com\/pt\/product\/wholesale-modern-artistic-bronze-horse\/","title":{"rendered":"Cavalo de bronze art\u00edstico moderno no atacado"},"content":{"rendered":"<h4>Tipo: Ferro<\/h4>\n<h4>Outros atributos<\/h4>\n<div class=\"attribute-list\">\n<div class=\"attribute-item\">\n<div class=\"left\">Local de origem: Guangdong, China<\/div>\n<\/div>\n<div class=\"attribute-item\">\n<div class=\"left\">Material: Metal<\/div>\n<div class=\"right\">T\u00e9cnica: Chapeado<\/div>\n<div>Estilo: Imita\u00e7\u00e3o antiga<\/div>\n<\/div>\n<div class=\"attribute-item\">\n<div class=\"left\">Uso: Decora\u00e7\u00e3o de casa<\/div>\n<div class=\"right\">Tema: Abstrato<\/div>\n<\/div>\n<\/div>","protected":false},"excerpt":{"rendered":"<p>Tipo: Ferro Outros atributos Local de origem: Guangdong, China Material: Metal T\u00e9cnica: Chapeado Estilo: Imita\u00e7\u00e3o antiga Uso: Decora\u00e7\u00e3o de casa Tema: Abstrato<\/p>","protected":false},"featured_media":312,"comment_status":"open","ping_status":"closed","template":"","meta":[],"product_brand":[],"product_cat":[21],"product_tag":[],"class_list":{"0":"post-311","1":"product","2":"type-product","3":"status-publish","4":"has-post-thumbnail","6":"product_cat-modern-sculpture","8":"first","9":"instock","10":"shipping-taxable","11":"product-type-simple"},"_links":{"self":[{"href":"https:\/\/sculptureshome.com\/pt\/wp-json\/wp\/v2\/product\/311","targetHints":{"allow":["GET"]}}],"collection":[{"href":"https:\/\/sculptureshome.com\/pt\/wp-json\/wp\/v2\/product"}],"about":[{"href":"https:\/\/sculptureshome.com\/pt\/wp-json\/wp\/v2\/types\/product"}],"replies":[{"embeddable":true,"href":"https:\/\/sculptureshome.com\/pt\/wp-json\/wp\/v2\/comments?post=311"}],"version-history":[{"count":0,"href":"https:\/\/sculptureshome.com\/pt\/wp-json\/wp\/v2\/product\/311\/revisions"}],"wp:featuredmedia":[{"embeddable":true,"href":"https:\/\/sculptureshome.com\/pt\/wp-json\/wp\/v2\/media\/312"}],"wp:attachment":[{"href":"https:\/\/sculptureshome.com\/pt\/wp-json\/wp\/v2\/media?parent=311"}],"wp:term":[{"taxonomy":"product_brand","embeddable":true,"href":"https:\/\/sculptureshome.com\/pt\/wp-json\/wp\/v2\/product_brand?post=311"},{"taxonomy":"product_cat","embeddable":true,"href":"https:\/\/sculptureshome.com\/pt\/wp-json\/wp\/v2\/product_cat?post=311"},{"taxonomy":"product_tag","embeddable":true,"href":"https:\/\/sculptureshome.com\/pt\/wp-json\/wp\/v2\/product_tag?post=311"}],"curies":[{"name":"wp","href":"https:\/\/api.w.org\/{rel}","templated":true}]}}