{"id":306,"date":"2024-01-26T10:20:25","date_gmt":"2024-01-26T10:20:25","guid":{"rendered":"https:\/\/sculptureshome.com\/?post_type=product&#038;p=306"},"modified":"2024-01-26T10:20:25","modified_gmt":"2024-01-26T10:20:25","slug":"fabricante-de-esculturas-personalizadas-de-metal-de-boi-dinamico-preto-de-grande-porte-para-o-saguao-do-hotel","status":"publish","type":"product","link":"https:\/\/sculptureshome.com\/pt\/product\/manufacturer-personalized-large-black-dynamic-ox-metal-sculpture-for-hotel-lobby\/","title":{"rendered":"Escultura de metal de boi din\u00e2mico preto grande personalizada pelo fabricante para o sagu\u00e3o do hotel"},"content":{"rendered":"<div class=\"attribute-list\">\n<div class=\"attribute-item\">\n<div class=\"left\" data-spm-anchor-id=\"a2700.details.0.i85.47dd1bbcnNqHmz\">Tipo: Ferro<\/div>\n<\/div>\n<div class=\"attribute-item\">\n<div class=\"left\">Tipo de produto: ESCULTURA<\/div>\n<\/div>\n<\/div>\n<div class=\"attribute-list\">\n<div class=\"attribute-item\">\n<div class=\"left\">Local de origem: Guangdong, China<\/div>\n<div class=\"right\">Material: Metal<\/div>\n<div>T\u00e9cnica: Chapeado<\/div>\n<\/div>\n<div class=\"attribute-item\">\n<div class=\"left\">Estilo: Imita\u00e7\u00e3o antiga<\/div>\n<div class=\"right\">Uso: Decora\u00e7\u00e3o de casa<\/div>\n<div>Tema: Abstrato<\/div>\n<\/div>\n<div class=\"attribute-item\">\n<div class=\"left\"><\/div>\n<div class=\"right\">\n&nbsp;<\/p>\n<\/div>\n<\/div>\n<div class=\"attribute-item\">\n<div class=\"left\"><\/div>\n<\/div>\n<\/div>","protected":false},"excerpt":{"rendered":"<p>Tipo: Ferro Tipo de produto: ESCULTURA Local de origem: Guangdong, China Material: Metal T\u00e9cnica: Estilo banhado: Imita\u00e7\u00e3o antiga Uso: Decora\u00e7\u00e3o de casa Tema: Abstrato &nbsp;<\/p>","protected":false},"featured_media":307,"comment_status":"open","ping_status":"closed","template":"","meta":[],"product_brand":[],"product_cat":[21],"product_tag":[],"class_list":{"0":"post-306","1":"product","2":"type-product","3":"status-publish","4":"has-post-thumbnail","6":"product_cat-modern-sculpture","8":"first","9":"instock","10":"shipping-taxable","11":"product-type-simple"},"_links":{"self":[{"href":"https:\/\/sculptureshome.com\/pt\/wp-json\/wp\/v2\/product\/306","targetHints":{"allow":["GET"]}}],"collection":[{"href":"https:\/\/sculptureshome.com\/pt\/wp-json\/wp\/v2\/product"}],"about":[{"href":"https:\/\/sculptureshome.com\/pt\/wp-json\/wp\/v2\/types\/product"}],"replies":[{"embeddable":true,"href":"https:\/\/sculptureshome.com\/pt\/wp-json\/wp\/v2\/comments?post=306"}],"version-history":[{"count":0,"href":"https:\/\/sculptureshome.com\/pt\/wp-json\/wp\/v2\/product\/306\/revisions"}],"wp:featuredmedia":[{"embeddable":true,"href":"https:\/\/sculptureshome.com\/pt\/wp-json\/wp\/v2\/media\/307"}],"wp:attachment":[{"href":"https:\/\/sculptureshome.com\/pt\/wp-json\/wp\/v2\/media?parent=306"}],"wp:term":[{"taxonomy":"product_brand","embeddable":true,"href":"https:\/\/sculptureshome.com\/pt\/wp-json\/wp\/v2\/product_brand?post=306"},{"taxonomy":"product_cat","embeddable":true,"href":"https:\/\/sculptureshome.com\/pt\/wp-json\/wp\/v2\/product_cat?post=306"},{"taxonomy":"product_tag","embeddable":true,"href":"https:\/\/sculptureshome.com\/pt\/wp-json\/wp\/v2\/product_tag?post=306"}],"curies":[{"name":"wp","href":"https:\/\/api.w.org\/{rel}","templated":true}]}}