{"id":1936,"date":"2025-05-04T12:13:43","date_gmt":"2025-05-04T12:13:43","guid":{"rendered":"https:\/\/sculptureshome.com\/product\/h70-9in-half-body-horse-sculpture-fiberglass-floor-lamp-villa-hotel-lobby-interior-decoration-standard-lamp-craft-ornament-light\/"},"modified":"2025-05-04T12:36:04","modified_gmt":"2025-05-04T12:36:04","slug":"h70-9in-half-body-horse-sculpture-fiberglass-floor-lamp-villa","status":"publish","type":"product","link":"https:\/\/sculptureshome.com\/pt\/product\/h70-9in-half-body-horse-sculpture-fiberglass-floor-lamp-villa\/","title":{"rendered":"H70.9in Half Body Horse Sculpture Fiberglass Floor Lamp (L\u00e2mpada de assoalho de fibra de vidro com meio corpo de cavalo)"},"content":{"rendered":"<p>&nbsp;<\/p>\n<ul>\n<li><strong>Aplica\u00e7\u00e3o : <\/strong> Hotel<\/li>\n<li><strong>Temperatura de corCCT : <\/strong> Branco quente de 3500K<\/li>\n<li><strong>Material do corpo da l\u00e2mpada : <\/strong> Fibra de vidro<\/li>\n<li><strong>Tipo de base : <\/strong> E27<\/li>\n<li><strong>Tens\u00e3o de entradaV : <\/strong> CA 85-265V<\/li>\n<li><strong>Efici\u00eancia luminosa da l\u00e2mpada\/w : <\/strong> 100<\/li>\n<li><strong>Fluxo luminoso da l\u00e2mpada -lm : <\/strong> 1100<\/li>\n<li><strong>GarantiaAno : <\/strong> 3 anos<\/li>\n<li><strong>Temperatura de trabalho\u2103 : <\/strong> -40 \u2013 80<\/li>\n<li><strong>Renderiza\u00e7\u00e3o de cores IndexRa : <\/strong> 90<\/li>\n<li><strong>Recurso : <\/strong> f\u00e1cil instala\u00e7\u00e3o<\/li>\n<li><strong>Fonte de luz : <\/strong> LED<\/li>\n<li><strong>Suporte a Dimmer : <\/strong> N\u00c3O<\/li>\n<li><strong>Material : <\/strong> Fibra de vidro<\/li>\n<li><strong>Modo de controle : <\/strong> Controle do interruptor<\/li>\n<li><strong>FA\u00c7A VOC\u00ca MESMO: <\/strong> N\u00e3o<\/li>\n<li><strong>Servi\u00e7o de solu\u00e7\u00f5es de ilumina\u00e7\u00e3o : <\/strong> Vendas de grupos de projetos, Design de ilumina\u00e7\u00e3o e circuitos, Medi\u00e7\u00e3o no local, Layout DIALux evo, Desenho e design de ilumina\u00e7\u00e3o, Layout LitePro DLX, Layout CAD autom\u00e1tico, Layout Agi32, Design de ilumina\u00e7\u00e3o de projetos, Instala\u00e7\u00e3o de projetos<\/li>\n<li><strong>Estilo de design : <\/strong> Moderno<\/li>\n<li><strong>Horas de vida \u00fatil : <\/strong> 50000<\/li>\n<li><strong>PCs\/ Ctn : <\/strong> 1<\/li>\n<li><strong>Dimens\u00e3o da embalagem : <\/strong> 166*84*50<\/li>\n<li><strong>Dimens\u00e3o do produto : <\/strong> D650*H1800<\/li>\n<li><strong>Peso do produto (kg) : <\/strong> 25<\/li>\n<li><strong>Material da sombra : <\/strong> Fabic<\/li>\n<li><strong>Amostra gr\u00e1tis : <\/strong> N\u00c3O<\/li>\n<li><strong>Cor da sombra : <\/strong> Preto<\/li>\n<li><strong>Forma da sombra : <\/strong> REDONDA<\/li>\n<li><strong>Nome do produto : <\/strong> L\u00e2mpadas de assoalho de escultura<\/li>\n<li><strong>Estilo : <\/strong> P\u00f3s-moderno<\/li>\n<li><strong>Palavras-chave : <\/strong> Luzes de p\u00e9 para cavalos<\/li>\n<li><strong>Cor : <\/strong> Preto, branco, dourado<\/li>\n<li><strong>Certifica\u00e7\u00e3o : <\/strong> CC\/CE<\/li>\n<li><strong>Tens\u00e3o : <\/strong> CA 80-265V<\/li>\n<li><strong>MOQ : <\/strong> 1 unidade<\/li>\n<li><strong>Embalagem : <\/strong> Embalagem com estrutura de madeira<\/li>\n<li><strong>OEM\/ODM : <\/strong> Servi\u00e7o personalizado<\/li>\n<\/ul>","protected":false},"excerpt":{"rendered":"<p>&nbsp; Application : Hotel Color TemperatureCCT : 3500K Warm White Lamp Body Material : Fiberglass Base Type : E27 Input VoltageV : AC 85-265V Lamp Luminous Efficiencylm\/w : 100 Lamp Luminous Fluxlm : 1100 WarrantyYear : 3-Year Working Temperature\u2103 : -40 &#8211; 80 Color Rendering IndexRa : 90 Feature : easy installation Light Source : [&hellip;]<\/p>\n","protected":false},"featured_media":1960,"comment_status":"open","ping_status":"closed","template":"","meta":[],"product_brand":[],"product_cat":[20,25,30],"product_tag":[],"class_list":{"0":"post-1936","1":"product","2":"type-product","3":"status-publish","4":"has-post-thumbnail","6":"product_cat-art-sculpture","7":"product_cat-decorative-sculpture","8":"product_cat-fiberglass-sculpture","10":"first","11":"instock","12":"shipping-taxable","13":"product-type-simple"},"_links":{"self":[{"href":"https:\/\/sculptureshome.com\/pt\/wp-json\/wp\/v2\/product\/1936","targetHints":{"allow":["GET"]}}],"collection":[{"href":"https:\/\/sculptureshome.com\/pt\/wp-json\/wp\/v2\/product"}],"about":[{"href":"https:\/\/sculptureshome.com\/pt\/wp-json\/wp\/v2\/types\/product"}],"replies":[{"embeddable":true,"href":"https:\/\/sculptureshome.com\/pt\/wp-json\/wp\/v2\/comments?post=1936"}],"version-history":[{"count":0,"href":"https:\/\/sculptureshome.com\/pt\/wp-json\/wp\/v2\/product\/1936\/revisions"}],"wp:featuredmedia":[{"embeddable":true,"href":"https:\/\/sculptureshome.com\/pt\/wp-json\/wp\/v2\/media\/1960"}],"wp:attachment":[{"href":"https:\/\/sculptureshome.com\/pt\/wp-json\/wp\/v2\/media?parent=1936"}],"wp:term":[{"taxonomy":"product_brand","embeddable":true,"href":"https:\/\/sculptureshome.com\/pt\/wp-json\/wp\/v2\/product_brand?post=1936"},{"taxonomy":"product_cat","embeddable":true,"href":"https:\/\/sculptureshome.com\/pt\/wp-json\/wp\/v2\/product_cat?post=1936"},{"taxonomy":"product_tag","embeddable":true,"href":"https:\/\/sculptureshome.com\/pt\/wp-json\/wp\/v2\/product_tag?post=1936"}],"curies":[{"name":"wp","href":"https:\/\/api.w.org\/{rel}","templated":true}]}}