{"id":1933,"date":"2025-05-04T12:13:23","date_gmt":"2025-05-04T12:13:23","guid":{"rendered":"https:\/\/sculptureshome.com\/product\/frp-artificial-fiberglass-sculpture-artwork-garden-fiberglass-decorations-outdoor-decoration\/"},"modified":"2025-05-04T12:39:22","modified_gmt":"2025-05-04T12:39:22","slug":"escultura-artificial-em-fibra-de-vidro-frp","status":"publish","type":"product","link":"https:\/\/sculptureshome.com\/pt\/product\/frp-artificial-fiberglass-sculpture\/","title":{"rendered":"Escultura de fibra de vidro artificial de PRFV"},"content":{"rendered":"<ul>\n<li><strong>Material : <\/strong> Fibra de vidro<\/li>\n<li><strong>Recurso : <\/strong> Art\u00edstico<\/li>\n<li><strong>T\u00e9cnica : <\/strong> Pintado \u00e0 m\u00e3o<\/li>\n<li><strong>Forma : <\/strong> Animal<\/li>\n<li><strong>Padr\u00e3o : <\/strong> ESCULTURA<\/li>\n<li><strong>Tipo de produto : <\/strong> ESCULTURA<\/li>\n<li><strong>Estilo : <\/strong> Animal<\/li>\n<li><strong>Aplica\u00e7\u00e3o : <\/strong> Arte e colecion\u00e1veis<\/li>\n<li><strong>Nome do produto : <\/strong> Animal Sculpture Resin Figurine (escultura de animal em resina)<\/li>\n<li><strong>Tamanho : <\/strong> Tamanho personalizado<\/li>\n<li><strong>Cor : <\/strong> Cor personalizada<\/li>\n<li><strong>MOQ : <\/strong> 1 unidade<\/li>\n<li><strong>Design : <\/strong> Custodiado<\/li>\n<li><strong>Tipo : <\/strong> Escultura para decora\u00e7\u00e3o de interiores<\/li>\n<li><strong>Pacote : <\/strong> Papel bolha + caixa interna + seguran\u00e7a da caixa<\/li>\n<li><strong>Servi\u00e7o : <\/strong> 365 dias de servi\u00e7o<\/li>\n<li><strong>Produto : <\/strong> Est\u00e1tuas Decora\u00e7\u00e3o de exteriores Escultura<\/li>\n<li><strong>Palavra-chave : <\/strong> Adorno de shopping center<\/li>\n<\/ul>","protected":false},"excerpt":{"rendered":"<p>Material : Fiberglass Feature : Artistic Technique : Hand-painted Shape : Animal Pattern : SCULPTURE Product Type : SCULPTURE Style : Animal Application : Art &amp; Collectible Product name : Animal Sculpture Resin Figurine Size : Customized Size Color : Customized Color MOQ : 1pcs Design : Custmized Type : Ourdoor Decor Sculpture Package : [&hellip;]<\/p>\n","protected":false},"featured_media":1969,"comment_status":"open","ping_status":"closed","template":"","meta":[],"product_brand":[],"product_cat":[22,30],"product_tag":[],"class_list":{"0":"post-1933","1":"product","2":"type-product","3":"status-publish","4":"has-post-thumbnail","6":"product_cat-animal-sculpture","7":"product_cat-fiberglass-sculpture","9":"first","10":"instock","11":"shipping-taxable","12":"product-type-simple"},"_links":{"self":[{"href":"https:\/\/sculptureshome.com\/pt\/wp-json\/wp\/v2\/product\/1933","targetHints":{"allow":["GET"]}}],"collection":[{"href":"https:\/\/sculptureshome.com\/pt\/wp-json\/wp\/v2\/product"}],"about":[{"href":"https:\/\/sculptureshome.com\/pt\/wp-json\/wp\/v2\/types\/product"}],"replies":[{"embeddable":true,"href":"https:\/\/sculptureshome.com\/pt\/wp-json\/wp\/v2\/comments?post=1933"}],"version-history":[{"count":0,"href":"https:\/\/sculptureshome.com\/pt\/wp-json\/wp\/v2\/product\/1933\/revisions"}],"wp:featuredmedia":[{"embeddable":true,"href":"https:\/\/sculptureshome.com\/pt\/wp-json\/wp\/v2\/media\/1969"}],"wp:attachment":[{"href":"https:\/\/sculptureshome.com\/pt\/wp-json\/wp\/v2\/media?parent=1933"}],"wp:term":[{"taxonomy":"product_brand","embeddable":true,"href":"https:\/\/sculptureshome.com\/pt\/wp-json\/wp\/v2\/product_brand?post=1933"},{"taxonomy":"product_cat","embeddable":true,"href":"https:\/\/sculptureshome.com\/pt\/wp-json\/wp\/v2\/product_cat?post=1933"},{"taxonomy":"product_tag","embeddable":true,"href":"https:\/\/sculptureshome.com\/pt\/wp-json\/wp\/v2\/product_tag?post=1933"}],"curies":[{"name":"wp","href":"https:\/\/api.w.org\/{rel}","templated":true}]}}