{"id":1931,"date":"2025-05-04T12:13:01","date_gmt":"2025-05-04T12:13:01","guid":{"rendered":"https:\/\/sculptureshome.com\/product\/shop-window-decorative-ideas-modern-sculpture-interior-decoration-models-fiberglass-sculpture-colored-pencil-model\/"},"modified":"2025-05-04T12:41:28","modified_gmt":"2025-05-04T12:41:28","slug":"escultura-moderna-modelos-de-decoracao-de-interiores-escultura-de-fibra-de-vidro-modelo-de-lapis-colorido","status":"publish","type":"product","link":"https:\/\/sculptureshome.com\/pt\/product\/modern-sculpture-interior-decoration-models-fiberglass-sculpture-colored-pencil-model\/","title":{"rendered":"Modelos de decora\u00e7\u00e3o de interiores Escultura em fibra de vidro Modelo de l\u00e1pis colorido"},"content":{"rendered":"<ul>\n<li><strong>Material : <\/strong> Resina, fibra de vidro<\/li>\n<li><strong>Tipo de produto : <\/strong> ESCULTURA<\/li>\n<li><strong>Estilo : <\/strong> Animal, ocidental<\/li>\n<li><strong>Local de origem : <\/strong> Guangdong, China<\/li>\n<li><strong>N\u00famero do modelo : <\/strong> 20240828001<\/li>\n<li><strong>Nome do produto : <\/strong> Escultura em fibra de vidro Modelo em l\u00e1pis colorido<\/li>\n<li><strong>Cor : <\/strong> Muitas cores<\/li>\n<li><strong>Tamanho 1 : <\/strong> Altura de 200 cm ou personalizada<\/li>\n<li><strong>MOQ : <\/strong> 1 unidade<\/li>\n<li><strong>Design : <\/strong> Dispon\u00edvel<\/li>\n<li><strong>OEM E ODM : <\/strong> Sim, seja bem-vindo<\/li>\n<li><strong>Use : <\/strong> decora\u00e7\u00e3o de casa<\/li>\n<li><strong>Recurso regional : <\/strong> Europa<\/li>\n<\/ul>","protected":false},"excerpt":{"rendered":"<p>Material : Resin, Fiberglass Product Type : SCULPTURE Style : Animal, Western Place of Origin : Guangdong, China Model Number : 20240828001 Product name : Fiberglass Sculpture Colored Pencil Model Color : Many colors Size 1 : Height 200cm or Customize MOQ : 1pc Design : Available OEM &amp; ODM : Yes, welcome Use : [&hellip;]<\/p>\n","protected":false},"featured_media":1930,"comment_status":"open","ping_status":"closed","template":"","meta":[],"product_brand":[],"product_cat":[20],"product_tag":[],"class_list":{"0":"post-1931","1":"product","2":"type-product","3":"status-publish","4":"has-post-thumbnail","6":"product_cat-art-sculpture","8":"first","9":"outofstock","10":"shipping-taxable","11":"product-type-variable"},"_links":{"self":[{"href":"https:\/\/sculptureshome.com\/pt\/wp-json\/wp\/v2\/product\/1931","targetHints":{"allow":["GET"]}}],"collection":[{"href":"https:\/\/sculptureshome.com\/pt\/wp-json\/wp\/v2\/product"}],"about":[{"href":"https:\/\/sculptureshome.com\/pt\/wp-json\/wp\/v2\/types\/product"}],"replies":[{"embeddable":true,"href":"https:\/\/sculptureshome.com\/pt\/wp-json\/wp\/v2\/comments?post=1931"}],"version-history":[{"count":0,"href":"https:\/\/sculptureshome.com\/pt\/wp-json\/wp\/v2\/product\/1931\/revisions"}],"wp:featuredmedia":[{"embeddable":true,"href":"https:\/\/sculptureshome.com\/pt\/wp-json\/wp\/v2\/media\/1930"}],"wp:attachment":[{"href":"https:\/\/sculptureshome.com\/pt\/wp-json\/wp\/v2\/media?parent=1931"}],"wp:term":[{"taxonomy":"product_brand","embeddable":true,"href":"https:\/\/sculptureshome.com\/pt\/wp-json\/wp\/v2\/product_brand?post=1931"},{"taxonomy":"product_cat","embeddable":true,"href":"https:\/\/sculptureshome.com\/pt\/wp-json\/wp\/v2\/product_cat?post=1931"},{"taxonomy":"product_tag","embeddable":true,"href":"https:\/\/sculptureshome.com\/pt\/wp-json\/wp\/v2\/product_tag?post=1931"}],"curies":[{"name":"wp","href":"https:\/\/api.w.org\/{rel}","templated":true}]}}