{"id":1928,"date":"2025-05-04T12:12:38","date_gmt":"2025-05-04T12:12:38","guid":{"rendered":"https:\/\/sculptureshome.com\/product\/life-size-3d-resin-astronaut-statue-creative-pop-art-indoor-home-decoration-christmas-fiberglass-sculpture-animal-model-home\/"},"modified":"2025-05-04T12:42:59","modified_gmt":"2025-05-04T12:42:59","slug":"decoracao-pop-art-criativa-para-casa-em-ambientes-internos-decoracao-de-natal-escultura-de-fibra-de-vidro-modelo-de-animal-para-casa","status":"publish","type":"product","link":"https:\/\/sculptureshome.com\/pt\/product\/creative-pop-art-indoor-home-decoration-christmas-fiberglass-sculpture-animal-model-home\/","title":{"rendered":"Decora\u00e7\u00e3o de casa Escultura de fibra de vidro de Natal"},"content":{"rendered":"<ul>\n<li><strong>Material : <\/strong> Resina, fibra de vidro<\/li>\n<li><strong>Estilo : <\/strong> Personagem de TV e filme, artificial<\/li>\n<li><strong>Local de origem : <\/strong> Anhui, China<\/li>\n<li><strong>Ocasi\u00e3o : <\/strong> Natal<\/li>\n<li><strong>Cor : <\/strong> Cor personalizada<\/li>\n<li><strong>Embalagem : <\/strong> Caixas de madeira resistentes<\/li>\n<li><strong>Design : <\/strong> Designs personalizados aceit\u00e1veis<\/li>\n<li><strong>Use : <\/strong> Arte e colecion\u00e1veis<\/li>\n<li><strong>Recurso regional : <\/strong> Europa<\/li>\n<\/ul>","protected":false},"excerpt":{"rendered":"<p>Material : Resina, fibra de vidro Estilo : Personagem de TV e cinema, artificial Local de origem : Anhui, China Ocasi\u00e3o : Natal Cor : Cor personalizada Embalagem : Caixas de madeira resistentes Design : Designs personalizados Uso aceit\u00e1vel : Arte e colecion\u00e1veis Caracter\u00edstica regional : Europa<\/p>","protected":false},"featured_media":1927,"comment_status":"open","ping_status":"closed","template":"","meta":[],"product_brand":[],"product_cat":[20,30],"product_tag":[],"class_list":{"0":"post-1928","1":"product","2":"type-product","3":"status-publish","4":"has-post-thumbnail","6":"product_cat-art-sculpture","7":"product_cat-fiberglass-sculpture","9":"first","10":"instock","11":"shipping-taxable","12":"product-type-simple"},"_links":{"self":[{"href":"https:\/\/sculptureshome.com\/pt\/wp-json\/wp\/v2\/product\/1928","targetHints":{"allow":["GET"]}}],"collection":[{"href":"https:\/\/sculptureshome.com\/pt\/wp-json\/wp\/v2\/product"}],"about":[{"href":"https:\/\/sculptureshome.com\/pt\/wp-json\/wp\/v2\/types\/product"}],"replies":[{"embeddable":true,"href":"https:\/\/sculptureshome.com\/pt\/wp-json\/wp\/v2\/comments?post=1928"}],"version-history":[{"count":0,"href":"https:\/\/sculptureshome.com\/pt\/wp-json\/wp\/v2\/product\/1928\/revisions"}],"wp:featuredmedia":[{"embeddable":true,"href":"https:\/\/sculptureshome.com\/pt\/wp-json\/wp\/v2\/media\/1927"}],"wp:attachment":[{"href":"https:\/\/sculptureshome.com\/pt\/wp-json\/wp\/v2\/media?parent=1928"}],"wp:term":[{"taxonomy":"product_brand","embeddable":true,"href":"https:\/\/sculptureshome.com\/pt\/wp-json\/wp\/v2\/product_brand?post=1928"},{"taxonomy":"product_cat","embeddable":true,"href":"https:\/\/sculptureshome.com\/pt\/wp-json\/wp\/v2\/product_cat?post=1928"},{"taxonomy":"product_tag","embeddable":true,"href":"https:\/\/sculptureshome.com\/pt\/wp-json\/wp\/v2\/product_tag?post=1928"}],"curies":[{"name":"wp","href":"https:\/\/api.w.org\/{rel}","templated":true}]}}