{"id":1893,"date":"2025-05-04T11:38:26","date_gmt":"2025-05-04T11:38:26","guid":{"rendered":"https:\/\/sculptureshome.com\/product\/david-statue-resin-sculptures-statues\/"},"modified":"2025-05-04T11:54:30","modified_gmt":"2025-05-04T11:54:30","slug":"estatua-de-david-esculturas-de-resina-estatuas","status":"publish","type":"product","link":"https:\/\/sculptureshome.com\/pt\/product\/david-statue-resin-sculptures-statues\/","title":{"rendered":"Est\u00e1tua de Davi Esculturas de resina Est\u00e1tuas"},"content":{"rendered":"<ul>\n<li><strong>Material : <\/strong> Resina<\/li>\n<li><strong>Tipo de produto : <\/strong> Estatueta<\/li>\n<li><strong>Estilo : <\/strong> Amor, arte popular<\/li>\n<li><strong>N\u00famero do modelo : <\/strong> BYX-2220<\/li>\n<li><strong>Nome do produto : <\/strong> Est\u00e1tua de Davi Esculturas de resina Est\u00e1tuas<\/li>\n<li><strong>Tamanho : <\/strong> 16,3 x 6,8 x 15,7 polegadas<\/li>\n<li><strong>MOQ : <\/strong> 200 unidades<\/li>\n<li><strong>Tempo de amostragem : <\/strong> 7 a 10 dias<\/li>\n<li><strong>Prazo de entrega : <\/strong> 30 a 35 dias<\/li>\n<li><strong>Uso : <\/strong> Decora\u00e7\u00e3o de jardim, presente, decora\u00e7\u00e3o de casa<\/li>\n<li><strong>Cor : <\/strong> Cor personalizada<\/li>\n<li><strong>OEM\/ODM : <\/strong> Sim, n\u00f3s fornecemos OEM<\/li>\n<li><strong>Logotipo : <\/strong> Aceita logotipo personalizado<\/li>\n<li><strong>Design : <\/strong> Designs personalizados aceit\u00e1veis<\/li>\n<li><strong>Use : <\/strong> Arte e colecion\u00e1veis<\/li>\n<li><strong>Recurso regional : <\/strong> Europa<\/li>\n<\/ul>","protected":false},"excerpt":{"rendered":"<p>Material : Resin Product Type : Figurine Style : Love, Folk Art Model Number : BYX-2220 Product name : David Statue Resin Sculptures Statues Size : 16.3 x 6.8 x 15.7 inches MOQ : 200pcs Sample time : 7-10days Delivery time : 30-35days Usage : Garden decoration,gift,Home decoration Color : Customized Color OEM\/ODM : Yes.We [&hellip;]<\/p>\n","protected":false},"featured_media":1895,"comment_status":"open","ping_status":"closed","template":"","meta":[],"product_brand":[],"product_cat":[20,28],"product_tag":[],"class_list":{"0":"post-1893","1":"product","2":"type-product","3":"status-publish","4":"has-post-thumbnail","6":"product_cat-art-sculpture","7":"product_cat-resin-sculpture","9":"first","10":"instock","11":"shipping-taxable","12":"product-type-simple"},"_links":{"self":[{"href":"https:\/\/sculptureshome.com\/pt\/wp-json\/wp\/v2\/product\/1893","targetHints":{"allow":["GET"]}}],"collection":[{"href":"https:\/\/sculptureshome.com\/pt\/wp-json\/wp\/v2\/product"}],"about":[{"href":"https:\/\/sculptureshome.com\/pt\/wp-json\/wp\/v2\/types\/product"}],"replies":[{"embeddable":true,"href":"https:\/\/sculptureshome.com\/pt\/wp-json\/wp\/v2\/comments?post=1893"}],"version-history":[{"count":0,"href":"https:\/\/sculptureshome.com\/pt\/wp-json\/wp\/v2\/product\/1893\/revisions"}],"wp:featuredmedia":[{"embeddable":true,"href":"https:\/\/sculptureshome.com\/pt\/wp-json\/wp\/v2\/media\/1895"}],"wp:attachment":[{"href":"https:\/\/sculptureshome.com\/pt\/wp-json\/wp\/v2\/media?parent=1893"}],"wp:term":[{"taxonomy":"product_brand","embeddable":true,"href":"https:\/\/sculptureshome.com\/pt\/wp-json\/wp\/v2\/product_brand?post=1893"},{"taxonomy":"product_cat","embeddable":true,"href":"https:\/\/sculptureshome.com\/pt\/wp-json\/wp\/v2\/product_cat?post=1893"},{"taxonomy":"product_tag","embeddable":true,"href":"https:\/\/sculptureshome.com\/pt\/wp-json\/wp\/v2\/product_tag?post=1893"}],"curies":[{"name":"wp","href":"https:\/\/api.w.org\/{rel}","templated":true}]}}