{"id":1890,"date":"2025-05-04T11:38:02","date_gmt":"2025-05-04T11:38:02","guid":{"rendered":"https:\/\/sculptureshome.com\/product\/simple-nordic-home-couple-swan-resin-ornaments\/"},"modified":"2025-05-04T11:57:57","modified_gmt":"2025-05-04T11:57:57","slug":"ornamentos-de-resina-de-cisne-para-casais-nordicos-simples","status":"publish","type":"product","link":"https:\/\/sculptureshome.com\/pt\/product\/simple-nordic-home-couple-swan-resin-ornaments\/","title":{"rendered":"Ornamentos de resina Simple Nordic Home Couple Swan"},"content":{"rendered":"<ul>\n<li><strong>tipo : <\/strong> Outras decora\u00e7\u00f5es para casa<\/li>\n<li><strong>ocasi\u00e3o : <\/strong> Qualquer festival<\/li>\n<li><strong>estilo de design : <\/strong> Art D\u00e9co<\/li>\n<li><strong>material : <\/strong> Resina<\/li>\n<li><strong>Palavras-chave : <\/strong> Decora\u00e7\u00e3o da casa<\/li>\n<li><strong>Qualidade : <\/strong> Excelente<\/li>\n<li><strong>Artesanato : <\/strong> Trabalho manual<\/li>\n<li><strong>Servi\u00e7o : <\/strong> Aceita OEM ODM<\/li>\n<li><strong>Adequado para : <\/strong> Decora\u00e7\u00e3o, presentes, artesanato<\/li>\n<li><strong>Material : <\/strong> Sa\u00fade<\/li>\n<li><strong>Cena aplic\u00e1vel: <\/strong> Sala de estar<\/li>\n<li><strong>Vantagem : <\/strong> Modelagem criativa e ecologicamente correta<\/li>\n<li><strong>Uso : <\/strong> Decora\u00e7\u00f5es para casa.Presentes<\/li>\n<li><strong>Nome do produto : <\/strong> Acess\u00f3rios de decora\u00e7\u00e3o para casa<\/li>\n<\/ul>","protected":false},"excerpt":{"rendered":"<p>type : Other Home Decor occasion : Any festival design style : Art Deco material : Resin Keywords : Home Decor Quality : Excellent Craft : Hand Work Service : Accept OEM ODM Suitable for : Decor,Gifts,Craft Material : Health Applicable Scene : Living Room Advantage : Creative Modeling Environmentally Friendly Usage : Home Decorations.Gifts [&hellip;]<\/p>\n","protected":false},"featured_media":1901,"comment_status":"open","ping_status":"closed","template":"","meta":[],"product_brand":[],"product_cat":[20,28],"product_tag":[],"class_list":{"0":"post-1890","1":"product","2":"type-product","3":"status-publish","4":"has-post-thumbnail","6":"product_cat-art-sculpture","7":"product_cat-resin-sculpture","9":"first","10":"instock","11":"shipping-taxable","12":"product-type-simple"},"_links":{"self":[{"href":"https:\/\/sculptureshome.com\/pt\/wp-json\/wp\/v2\/product\/1890","targetHints":{"allow":["GET"]}}],"collection":[{"href":"https:\/\/sculptureshome.com\/pt\/wp-json\/wp\/v2\/product"}],"about":[{"href":"https:\/\/sculptureshome.com\/pt\/wp-json\/wp\/v2\/types\/product"}],"replies":[{"embeddable":true,"href":"https:\/\/sculptureshome.com\/pt\/wp-json\/wp\/v2\/comments?post=1890"}],"version-history":[{"count":0,"href":"https:\/\/sculptureshome.com\/pt\/wp-json\/wp\/v2\/product\/1890\/revisions"}],"wp:featuredmedia":[{"embeddable":true,"href":"https:\/\/sculptureshome.com\/pt\/wp-json\/wp\/v2\/media\/1901"}],"wp:attachment":[{"href":"https:\/\/sculptureshome.com\/pt\/wp-json\/wp\/v2\/media?parent=1890"}],"wp:term":[{"taxonomy":"product_brand","embeddable":true,"href":"https:\/\/sculptureshome.com\/pt\/wp-json\/wp\/v2\/product_brand?post=1890"},{"taxonomy":"product_cat","embeddable":true,"href":"https:\/\/sculptureshome.com\/pt\/wp-json\/wp\/v2\/product_cat?post=1890"},{"taxonomy":"product_tag","embeddable":true,"href":"https:\/\/sculptureshome.com\/pt\/wp-json\/wp\/v2\/product_tag?post=1890"}],"curies":[{"name":"wp","href":"https:\/\/api.w.org\/{rel}","templated":true}]}}