{"id":1883,"date":"2025-05-04T11:23:46","date_gmt":"2025-05-04T11:23:46","guid":{"rendered":"https:\/\/sculptureshome.com\/product\/oem-5-axis-custom-3d-print-sla-uv-resin-3d-printing-person-sculpture\/"},"modified":"2025-05-04T11:59:56","modified_gmt":"2025-05-04T11:59:56","slug":"oem-5-axis-custom-3d-print-sla-uv-resin-3d-printing-person-sculpture","status":"publish","type":"product","link":"https:\/\/sculptureshome.com\/pt\/product\/oem-5-axis-custom-3d-print-sla-uv-resin-3d-printing-person-sculpture\/","title":{"rendered":"Escultura de pessoa com impress\u00e3o 3D personalizada OEM de 5 eixos Sla Resina UV"},"content":{"rendered":"<ul>\n<li><strong>Usinagem CNC ou n\u00e3o : <\/strong> N\u00e3o \u00e9 usinagem CNC<\/li>\n<li><strong>Tipo : <\/strong> Brochamento, FRESAGEM, Gravura \/ Usinagem qu\u00edmica, Usinagem a laser, Fresagem, Outros servi\u00e7os de usinagem, Torneamento, Eletroeros\u00e3o a fio, Prototipagem r\u00e1pida<\/li>\n<li><strong>Capacidades de materiais : <\/strong> Alum\u00ednio, lat\u00e3o, bronze, cobre, metais endurecidos, metais preciosos, a\u00e7o inoxid\u00e1vel, ligas de a\u00e7o<\/li>\n<li><strong>Micro usinagem ou n\u00e3o : <\/strong> N\u00e3o \u00e9 micro usinagem<\/li>\n<li><strong>Nome do produto : <\/strong> Impress\u00e3o 3D personalizada Sla Resina UV Impress\u00e3o 3D Escultura de pessoa<\/li>\n<li><strong>Processo : <\/strong> Impress\u00e3o 3D SLA\/SLM\/SLS\/MJF\/FDM\/DLP\/LCD<\/li>\n<li><strong>Precis\u00e3o : <\/strong> \u00b10,10 mm<\/li>\n<li><strong>Cor : <\/strong> Cor personalizada<\/li>\n<li><strong>MOQ : <\/strong> 1 pe\u00e7a<\/li>\n<li><strong>Aplica\u00e7\u00e3o : <\/strong> M\u00e9dico, Automotivo, Educa\u00e7\u00e3o, Modelagem Prototipagem r\u00e1pida<\/li>\n<li><strong>Formato do desenho : <\/strong> 2D\/PDF\/CAD\/DWG\/DXF3DSTL\/STP\/STEP\/OBJ\/3MF\/X-T\/IGES<\/li>\n<li><strong>Materiais dispon\u00edveis : <\/strong> Resina Pl\u00e1stico Nylon Metal<\/li>\n<li><strong>Embalagem : <\/strong> Caixa de papel\u00e3o, caixa de madeira, personaliz\u00e1vel<\/li>\n<li><strong>Expresso : <\/strong> Fedex, DHL, UPS<\/li>\n<\/ul>","protected":false},"excerpt":{"rendered":"<p>CNC Machining or Not : Not CNC Machining Type : Broaching, DRILLING, Etching \/ Chemical Machining, Laser Machining, Milling, Other Machining Services, Turning, Wire EDM, Rapid Prototyping Material Capabilities : Aluminum, Brass, Bronze, Copper, Hardened Metals, Precious Metals, Stainless Steel, Steel Alloys Micro Machining or Not : Not Micro Machining Product name : Custom 3D [&hellip;]<\/p>\n","protected":false},"featured_media":1882,"comment_status":"open","ping_status":"closed","template":"","meta":[],"product_brand":[],"product_cat":[28],"product_tag":[],"class_list":{"0":"post-1883","1":"product","2":"type-product","3":"status-publish","4":"has-post-thumbnail","6":"product_cat-resin-sculpture","8":"first","9":"instock","10":"shipping-taxable","11":"product-type-simple"},"_links":{"self":[{"href":"https:\/\/sculptureshome.com\/pt\/wp-json\/wp\/v2\/product\/1883","targetHints":{"allow":["GET"]}}],"collection":[{"href":"https:\/\/sculptureshome.com\/pt\/wp-json\/wp\/v2\/product"}],"about":[{"href":"https:\/\/sculptureshome.com\/pt\/wp-json\/wp\/v2\/types\/product"}],"replies":[{"embeddable":true,"href":"https:\/\/sculptureshome.com\/pt\/wp-json\/wp\/v2\/comments?post=1883"}],"version-history":[{"count":0,"href":"https:\/\/sculptureshome.com\/pt\/wp-json\/wp\/v2\/product\/1883\/revisions"}],"wp:featuredmedia":[{"embeddable":true,"href":"https:\/\/sculptureshome.com\/pt\/wp-json\/wp\/v2\/media\/1882"}],"wp:attachment":[{"href":"https:\/\/sculptureshome.com\/pt\/wp-json\/wp\/v2\/media?parent=1883"}],"wp:term":[{"taxonomy":"product_brand","embeddable":true,"href":"https:\/\/sculptureshome.com\/pt\/wp-json\/wp\/v2\/product_brand?post=1883"},{"taxonomy":"product_cat","embeddable":true,"href":"https:\/\/sculptureshome.com\/pt\/wp-json\/wp\/v2\/product_cat?post=1883"},{"taxonomy":"product_tag","embeddable":true,"href":"https:\/\/sculptureshome.com\/pt\/wp-json\/wp\/v2\/product_tag?post=1883"}],"curies":[{"name":"wp","href":"https:\/\/api.w.org\/{rel}","templated":true}]}}