{"id":1879,"date":"2025-05-04T11:22:33","date_gmt":"2025-05-04T11:22:33","guid":{"rendered":"https:\/\/sculptureshome.com\/product\/alien-ufo-resin-gnome-sculpture-fantasy-garden-decor-indoor-outdoor-figurine-for-yard-or-patio-display\/"},"modified":"2025-05-04T12:03:14","modified_gmt":"2025-05-04T12:03:14","slug":"gnomo-de-resina-alienigena-ufo-escultura-de-fantasia-decoracao-de-jardim-estatueta-interna-e-externa-para-exibicao-no-quintal-ou-patio","status":"publish","type":"product","link":"https:\/\/sculptureshome.com\/pt\/product\/alien-ufo-resin-gnome-sculpture-fantasy-garden-decor-indoor-outdoor-figurine-for-yard-or-patio-display\/","title":{"rendered":"Alien UFO Resin Gnome Sculpture Fantasy Garden Decor Indoor Outdoor Figurine for Yard or Patio Display"},"content":{"rendered":"<ul>\n<li><strong>Material : <\/strong> Resina<\/li>\n<li><strong>Recurso : <\/strong> Ecologicamente correto<\/li>\n<li><strong>T\u00e9cnica : <\/strong> Pintado \u00e0 m\u00e3o<\/li>\n<li><strong>Forma : <\/strong> N\u00e3o<\/li>\n<li><strong>Padr\u00e3o : <\/strong> N\u00e3o<\/li>\n<li><strong>Tipo de produto : <\/strong> Estatueta<\/li>\n<li><strong>Estilo : <\/strong> Animal<\/li>\n<li><strong>Aplica\u00e7\u00e3o : <\/strong> Halloween, Decora\u00e7\u00e3o e presente de casamento, Arte e colecion\u00e1veis, Decora\u00e7\u00e3o e presente de feriados, decora\u00e7\u00e3o para casa<\/li>\n<li><strong>Local de origem : <\/strong> Guangdong, China<\/li>\n<\/ul>","protected":false},"excerpt":{"rendered":"<p>Material : Resina Caracter\u00edstica : Ecol\u00f3gico T\u00e9cnica : Pintado \u00e0 m\u00e3o Forma : N\u00e3o Padr\u00e3o : N\u00e3o Tipo de produto : Estilo da estatueta : Animal Aplica\u00e7\u00e3o : Halloween, decora\u00e7\u00e3o e presente de casamento, arte e colecion\u00e1veis, decora\u00e7\u00e3o e presente de f\u00e9rias, decora\u00e7\u00e3o de casa Local de origem : Guangdong, China<\/p>","protected":false},"featured_media":1910,"comment_status":"open","ping_status":"closed","template":"","meta":[],"product_brand":[],"product_cat":[28],"product_tag":[],"class_list":{"0":"post-1879","1":"product","2":"type-product","3":"status-publish","4":"has-post-thumbnail","6":"product_cat-resin-sculpture","8":"first","9":"instock","10":"shipping-taxable","11":"product-type-simple"},"_links":{"self":[{"href":"https:\/\/sculptureshome.com\/pt\/wp-json\/wp\/v2\/product\/1879","targetHints":{"allow":["GET"]}}],"collection":[{"href":"https:\/\/sculptureshome.com\/pt\/wp-json\/wp\/v2\/product"}],"about":[{"href":"https:\/\/sculptureshome.com\/pt\/wp-json\/wp\/v2\/types\/product"}],"replies":[{"embeddable":true,"href":"https:\/\/sculptureshome.com\/pt\/wp-json\/wp\/v2\/comments?post=1879"}],"version-history":[{"count":0,"href":"https:\/\/sculptureshome.com\/pt\/wp-json\/wp\/v2\/product\/1879\/revisions"}],"wp:featuredmedia":[{"embeddable":true,"href":"https:\/\/sculptureshome.com\/pt\/wp-json\/wp\/v2\/media\/1910"}],"wp:attachment":[{"href":"https:\/\/sculptureshome.com\/pt\/wp-json\/wp\/v2\/media?parent=1879"}],"wp:term":[{"taxonomy":"product_brand","embeddable":true,"href":"https:\/\/sculptureshome.com\/pt\/wp-json\/wp\/v2\/product_brand?post=1879"},{"taxonomy":"product_cat","embeddable":true,"href":"https:\/\/sculptureshome.com\/pt\/wp-json\/wp\/v2\/product_cat?post=1879"},{"taxonomy":"product_tag","embeddable":true,"href":"https:\/\/sculptureshome.com\/pt\/wp-json\/wp\/v2\/product_tag?post=1879"}],"curies":[{"name":"wp","href":"https:\/\/api.w.org\/{rel}","templated":true}]}}