{"id":1877,"date":"2025-05-04T11:21:22","date_gmt":"2025-05-04T11:21:22","guid":{"rendered":"https:\/\/sculptureshome.com\/product\/mini-resin-lovers-statue-figurine-kissing-posture-model-craft-sculpture\/"},"modified":"2025-05-04T12:07:05","modified_gmt":"2025-05-04T12:07:05","slug":"mini-estatueta-de-resina-para-amantes-modelo-de-escultura-de-artesanato-com-postura-de-beijo","status":"publish","type":"product","link":"https:\/\/sculptureshome.com\/pt\/product\/mini-resin-lovers-statue-figurine-kissing-posture-model-craft-sculpture\/","title":{"rendered":"Mini Resin Lovers Statue Figurine Kissing Posture Model Craft Sculpture (mini est\u00e1tua de resina para amantes)"},"content":{"rendered":"<p>&nbsp;<\/p>\n<ul>\n<li><strong>material : <\/strong> Resina<\/li>\n<li><strong>uso : <\/strong> Presentes comerciais<\/li>\n<li><strong>forma : <\/strong> FIGURA<\/li>\n<li><strong>padr\u00e3o : <\/strong> Ornamentos de personagens<\/li>\n<li><strong>ocasi\u00e3o : <\/strong> Anivers\u00e1rio, Dia da Mentira, Volta \u00e0s Aulas, Batismo, Bar Mitzvah, Anivers\u00e1rio, Ano Novo Chin\u00eas<\/li>\n<li><strong>t\u00e9cnicas : <\/strong> Artesanato em resina<\/li>\n<li><strong>especifica\u00e7\u00e3o : <\/strong> 1PC<\/li>\n<li><strong>estilo de design : <\/strong> Mini figuras abstratas<\/li>\n<li><strong>Recurso : <\/strong> Ecologicamente correto, dur\u00e1vel, feito \u00e0 m\u00e3o, art\u00edstico<\/li>\n<li><strong>Processo : <\/strong> Artesanato em resina<\/li>\n<li><strong>Instala\u00e7\u00e3o : <\/strong> Casa, sala de estar, sala modelo<\/li>\n<li><strong>Quarto recomendado : <\/strong> Geral<\/li>\n<li><strong>Uso : <\/strong> Decora\u00e7\u00f5es para casa.Presentes<\/li>\n<li><strong>Palavra-chave : <\/strong> Acess\u00f3rios para casa Pe\u00e7as de decora\u00e7\u00e3o<\/li>\n<li><strong>Material : <\/strong> Resina<\/li>\n<li><strong>Cor : <\/strong> Ouro<\/li>\n<li><strong>Tipo : <\/strong> Ornamento artesanal<\/li>\n<li><strong>Tamanho : <\/strong> 7,6*3,1*13,4cm<\/li>\n<li><strong>Design : <\/strong> Aceitar projetos personalizados<\/li>\n<li><strong>Aplica\u00e7\u00e3o : <\/strong> Hotel Casamento Restaurante Casa<\/li>\n<li><strong>Estilo : <\/strong> Mini figuras abstratas<\/li>\n<li><strong>MOQ : <\/strong> 10 unidades<\/li>\n<\/ul>","protected":false},"excerpt":{"rendered":"<p>&nbsp; material : Resin usage : Business gifts shape : FIGURE pattern : Character ornaments occasion : Anniversary, April Fool&#8217;s Day, Back to School, Baptism, Bar Mitzvah, Birthday, Chinese New Year technics : Resin handicrafts specification : 1PC design style : Mini abstract figures Feature : Eco-Friendly, Durable, handmade, Artistic Process : Resin handicrafts Installation [&hellip;]<\/p>\n","protected":false},"featured_media":1918,"comment_status":"open","ping_status":"closed","template":"","meta":[],"product_brand":[],"product_cat":[20,21,28],"product_tag":[],"class_list":{"0":"post-1877","1":"product","2":"type-product","3":"status-publish","4":"has-post-thumbnail","6":"product_cat-art-sculpture","7":"product_cat-modern-sculpture","8":"product_cat-resin-sculpture","10":"first","11":"outofstock","12":"shipping-taxable","13":"product-type-simple"},"_links":{"self":[{"href":"https:\/\/sculptureshome.com\/pt\/wp-json\/wp\/v2\/product\/1877","targetHints":{"allow":["GET"]}}],"collection":[{"href":"https:\/\/sculptureshome.com\/pt\/wp-json\/wp\/v2\/product"}],"about":[{"href":"https:\/\/sculptureshome.com\/pt\/wp-json\/wp\/v2\/types\/product"}],"replies":[{"embeddable":true,"href":"https:\/\/sculptureshome.com\/pt\/wp-json\/wp\/v2\/comments?post=1877"}],"version-history":[{"count":0,"href":"https:\/\/sculptureshome.com\/pt\/wp-json\/wp\/v2\/product\/1877\/revisions"}],"wp:featuredmedia":[{"embeddable":true,"href":"https:\/\/sculptureshome.com\/pt\/wp-json\/wp\/v2\/media\/1918"}],"wp:attachment":[{"href":"https:\/\/sculptureshome.com\/pt\/wp-json\/wp\/v2\/media?parent=1877"}],"wp:term":[{"taxonomy":"product_brand","embeddable":true,"href":"https:\/\/sculptureshome.com\/pt\/wp-json\/wp\/v2\/product_brand?post=1877"},{"taxonomy":"product_cat","embeddable":true,"href":"https:\/\/sculptureshome.com\/pt\/wp-json\/wp\/v2\/product_cat?post=1877"},{"taxonomy":"product_tag","embeddable":true,"href":"https:\/\/sculptureshome.com\/pt\/wp-json\/wp\/v2\/product_tag?post=1877"}],"curies":[{"name":"wp","href":"https:\/\/api.w.org\/{rel}","templated":true}]}}