{"id":1791,"date":"2025-05-03T06:12:25","date_gmt":"2025-05-03T06:12:25","guid":{"rendered":"https:\/\/sculptureshome.com\/product\/customized-sphere-handcraft-stainless-steel-large-metal-abstract-art-garden-sculpture-statue\/"},"modified":"2025-05-03T06:51:48","modified_gmt":"2025-05-03T06:51:48","slug":"estatua-de-escultura-de-jardim-de-arte-abstrata-de-metal-grande-em-aco-inoxidavel-artesanal","status":"publish","type":"product","link":"https:\/\/sculptureshome.com\/pt\/product\/handcraft-stainless-steel-large-metal-abstract-art-garden-sculpture-statue\/","title":{"rendered":"Escultura de jardim de arte abstrata em a\u00e7o inoxid\u00e1vel com esfera personalizada"},"content":{"rendered":"<ul>\n<li><strong>tipo : <\/strong> Outros paisagismo e decks<\/li>\n<li><strong>material : <\/strong> a\u00e7o inoxid\u00e1vel<\/li>\n<li><strong>Material : <\/strong> A\u00e7o corten<\/li>\n<li><strong>Uso : <\/strong> Jardim externo<\/li>\n<li><strong>Cor : <\/strong> Preto<\/li>\n<li><strong>Tamanho : <\/strong> Tamanho personalizado<\/li>\n<li><strong>Tipo : <\/strong> esfera para fogueira<\/li>\n<li><strong>Fun\u00e7\u00e3o : <\/strong> Presente para decora\u00e7\u00e3o de jardim<\/li>\n<li><strong>Pacote : <\/strong> Estojo de madeira<\/li>\n<li><strong>Estrutura : <\/strong> personalizado com base no desenho<\/li>\n<li><strong>Logotipo : <\/strong> dispon\u00edvel<\/li>\n<li><strong>espessura : <\/strong> 3mm-5mm<\/li>\n<\/ul>","protected":false},"excerpt":{"rendered":"<p>Tipo : Outro material de paisagismo e decora\u00e7\u00e3o: a\u00e7o inoxid\u00e1vel Material: a\u00e7o corten Uso: Jardim externo Cor: Preto Tamanho: Tamanho personalizado Tipo: esfera de fogueira Fun\u00e7\u00e3o: Decora\u00e7\u00e3o de jardim Embalagem para presente: Caixa de madeira Estrutura: personalizada com base no desenho Logotipo: dispon\u00edvel Espessura: 3mm-5mm<\/p>","protected":false},"featured_media":1800,"comment_status":"open","ping_status":"closed","template":"","meta":[],"product_brand":[],"product_cat":[49,25],"product_tag":[],"class_list":{"0":"post-1791","1":"product","2":"type-product","3":"status-publish","4":"has-post-thumbnail","6":"product_cat-custom-stainless-steel-sculpture-factory","7":"product_cat-decorative-sculpture","9":"first","10":"instock","11":"shipping-taxable","12":"product-type-simple"},"_links":{"self":[{"href":"https:\/\/sculptureshome.com\/pt\/wp-json\/wp\/v2\/product\/1791","targetHints":{"allow":["GET"]}}],"collection":[{"href":"https:\/\/sculptureshome.com\/pt\/wp-json\/wp\/v2\/product"}],"about":[{"href":"https:\/\/sculptureshome.com\/pt\/wp-json\/wp\/v2\/types\/product"}],"replies":[{"embeddable":true,"href":"https:\/\/sculptureshome.com\/pt\/wp-json\/wp\/v2\/comments?post=1791"}],"version-history":[{"count":0,"href":"https:\/\/sculptureshome.com\/pt\/wp-json\/wp\/v2\/product\/1791\/revisions"}],"wp:featuredmedia":[{"embeddable":true,"href":"https:\/\/sculptureshome.com\/pt\/wp-json\/wp\/v2\/media\/1800"}],"wp:attachment":[{"href":"https:\/\/sculptureshome.com\/pt\/wp-json\/wp\/v2\/media?parent=1791"}],"wp:term":[{"taxonomy":"product_brand","embeddable":true,"href":"https:\/\/sculptureshome.com\/pt\/wp-json\/wp\/v2\/product_brand?post=1791"},{"taxonomy":"product_cat","embeddable":true,"href":"https:\/\/sculptureshome.com\/pt\/wp-json\/wp\/v2\/product_cat?post=1791"},{"taxonomy":"product_tag","embeddable":true,"href":"https:\/\/sculptureshome.com\/pt\/wp-json\/wp\/v2\/product_tag?post=1791"}],"curies":[{"name":"wp","href":"https:\/\/api.w.org\/{rel}","templated":true}]}}