{"id":1787,"date":"2025-05-03T06:09:54","date_gmt":"2025-05-03T06:09:54","guid":{"rendered":"https:\/\/sculptureshome.com\/product\/vincentaa-large-modern-mirror-polished-circle-sculpture-garden-decoration-stainless-steel-sculpture\/"},"modified":"2025-05-03T07:12:37","modified_gmt":"2025-05-03T07:12:37","slug":"escultura-circular-grande-e-moderna-com-espelho-polido","status":"publish","type":"product","link":"https:\/\/sculptureshome.com\/pt\/product\/large-modern-mirror-polished-circle-sculpture\/","title":{"rendered":"Escultura grande e moderna em a\u00e7o inoxid\u00e1vel com c\u00edrculo polido espelhado"},"content":{"rendered":"<ul>\n<li><strong>Material : <\/strong> A\u00e7o inoxid\u00e1vel, a\u00e7o inoxid\u00e1vel<\/li>\n<li><strong>Forma : <\/strong> Personalizado<\/li>\n<li><strong>Revestimento : <\/strong> Pintura<\/li>\n<li><strong>Impress\u00e3o : <\/strong> Impress\u00e3o tipogr\u00e1fica<\/li>\n<li><strong>Tipo de produto : <\/strong> ESCULTURA<\/li>\n<li><strong>T\u00e9cnica : <\/strong> Pintado<\/li>\n<li><strong>Estilo : <\/strong> Patriotismo<\/li>\n<li><strong>Aplica\u00e7\u00e3o : <\/strong> Ao ar livre<\/li>\n<li><strong>N\u00famero do modelo : <\/strong> GAD-03<\/li>\n<li><strong>Nome do produto : <\/strong> escultura externa de a\u00e7o inoxid\u00e1vel<\/li>\n<li><strong>Tamanho : <\/strong> D250CM, D300CM<\/li>\n<li><strong>Cor : <\/strong> prata<\/li>\n<li><strong>Peso : <\/strong> 500 kg<\/li>\n<li><strong>MOQ : <\/strong> 1 pe\u00e7a<\/li>\n<li><strong>Servi\u00e7o 3 : <\/strong> Per\u00edodo de garantia de 30 anos<\/li>\n<li><strong>Servi\u00e7o 1 : <\/strong> Servi\u00e7o da equipe de designers com voc\u00ea<\/li>\n<li><strong>Servi\u00e7o 2 : <\/strong> Servi\u00e7o de entrega porta a porta<\/li>\n<\/ul>","protected":false},"excerpt":{"rendered":"<p>Material : Stainless Steel, stainless steel Shape : Customized Plating : Painting Printing : Letterpress printing Product Type : SCULPTURE Technique : Painted Style : Patriotism Application : Outdoor Model Number : GAD-03 Product Name : sculpture outdoor stainless steel Size : D250CM, D300CM Color : silver Weight : 500kg MOQ : 1 Piece Service [&hellip;]<\/p>\n","protected":false},"featured_media":1823,"comment_status":"open","ping_status":"closed","template":"","meta":[],"product_brand":[],"product_cat":[26,49],"product_tag":[],"class_list":{"0":"post-1787","1":"product","2":"type-product","3":"status-publish","4":"has-post-thumbnail","6":"product_cat-landscape-sculpture","7":"product_cat-custom-stainless-steel-sculpture-factory","9":"first","10":"instock","11":"shipping-taxable","12":"product-type-simple"},"_links":{"self":[{"href":"https:\/\/sculptureshome.com\/pt\/wp-json\/wp\/v2\/product\/1787","targetHints":{"allow":["GET"]}}],"collection":[{"href":"https:\/\/sculptureshome.com\/pt\/wp-json\/wp\/v2\/product"}],"about":[{"href":"https:\/\/sculptureshome.com\/pt\/wp-json\/wp\/v2\/types\/product"}],"replies":[{"embeddable":true,"href":"https:\/\/sculptureshome.com\/pt\/wp-json\/wp\/v2\/comments?post=1787"}],"version-history":[{"count":0,"href":"https:\/\/sculptureshome.com\/pt\/wp-json\/wp\/v2\/product\/1787\/revisions"}],"wp:featuredmedia":[{"embeddable":true,"href":"https:\/\/sculptureshome.com\/pt\/wp-json\/wp\/v2\/media\/1823"}],"wp:attachment":[{"href":"https:\/\/sculptureshome.com\/pt\/wp-json\/wp\/v2\/media?parent=1787"}],"wp:term":[{"taxonomy":"product_brand","embeddable":true,"href":"https:\/\/sculptureshome.com\/pt\/wp-json\/wp\/v2\/product_brand?post=1787"},{"taxonomy":"product_cat","embeddable":true,"href":"https:\/\/sculptureshome.com\/pt\/wp-json\/wp\/v2\/product_cat?post=1787"},{"taxonomy":"product_tag","embeddable":true,"href":"https:\/\/sculptureshome.com\/pt\/wp-json\/wp\/v2\/product_tag?post=1787"}],"curies":[{"name":"wp","href":"https:\/\/api.w.org\/{rel}","templated":true}]}}